{"id":3209,"date":"2024-06-19T16:01:56","date_gmt":"2024-06-19T14:01:56","guid":{"rendered":"https:\/\/rubens-antwerpen.be\/home\/est\/eglise-saint-jacques\/"},"modified":"2025-06-19T17:24:58","modified_gmt":"2025-06-19T15:24:58","slug":"eglise-saint-jacques","status":"publish","type":"page","link":"https:\/\/rubens-antwerpen.be\/fr\/home\/est\/eglise-saint-jacques\/","title":{"rendered":"\u00c9glise Saint-Jacques"},"content":{"rendered":"\t\t<div data-elementor-type=\"wp-page\" data-elementor-id=\"3209\" class=\"elementor elementor-3209 elementor-923\">\n\t\t\t\t<div class=\"elementor-element elementor-element-ad42995 e-flex e-con-boxed e-con e-parent\" data-id=\"ad42995\" data-element_type=\"container\" data-e-type=\"container\">\n\t\t\t\t\t<div class=\"e-con-inner\">\n\t\t\t\t<div class=\"elementor-element elementor-element-dbf73d7 elementor-widget elementor-widget-heading\" data-id=\"dbf73d7\" data-element_type=\"widget\" data-e-type=\"widget\" data-widget_type=\"heading.default\">\n\t\t\t\t<div class=\"elementor-widget-container\">\n\t\t\t\t\t<h2 class=\"elementor-heading-title elementor-size-default\">Sint-Jacobsstraat (rue St. Jacques) : \u00e9glise St. Jacques<\/h2>\t\t\t\t<\/div>\n\t\t\t\t<\/div>\n\t\t\t\t\t<\/div>\n\t\t\t\t<\/div>\n\t\t<div class=\"elementor-element elementor-element-cd43e8c e-flex e-con-boxed e-con e-parent\" data-id=\"cd43e8c\" data-element_type=\"container\" data-e-type=\"container\">\n\t\t\t\t\t<div class=\"e-con-inner\">\n\t\t\t\t<div class=\"elementor-element elementor-element-f252bad elementor-widget elementor-widget-text-editor\" data-id=\"f252bad\" data-element_type=\"widget\" data-e-type=\"widget\" data-widget_type=\"text-editor.default\">\n\t\t\t\t<div class=\"elementor-widget-container\">\n\t\t\t\t\t\t\t\t\t<ul>\n<li style=\"text-align: justify;\">\n<figure id=\"attachment_2137\" aria-describedby=\"caption-attachment-2137\" style=\"width: 200px\" class=\"wp-caption alignleft\"><a href=\"http:\/\/rubens-antwerpen.be\/wp-content\/uploads\/240P-Sint-Jacobskerk.jpg\"><img fetchpriority=\"high\" decoding=\"async\" class=\"wp-image-585 size-medium\" src=\"http:\/\/rubens-antwerpen.be\/wp-content\/uploads\/240P-Sint-Jacobskerk-200x300.jpg\" alt=\"\" width=\"200\" height=\"300\" srcset=\"https:\/\/rubens-antwerpen.be\/wp-content\/uploads\/240P-Sint-Jacobskerk-200x300.jpg 200w, https:\/\/rubens-antwerpen.be\/wp-content\/uploads\/240P-Sint-Jacobskerk.jpg 682w\" sizes=\"(max-width: 200px) 100vw, 200px\" \/><\/a><figcaption id=\"caption-attachment-2137\" class=\"wp-caption-text\">L&rsquo;\u00e9glise Saint-Jacques<br \/>Chapelle fun\u00e9raire de P.P. Rubens<\/figcaption><\/figure>\n<p style=\"text-align: justify;\"><span style=\"color: #008000;\"><strong>Suite: Chapelle fun\u00e9raire de Peter Paul Rubens (temporairement en ligne)<\/strong><\/span><\/p>\n<\/li>\n<li style=\"text-align: justify;\"><strong><a href=\"https:\/\/topa.be\/fr\/sint-jacob\/beschrijving\/grafkapellen\/\" target=\"_blank\" rel=\"noopener\">https:\/\/topa.be\/fr\/sint-jacob\/beschrijving\/grafkapellen\/<\/a> &gt; La chapelle Notre-Dame de la famille Rubens<\/strong><\/li>\n<\/ul>\n<hr \/>\n<p><\/p>\n<p style=\"text-align: justify;\"><em>En 2021, l&rsquo;Institut royal du Patrimoine artistique a lanc\u00e9 une nouvelle initiative, le Challenge Patrimoine, un scrutin populaire qui a permis \u00e0 pr\u00e8s de 12 000 personnes de choisir leur projet de restauration pr\u00e9f\u00e9r\u00e9. C&rsquo;est la chapelle fun\u00e9raire de Rubens qui a \u00e9t\u00e9 la premi\u00e8re laur\u00e9ate ! <\/em><\/p>\n<p><\/p>\n<p style=\"text-align: justify;\">Apr\u00e8s avoir trouv\u00e9 l\u2019entr\u00e9e et franchi la porte, d&rsquo;autres surprises vous attendent: imm\u00e9diatement, l&rsquo;agitation de la ville c\u00e8de \u00e0 un sentiment de calme. Les grandes dimensions en largeur et en hauteur affichent des proportions harmonieuses; ceux qui y sont sensibles, se sentiront \u00e9lev\u00e9s plut\u00f4t que d\u00e9prim\u00e9s.<\/p>\n<p><\/p>\n<p style=\"text-align: justify;\">D\u00e8s que l&rsquo;\u00e9glise Saint-Jacques, avec la chapelle fun\u00e9raire de Rubens, sera enti\u00e8rement accessible, nous inclurons cette pause importante dans notre programme de promenade. En attendant, vous pouvez regarder sa \u2018<em>Madone entour\u00e9e des saints\u2019<\/em> sur notre page <em>web.<\/em><\/p>\n<p><\/p>\n<p style=\"text-align: justify;\">Par la proximit\u00e9 de sa maison sur le Wapper, celle-ci \u00e9tait devenue son \u00e9glise paroissiale: le cadet d&rsquo;Isabelle Brant et les cinq enfants de son second mariage y ont \u00e9t\u00e9 baptis\u00e9s, sur les fonts qui datent de 1624, donc vraiment de l&rsquo;\u00e9poque de Rubens !<\/p>\n<p><\/p>\n<p style=\"text-align: justify;\">La famille est \u00e9galement rest\u00e9e r\u00e9unie apr\u00e8s les d\u00e9c\u00e8s: H\u00e9l\u00e8ne Fourment, morte \u00e0 l&rsquo;\u00e2ge de 59 ans en 1673, \u00ab<em> par une longue et f\u00e2cheuse maladie <\/em>\u00bb (en fran\u00e7ais dans le texte), a voulu \u00eatre enterr\u00e9e dans la chapelle fun\u00e9raire de Pierre Paul Rubens, et non pas avec son second mari. Sa fille Clara Johanna l\u2019a suivi dans cette tombe en 1689 et le mari de cette derni\u00e8re en 1699.<\/p>\n<p><\/p>\n<p style=\"text-align: justify;\">Dans le bas-c\u00f4t\u00e9 sud de cette \u00e9glise, contre le mur d&rsquo;un pilier supportant la tour, vous trouverez \u00e9galement le couple Hendrick van Balen, patron d&rsquo;Anthony van Dyck, et Margaretha Briers; leur s\u00e9pulture est accompagn\u00e9e de son propre tableau \u2018<em>R\u00e9surrection du Christ\u2019<\/em>.<\/p>\n<p><\/p>\n<hr \/>\n<p><\/p>\n<p style=\"text-align: justify;\">Le tableau de Jordaens, <em>\u2018L&rsquo;appel de Pierre\u2019<\/em> est expos\u00e9 temporairement dans la maison Snijders&amp;Rockox, sur notre itin\u00e9raire Nord.<\/p>\n<p><\/p>\n<hr \/>\n<p><\/p>\n<p style=\"text-align: justify;\"><span style=\"color: #008000;\"><strong>L&rsquo;itin\u00e9raire Est continue : quittez l\u2019\u00e9glise, tournez \u00e0 droite et de nouveau \u00e0 droite sur la Sint-Jacobsmarkt\/March\u00e9 Saint-Jacques, jusqu&rsquo;\u00e0 la gauche vers la Korte Sint-Annastraat\/Courte rue Sainte-Anne. Par le quartier \u00e9tudiant vous traversez l&rsquo;Ossenmarkt\/March\u00e9 aux B\u0153ufs jusqu&rsquo;\u00e0 la Rodestraat\/rue Rouge, \u00e0 l&rsquo;entr\u00e9e du <a href=\"https:\/\/rubens-antwerpen.be\/fr\/home\/est\/eglise-du-beguinage\/\">b\u00e9guinage d&rsquo;Anvers<\/a>. <\/strong><\/span><\/p>\n\t\t\t\t\t\t\t\t<\/div>\n\t\t\t\t<\/div>\n\t\t\t\t\t<\/div>\n\t\t\t\t<\/div>\n\t\t\t\t<\/div>\n\t\t","protected":false},"excerpt":{"rendered":"<p>Sint-Jacobsstraat (rue St. Jacques) : \u00e9glise St. Jacques Suite: Chapelle fun\u00e9raire de Peter Paul Rubens (temporairement en ligne) https:\/\/topa.be\/fr\/sint-jacob\/beschrijving\/grafkapellen\/ &gt; [&hellip;]<\/p>\n","protected":false},"author":1,"featured_media":0,"parent":3193,"menu_order":240,"comment_status":"closed","ping_status":"closed","template":"","meta":{"site-sidebar-layout":"no-sidebar","site-content-layout":"","ast-site-content-layout":"full-width-container","site-content-style":"default","site-sidebar-style":"default","ast-global-header-display":"","ast-banner-title-visibility":"","ast-main-header-display":"","ast-hfb-above-header-display":"","ast-hfb-below-header-display":"","ast-hfb-mobile-header-display":"","site-post-title":"disabled","ast-breadcrumbs-content":"","ast-featured-img":"disabled","footer-sml-layout":"","ast-disable-related-posts":"","theme-transparent-header-meta":"","adv-header-id-meta":"","stick-header-meta":"","header-above-stick-meta":"","header-main-stick-meta":"","header-below-stick-meta":"","astra-migrate-meta-layouts":"default","ast-page-background-enabled":"default","ast-page-background-meta":{"desktop":{"background-color":"var(--ast-global-color-4)","background-image":"","background-repeat":"repeat","background-position":"center center","background-size":"auto","background-attachment":"scroll","background-type":"","background-media":"","overlay-type":"","overlay-color":"","overlay-opacity":"","overlay-gradient":""},"tablet":{"background-color":"","background-image":"","background-repeat":"repeat","background-position":"center center","background-size":"auto","background-attachment":"scroll","background-type":"","background-media":"","overlay-type":"","overlay-color":"","overlay-opacity":"","overlay-gradient":""},"mobile":{"background-color":"","background-image":"","background-repeat":"repeat","background-position":"center center","background-size":"auto","background-attachment":"scroll","background-type":"","background-media":"","overlay-type":"","overlay-color":"","overlay-opacity":"","overlay-gradient":""}},"ast-content-background-meta":{"desktop":{"background-color":"var(--ast-global-color-5)","background-image":"","background-repeat":"repeat","background-position":"center center","background-size":"auto","background-attachment":"scroll","background-type":"","background-media":"","overlay-type":"","overlay-color":"","overlay-opacity":"","overlay-gradient":""},"tablet":{"background-color":"var(--ast-global-color-5)","background-image":"","background-repeat":"repeat","background-position":"center center","background-size":"auto","background-attachment":"scroll","background-type":"","background-media":"","overlay-type":"","overlay-color":"","overlay-opacity":"","overlay-gradient":""},"mobile":{"background-color":"var(--ast-global-color-5)","background-image":"","background-repeat":"repeat","background-position":"center center","background-size":"auto","background-attachment":"scroll","background-type":"","background-media":"","overlay-type":"","overlay-color":"","overlay-opacity":"","overlay-gradient":""}},"footnotes":""},"class_list":["post-3209","page","type-page","status-publish","hentry"],"aioseo_notices":[],"_links":{"self":[{"href":"https:\/\/rubens-antwerpen.be\/fr\/wp-json\/wp\/v2\/pages\/3209","targetHints":{"allow":["GET"]}}],"collection":[{"href":"https:\/\/rubens-antwerpen.be\/fr\/wp-json\/wp\/v2\/pages"}],"about":[{"href":"https:\/\/rubens-antwerpen.be\/fr\/wp-json\/wp\/v2\/types\/page"}],"author":[{"embeddable":true,"href":"https:\/\/rubens-antwerpen.be\/fr\/wp-json\/wp\/v2\/users\/1"}],"replies":[{"embeddable":true,"href":"https:\/\/rubens-antwerpen.be\/fr\/wp-json\/wp\/v2\/comments?post=3209"}],"version-history":[{"count":8,"href":"https:\/\/rubens-antwerpen.be\/fr\/wp-json\/wp\/v2\/pages\/3209\/revisions"}],"predecessor-version":[{"id":5488,"href":"https:\/\/rubens-antwerpen.be\/fr\/wp-json\/wp\/v2\/pages\/3209\/revisions\/5488"}],"up":[{"embeddable":true,"href":"https:\/\/rubens-antwerpen.be\/fr\/wp-json\/wp\/v2\/pages\/3193"}],"wp:attachment":[{"href":"https:\/\/rubens-antwerpen.be\/fr\/wp-json\/wp\/v2\/media?parent=3209"}],"curies":[{"name":"wp","href":"https:\/\/api.w.org\/{rel}","templated":true}]}}