{"id":3215,"date":"2024-04-09T15:41:21","date_gmt":"2024-04-09T13:41:21","guid":{"rendered":"https:\/\/rubens-antwerpen.be\/home\/nord\/maison-snijdersrockox\/"},"modified":"2025-08-08T17:17:58","modified_gmt":"2025-08-08T15:17:58","slug":"maison-snijdersrockox","status":"publish","type":"page","link":"https:\/\/rubens-antwerpen.be\/fr\/home\/nord\/maison-snijdersrockox\/","title":{"rendered":"Maison Snijders&#038;Rockox"},"content":{"rendered":"\t\t<div data-elementor-type=\"wp-page\" data-elementor-id=\"3215\" class=\"elementor elementor-3215 elementor-159\">\n\t\t\t\t<div class=\"elementor-element elementor-element-ad42995 e-flex e-con-boxed e-con e-parent\" data-id=\"ad42995\" data-element_type=\"container\" data-e-type=\"container\">\n\t\t\t\t\t<div class=\"e-con-inner\">\n\t\t\t\t<div class=\"elementor-element elementor-element-dbf73d7 elementor-widget elementor-widget-heading\" data-id=\"dbf73d7\" data-element_type=\"widget\" data-e-type=\"widget\" data-widget_type=\"heading.default\">\n\t\t\t\t<div class=\"elementor-widget-container\">\n\t\t\t\t\t<h2 class=\"elementor-heading-title elementor-size-default\">Keizerstraat (rue de l\u2019Empereur) : Maison Snijders&amp;Rockox <\/h2>\t\t\t\t<\/div>\n\t\t\t\t<\/div>\n\t\t\t\t\t<\/div>\n\t\t\t\t<\/div>\n\t\t<div class=\"elementor-element elementor-element-12285ff e-flex e-con-boxed e-con e-parent\" data-id=\"12285ff\" data-element_type=\"container\" data-e-type=\"container\">\n\t\t\t\t\t<div class=\"e-con-inner\">\n\t\t\t\t<div class=\"elementor-element elementor-element-9014365 elementor-widget elementor-widget-text-editor\" data-id=\"9014365\" data-element_type=\"widget\" data-e-type=\"widget\" data-widget_type=\"text-editor.default\">\n\t\t\t\t<div class=\"elementor-widget-container\">\n\t\t\t\t\t\t\t\t\t<figure id=\"attachment_2164\" aria-describedby=\"caption-attachment-2164\" style=\"width: 237px\" class=\"wp-caption alignleft\"><a href=\"https:\/\/rubens-antwerpen.be\/wp-content\/uploads\/\/310P-Snijders-Rockocxhuis-237x300.jpg\"><img fetchpriority=\"high\" decoding=\"async\" class=\"wp-image-594 size-medium\" src=\"https:\/\/rubens-antwerpen.be\/wp-content\/uploads\/\/310P-Snijders-Rockocxhuis-237x300.jpg\" alt=\"\" width=\"237\" height=\"300\" srcset=\"https:\/\/rubens-antwerpen.be\/wp-content\/uploads\/310P-Snijders-Rockocxhuis-237x300.jpg 237w, https:\/\/rubens-antwerpen.be\/wp-content\/uploads\/310P-Snijders-Rockocxhuis-768x971.jpg 768w, https:\/\/rubens-antwerpen.be\/wp-content\/uploads\/310P-Snijders-Rockocxhuis.jpg 810w\" sizes=\"(max-width: 237px) 100vw, 237px\" \/><\/a><figcaption id=\"caption-attachment-2164\" class=\"wp-caption-text\">Nicolaas Rockox<br \/>(Otto van Veen)<\/figcaption><\/figure>\n<p style=\"text-align: justify;\"><em>Ceux qui pouvaient se permettre d&rsquo;imiter les grands seigneurs aimaient s&rsquo;entourer d&rsquo;art, comme en t\u00e9moigne la maison de Nicolas Rockox. Les repr\u00e9sentations de \u2018Kunstkammer\u2019, , id\u00e9alis\u00e9es mais fid\u00e8les permettent la reconstruction de leurs salons d\u2019art. une &lsquo;Kunstkammer&rsquo;.<\/em><\/p>\n<p><\/p>\n<hr \/>\n<p><\/p>\n<p style=\"text-align: justify;\">Pour visiter les lieux auxquels les peintures \u00e9taient destin\u00e9es \u00e0 l&rsquo;origine, nous ne pouvons pas nous passer des \u00e9glises pour les sc\u00e8nes religieuses.<\/p>\n<p><\/p>\n<p style=\"text-align: justify;\">Le concept de \u2018mus\u00e9e\u2019 en tant qu&rsquo;espace public n&rsquo;existait pas encore au 17e si\u00e8cle. Ceux qui pouvaient se permettre d&rsquo;imiter les grands seigneurs aimaient s&rsquo;entourer de l&rsquo;art contemporain de leur \u00e9poque. En ce qui concerne le bourgmestre Nicolas Rockox, sa maison historique reconstruite en t\u00e9moigne; son portrait de la main d\u2019Otto Van Veen nous y accueille.<\/p>\n<p><\/p>\n<p style=\"text-align: justify;\">M\u00eame si un grand nombre de ses \u0153uvres d&rsquo;art inventori\u00e9es ne sont plus sur place, la Maison Snijders&amp;Rockox a essay\u00e9 &#8211; <sub>\u00a0<\/sub>avec succ\u00e8s &#8211; d&rsquo;\u00e9voquer l\u2019ambiance originale au moyen de pi\u00e8ces authentiques qui nous permettent \u00e9galement d&rsquo;admirer les ma\u00eetres et les \u00e9l\u00e8ves c\u00f4te \u00e0 c\u00f4te.<\/p>\n<p><\/p>\n<p style=\"text-align: justify;\">La collection nous montre les portraits officiels des archiducs Albert et Isabelle, peints par Rubens et son propre portrait grav\u00e9. Anthony van Dyck a peint son coll\u00e8gue Frans Snijders et l&rsquo;\u00e9v\u00eaque Joannes Malderus (toile en pr\u00eat); Joos de Momper II fait des sc\u00e8nes de paysage le sujet r\u00e9el au lieu de le faire servir en arri\u00e8re-plan comme pi\u00e8ce de d\u00e9cor. Nous aimerions examiner avec vous quelques \u00e9tudes de portrait.<\/p>\n\t\t\t\t\t\t\t\t<\/div>\n\t\t\t\t<\/div>\n\t\t\t\t\t<\/div>\n\t\t\t\t<\/div>\n\t\t<div class=\"elementor-element elementor-element-ef53fce e-flex e-con-boxed e-con e-parent\" data-id=\"ef53fce\" data-element_type=\"container\" data-e-type=\"container\">\n\t\t\t\t\t<div class=\"e-con-inner\">\n\t\t<div class=\"elementor-element elementor-element-90bf9b3 e-con-full e-flex e-con e-child\" data-id=\"90bf9b3\" data-element_type=\"container\" data-e-type=\"container\">\n\t\t\t\t<div class=\"elementor-element elementor-element-4242ce1 elementor-widget elementor-widget-image\" data-id=\"4242ce1\" data-element_type=\"widget\" data-e-type=\"widget\" data-widget_type=\"image.default\">\n\t\t\t\t<div class=\"elementor-widget-container\">\n\t\t\t\t\t\t\t\t\t\t\t\t\t\t\t\t<a href=\"https:\/\/www.rubens-antwerpen.be\/wp-content\/uploads\/311P-SRH-AVD-Portretstudie.jpg%20\">\n\t\t\t\t\t\t\t<img decoding=\"async\" width=\"300\" height=\"300\" src=\"https:\/\/rubens-antwerpen.be\/wp-content\/uploads\/311Z-SRH-AVD-Portretstudie.jpg\" class=\"attachment-medium size-medium wp-image-2179\" alt=\"\" srcset=\"https:\/\/rubens-antwerpen.be\/wp-content\/uploads\/311Z-SRH-AVD-Portretstudie.jpg 300w, https:\/\/rubens-antwerpen.be\/wp-content\/uploads\/311Z-SRH-AVD-Portretstudie-150x150.jpg 150w\" sizes=\"(max-width: 300px) 100vw, 300px\" \/>\t\t\t\t\t\t\t\t<\/a>\n\t\t\t\t\t\t\t\t\t\t\t\t\t\t\t<\/div>\n\t\t\t\t<\/div>\n\t\t\t\t<div class=\"elementor-element elementor-element-da763aa elementor-widget elementor-widget-text-editor\" data-id=\"da763aa\" data-element_type=\"widget\" data-e-type=\"widget\" data-widget_type=\"text-editor.default\">\n\t\t\t\t<div class=\"elementor-widget-container\">\n\t\t\t\t\t\t\t\t\t<p style=\"text-align: center;\"><a href=\"https:\/\/rubens-antwerpen.be\/fr\/home\/nord\/maison-snijdersrockox\/antoon-van-dyck-etude-de-portrait\/\">Antoon van Dyck:\r\n\u00c9tude de portrait<\/a><\/p><br><audio class=\"wp-audio-shortcode\" id=\"audio-3215-1\" preload=\"none\" style=\"width: 100%;\" controls=\"controls\"><source type=\"audio\/mpeg\" src=\"http:\/\/rubens-antwerpen.be\/wp-content\/uploads\/311F-AVD-Portretstudie.mp3?_=1\" \/><a href=\"http:\/\/rubens-antwerpen.be\/wp-content\/uploads\/311F-AVD-Portretstudie.mp3\">http:\/\/rubens-antwerpen.be\/wp-content\/uploads\/311F-AVD-Portretstudie.mp3<\/a><\/audio>\t\t\t\t\t\t\t\t<\/div>\n\t\t\t\t<\/div>\n\t\t\t\t<\/div>\n\t\t<div class=\"elementor-element elementor-element-9f6b45c e-con-full e-flex e-con e-child\" data-id=\"9f6b45c\" data-element_type=\"container\" data-e-type=\"container\">\n\t\t\t\t<div class=\"elementor-element elementor-element-380c768 elementor-widget elementor-widget-image\" data-id=\"380c768\" data-element_type=\"widget\" data-e-type=\"widget\" data-widget_type=\"image.default\">\n\t\t\t\t<div class=\"elementor-widget-container\">\n\t\t\t\t\t\t\t\t\t\t\t\t\t\t\t\t<a href=\"https:\/\/www.rubens-antwerpen.be\/wp-content\/uploads\/312P-SRH-JJO-Oude-vrouw.jpg%20\">\n\t\t\t\t\t\t\t<img decoding=\"async\" width=\"300\" height=\"300\" src=\"https:\/\/rubens-antwerpen.be\/wp-content\/uploads\/312Z-SRH-JJO-Oude-vrouw.jpg\" class=\"attachment-medium size-medium wp-image-2188\" alt=\"\" srcset=\"https:\/\/rubens-antwerpen.be\/wp-content\/uploads\/312Z-SRH-JJO-Oude-vrouw.jpg 300w, https:\/\/rubens-antwerpen.be\/wp-content\/uploads\/312Z-SRH-JJO-Oude-vrouw-150x150.jpg 150w\" sizes=\"(max-width: 300px) 100vw, 300px\" \/>\t\t\t\t\t\t\t\t<\/a>\n\t\t\t\t\t\t\t\t\t\t\t\t\t\t\t<\/div>\n\t\t\t\t<\/div>\n\t\t\t\t<div class=\"elementor-element elementor-element-e00def2 elementor-widget elementor-widget-text-editor\" data-id=\"e00def2\" data-element_type=\"widget\" data-e-type=\"widget\" data-widget_type=\"text-editor.default\">\n\t\t\t\t<div class=\"elementor-widget-container\">\n\t\t\t\t\t\t\t\t\t<p style=\"text-align: center;\"><a href=\"https:\/\/rubens-antwerpen.be\/fr\/home\/nord\/maison-snijdersrockox\/jacob-jordaens-etude-dune-vieille-femme\/\">Jacques Jordaens:\r\n\u00c9tude d&rsquo;une vieille femme<\/a><\/p><br><audio class=\"wp-audio-shortcode\" id=\"audio-3215-2\" preload=\"none\" style=\"width: 100%;\" controls=\"controls\"><source type=\"audio\/mpeg\" src=\"http:\/\/rubens-antwerpen.be\/wp-content\/uploads\/312F-JJO-OudeVrouw.mp3?_=2\" \/><a href=\"http:\/\/rubens-antwerpen.be\/wp-content\/uploads\/312F-JJO-OudeVrouw.mp3\">http:\/\/rubens-antwerpen.be\/wp-content\/uploads\/312F-JJO-OudeVrouw.mp3<\/a><\/audio>\t\t\t\t\t\t\t\t<\/div>\n\t\t\t\t<\/div>\n\t\t\t\t<\/div>\n\t\t<div class=\"elementor-element elementor-element-0940ae0 e-con-full e-flex e-con e-child\" data-id=\"0940ae0\" data-element_type=\"container\" data-e-type=\"container\">\n\t\t\t\t<div class=\"elementor-element elementor-element-058fc1a elementor-widget elementor-widget-image\" data-id=\"058fc1a\" data-element_type=\"widget\" data-e-type=\"widget\" data-widget_type=\"image.default\">\n\t\t\t\t<div class=\"elementor-widget-container\">\n\t\t\t\t\t\t\t\t\t\t\t\t\t\t\t\t<a href=\"https:\/\/www.rubens-antwerpen.be\/wp-content\/uploads\/313P-SRH-JJO-Roeping-Petrus.jpg%20\">\n\t\t\t\t\t\t\t<img loading=\"lazy\" decoding=\"async\" width=\"300\" height=\"300\" src=\"https:\/\/rubens-antwerpen.be\/wp-content\/uploads\/313Z-SRH-JJO-Roeping-Petrus.jpg\" class=\"attachment-medium size-medium wp-image-2197\" alt=\"\" srcset=\"https:\/\/rubens-antwerpen.be\/wp-content\/uploads\/313Z-SRH-JJO-Roeping-Petrus.jpg 300w, https:\/\/rubens-antwerpen.be\/wp-content\/uploads\/313Z-SRH-JJO-Roeping-Petrus-150x150.jpg 150w\" sizes=\"(max-width: 300px) 100vw, 300px\" \/>\t\t\t\t\t\t\t\t<\/a>\n\t\t\t\t\t\t\t\t\t\t\t\t\t\t\t<\/div>\n\t\t\t\t<\/div>\n\t\t\t\t<div class=\"elementor-element elementor-element-c8249b8 elementor-widget elementor-widget-text-editor\" data-id=\"c8249b8\" data-element_type=\"widget\" data-e-type=\"widget\" data-widget_type=\"text-editor.default\">\n\t\t\t\t<div class=\"elementor-widget-container\">\n\t\t\t\t\t\t\t\t\t<p style=\"text-align: center;\"><a href=\"https:\/\/rubens-antwerpen.be\/fr\/home\/nord\/maison-snijdersrockox\/jacob-jordaens-lappel-de-pierre\/\">Jacques Jordaens:\r\nL&rsquo;appel de Pierre<\/a><\/p><br><audio class=\"wp-audio-shortcode\" id=\"audio-3215-3\" preload=\"none\" style=\"width: 100%;\" controls=\"controls\"><source type=\"audio\/mpeg\" src=\"http:\/\/rubens-antwerpen.be\/wp-content\/uploads\/313F-JJO-RoepingVanPetrus.mp3?_=3\" \/><a href=\"http:\/\/rubens-antwerpen.be\/wp-content\/uploads\/313F-JJO-RoepingVanPetrus.mp3\">http:\/\/rubens-antwerpen.be\/wp-content\/uploads\/313F-JJO-RoepingVanPetrus.mp3<\/a><\/audio>\t\t\t\t\t\t\t\t<\/div>\n\t\t\t\t<\/div>\n\t\t\t\t<\/div>\n\t\t<div class=\"elementor-element elementor-element-17fde90 e-con-full e-flex e-con e-child\" data-id=\"17fde90\" data-element_type=\"container\" data-e-type=\"container\">\n\t\t\t\t<\/div>\n\t\t\t\t\t<\/div>\n\t\t\t\t<\/div>\n\t\t\t\t<\/div>\n\t\t","protected":false},"excerpt":{"rendered":"<p>Keizerstraat (rue de l\u2019Empereur) : Maison Snijders&amp;Rockox Ceux qui pouvaient se permettre d&rsquo;imiter les grands seigneurs aimaient s&rsquo;entourer d&rsquo;art, comme [&hellip;]<\/p>\n","protected":false},"author":1,"featured_media":0,"parent":3213,"menu_order":310,"comment_status":"closed","ping_status":"closed","template":"","meta":{"site-sidebar-layout":"no-sidebar","site-content-layout":"","ast-site-content-layout":"full-width-container","site-content-style":"default","site-sidebar-style":"default","ast-global-header-display":"","ast-banner-title-visibility":"","ast-main-header-display":"","ast-hfb-above-header-display":"","ast-hfb-below-header-display":"","ast-hfb-mobile-header-display":"","site-post-title":"disabled","ast-breadcrumbs-content":"","ast-featured-img":"disabled","footer-sml-layout":"","ast-disable-related-posts":"","theme-transparent-header-meta":"","adv-header-id-meta":"","stick-header-meta":"","header-above-stick-meta":"","header-main-stick-meta":"","header-below-stick-meta":"","astra-migrate-meta-layouts":"default","ast-page-background-enabled":"default","ast-page-background-meta":{"desktop":{"background-color":"var(--ast-global-color-4)","background-image":"","background-repeat":"repeat","background-position":"center center","background-size":"auto","background-attachment":"scroll","background-type":"","background-media":"","overlay-type":"","overlay-color":"","overlay-opacity":"","overlay-gradient":""},"tablet":{"background-color":"","background-image":"","background-repeat":"repeat","background-position":"center center","background-size":"auto","background-attachment":"scroll","background-type":"","background-media":"","overlay-type":"","overlay-color":"","overlay-opacity":"","overlay-gradient":""},"mobile":{"background-color":"","background-image":"","background-repeat":"repeat","background-position":"center center","background-size":"auto","background-attachment":"scroll","background-type":"","background-media":"","overlay-type":"","overlay-color":"","overlay-opacity":"","overlay-gradient":""}},"ast-content-background-meta":{"desktop":{"background-color":"var(--ast-global-color-5)","background-image":"","background-repeat":"repeat","background-position":"center center","background-size":"auto","background-attachment":"scroll","background-type":"","background-media":"","overlay-type":"","overlay-color":"","overlay-opacity":"","overlay-gradient":""},"tablet":{"background-color":"var(--ast-global-color-5)","background-image":"","background-repeat":"repeat","background-position":"center center","background-size":"auto","background-attachment":"scroll","background-type":"","background-media":"","overlay-type":"","overlay-color":"","overlay-opacity":"","overlay-gradient":""},"mobile":{"background-color":"var(--ast-global-color-5)","background-image":"","background-repeat":"repeat","background-position":"center center","background-size":"auto","background-attachment":"scroll","background-type":"","background-media":"","overlay-type":"","overlay-color":"","overlay-opacity":"","overlay-gradient":""}},"footnotes":""},"class_list":["post-3215","page","type-page","status-publish","hentry"],"aioseo_notices":[],"_links":{"self":[{"href":"https:\/\/rubens-antwerpen.be\/fr\/wp-json\/wp\/v2\/pages\/3215","targetHints":{"allow":["GET"]}}],"collection":[{"href":"https:\/\/rubens-antwerpen.be\/fr\/wp-json\/wp\/v2\/pages"}],"about":[{"href":"https:\/\/rubens-antwerpen.be\/fr\/wp-json\/wp\/v2\/types\/page"}],"author":[{"embeddable":true,"href":"https:\/\/rubens-antwerpen.be\/fr\/wp-json\/wp\/v2\/users\/1"}],"replies":[{"embeddable":true,"href":"https:\/\/rubens-antwerpen.be\/fr\/wp-json\/wp\/v2\/comments?post=3215"}],"version-history":[{"count":15,"href":"https:\/\/rubens-antwerpen.be\/fr\/wp-json\/wp\/v2\/pages\/3215\/revisions"}],"predecessor-version":[{"id":6087,"href":"https:\/\/rubens-antwerpen.be\/fr\/wp-json\/wp\/v2\/pages\/3215\/revisions\/6087"}],"up":[{"embeddable":true,"href":"https:\/\/rubens-antwerpen.be\/fr\/wp-json\/wp\/v2\/pages\/3213"}],"wp:attachment":[{"href":"https:\/\/rubens-antwerpen.be\/fr\/wp-json\/wp\/v2\/media?parent=3215"}],"curies":[{"name":"wp","href":"https:\/\/api.w.org\/{rel}","templated":true}]}}