{"id":3217,"date":"2024-06-19T16:03:47","date_gmt":"2024-06-19T14:03:47","guid":{"rendered":"https:\/\/rubens-antwerpen.be\/home\/nord\/maison-snijdersrockox\/antoon-van-dyck-etude-de-portrait\/"},"modified":"2025-06-21T11:33:37","modified_gmt":"2025-06-21T09:33:37","slug":"antoon-van-dyck-etude-de-portrait","status":"publish","type":"page","link":"https:\/\/rubens-antwerpen.be\/fr\/home\/nord\/maison-snijdersrockox\/antoon-van-dyck-etude-de-portrait\/","title":{"rendered":"Antoon van Dyck: \u00c9tude de portrait"},"content":{"rendered":"\t\t<div data-elementor-type=\"wp-page\" data-elementor-id=\"3217\" class=\"elementor elementor-3217 elementor-933\">\n\t\t\t\t<div class=\"elementor-element elementor-element-ad42995 e-flex e-con-boxed e-con e-parent\" data-id=\"ad42995\" data-element_type=\"container\" data-e-type=\"container\">\n\t\t\t\t\t<div class=\"e-con-inner\">\n\t\t\t\t<div class=\"elementor-element elementor-element-dbf73d7 elementor-widget elementor-widget-heading\" data-id=\"dbf73d7\" data-element_type=\"widget\" data-e-type=\"widget\" data-widget_type=\"heading.default\">\n\t\t\t\t<div class=\"elementor-widget-container\">\n\t\t\t\t\t<h2 class=\"elementor-heading-title elementor-size-default\">Anthony van Dyck: \u00c9tude de portrait<\/h2>\t\t\t\t<\/div>\n\t\t\t\t<\/div>\n\t\t\t\t\t<\/div>\n\t\t\t\t<\/div>\n\t\t<div class=\"elementor-element elementor-element-1716b5c e-flex e-con-boxed e-con e-parent\" data-id=\"1716b5c\" data-element_type=\"container\" data-e-type=\"container\">\n\t\t\t\t\t<div class=\"e-con-inner\">\n\t\t\t\t<div class=\"elementor-element elementor-element-1328b23 elementor-widget elementor-widget-text-editor\" data-id=\"1328b23\" data-element_type=\"widget\" data-e-type=\"widget\" data-widget_type=\"text-editor.default\">\n\t\t\t\t<div class=\"elementor-widget-container\">\n\t\t\t\t\t\t\t\t\t<p style=\"text-align: justify;\"><span style=\"color: #008000;\"><strong>Dans Snijders-Rockox, allez \u00e0 la salle 7-8 Cuisine (Keucken)<\/strong><\/span><\/p>\n<p><\/p>\n<p style=\"text-align: justify;\"><a href=\"http:\/\/rubens-antwerpen.be\/wp-content\/uploads\/311P-SRH-AVD-Portretstudie.jpg\"><img fetchpriority=\"high\" decoding=\"async\" class=\"alignleft wp-image-597 size-medium\" src=\"http:\/\/rubens-antwerpen.be\/wp-content\/uploads\/311P-SRH-AVD-Portretstudie-300x210.jpg\" alt=\"\" width=\"300\" height=\"210\" srcset=\"https:\/\/rubens-antwerpen.be\/wp-content\/uploads\/311P-SRH-AVD-Portretstudie-300x210.jpg 300w, https:\/\/rubens-antwerpen.be\/wp-content\/uploads\/311P-SRH-AVD-Portretstudie-768x539.jpg 768w, https:\/\/rubens-antwerpen.be\/wp-content\/uploads\/311P-SRH-AVD-Portretstudie.jpg 1024w\" sizes=\"(max-width: 300px) 100vw, 300px\" \/><\/a><\/p>\n<p><\/p>\n<p style=\"text-align: justify;\"><em>Le style et la technique du fond brun luisant ont conduit \u00e0 ce que cette couleur soit d\u00e9crite comme \u2018brun Van Dyck\u2019.<\/em><\/p>\n<p><\/p>\n<hr \/>\n<p><\/p>\n<p style=\"text-align: justify;\">Allez-y ! En avant !<\/p>\n<p><\/p>\n<p style=\"text-align: justify;\">En tant qu&rsquo;apprenti aupr\u00e8s d&rsquo;un ma\u00eetre, vous apprendrez d&rsquo;abord \u00e0 m\u00e9langer la peinture, \u00e0 peindre des fonds de toile, \u00e0 couvrir les grandes surfaces, jusqu&rsquo;au jour J: votre premier portrait. Peut-\u00eatre vous \u00eates-vous d\u00e9j\u00e0 secr\u00e8tement peint en <em>autoportrait <\/em>et avez-vous os\u00e9 vous mettre sur papier ou sur toile? Aujourd\u2019hui un clic vous immortalise en <em>selfie<\/em>.<\/p>\n<p><\/p>\n<p style=\"text-align: justify;\">Dans le m\u00e9tier de peintre, le portrait \u00e9tait le mod\u00e8le d&rsquo;entr\u00e9e de gamme, la premi\u00e8re \u00e9tape. Il suffisait de petits panneaux et il n\u2019\u00e9tait pas n\u00e9cessaire d\u2019utiliser 256 couleurs. Pour peu que la peinture e\u00fbt s\u00e9ch\u00e9 rapidement, le client pouvait l\u2019emporter sur-le-champ. Ce dernier point est un peu exag\u00e9r\u00e9, mais le but de la repr\u00e9sentation allait du souvenir d&rsquo;un \u00eatre cher jusqu\u2019\u00e0 la repr\u00e9sentation d&rsquo;un saint en tant qu\u2019exemple \u00e0 suivre: dans les deux cas, le r\u00e9alisme s\u2019impose, emball\u00e9 toutefois d\u2019une couche d&rsquo;id\u00e9alisation.<\/p>\n<p><\/p>\n<p style=\"text-align: justify;\">Les ma\u00eetres avaient depuis longtemps compris qu\u2019on pouvait exprimer un \u00e9tat d\u2019\u00e2me psychologique par les traites du visage. Dans les grandes sc\u00e8nes, une multitude de visages nous montrent la joie, la tristesse et toutes les \u00e9motions interm\u00e9diaires. Pour les personnages individuels les plus importants, plusieurs \u00e9tudes pr\u00e9alables se r\u00e9alisaient, d&rsquo;abord les grands traits en dessin, ensuite les nuances de la peau en peinture.<\/p>\n<p><\/p>\n<p style=\"text-align: justify;\">Van Dyck a r\u00e9alis\u00e9 cette esquisse \u00e0 l&rsquo;huile au cours de sa premi\u00e8re p\u00e9riode anversoise, probablement vers 1618. Cette \u00e9tude d&rsquo;une t\u00eate d&rsquo;homme a servi de mod\u00e8le \u00e0 diverses repr\u00e9sentations d\u2019un saint J\u00e9r\u00f4me, dont on a pu voir un portrait complet au Maagdenhuis\/Maison des orphelines, bien que cette copie ait probablement \u00e9t\u00e9 faite par un \u00e9l\u00e8ve.<\/p>\n<p><\/p>\n<p style=\"text-align: justify;\">Avec Van Dyck, l\u2019art du portrait fait un <em>grand bond en avant.<\/em> Pendant sa p\u00e9riode italienne (1621-1627), il a eu l&rsquo;occasion de repr\u00e9senter l&rsquo;aristocratie, avec ce que cela comporte de riches \u00e9toffes, de perles et d&rsquo;or\u00a0; il s\u2019applique aussi \u00e0 rendre l&rsquo;\u00e9clat des yeux. Et si les yeux sont les <em>miroirs de l&rsquo;\u00e2me <\/em>, l\u2019art du baroque \u00e9voque avec la posture g\u00e9n\u00e9rale, la tenue des mains et surtout le visage, les traits de caract\u00e8re du personnage: l&rsquo;apparence ext\u00e9rieure exprime le monde int\u00e9rieur.<\/p>\n<p><\/p>\n<p style=\"text-align: justify;\">Gr\u00e2ce \u00e0 son s\u00e9jour en Angleterre, o\u00f9 il r\u00e9alisait parfois jusqu&rsquo;\u00e0 deux portraits par jour, van Dyck exer\u00e7a une forte influence sur le genre du portrait dans la peinture anglaise.<\/p>\n<p><\/p>\n<p style=\"text-align: justify;\">Dans le style baroque th\u00e9\u00e2tral, le portrait devient mise-en-sc\u00e8ne. Le personnage est plac\u00e9 devant un rideau suspendu dans le fond, ouvrant la perspective sur un paysage et une propri\u00e9t\u00e9 fonci\u00e8re, des attributs qui expriment la noblesse, avec peut-\u00eatre un brin de vanit\u00e9.<\/p>\n<p><\/p>\n<p style=\"text-align: justify;\">A notre \u00e9poque, les ex\u00e9cutions simples mais non pas simplistes, sont plus convaincantes\u00a0; elles vont \u00e0 l&rsquo;essentiel\u00a0: un mod\u00e8le, sur un fond brun uni.<\/p>\n<p><\/p>\n<p style=\"text-align: justify;\">Ce style et cette technique ont n\u00e9cessit\u00e9 une couleur sp\u00e9cifique, connue sous le nom de terre de Cologne ou de Cassel, d\u00e9crite au 18e si\u00e8cle comme \u2018brun Van Dyck\u2019. Sa belle brillance a \u00e9t\u00e9 obtenue par l\u2019ajout de bitume comme ingr\u00e9dient.<\/p>\n<p><\/p>\n<p style=\"text-align: justify;\">Allez rechercher un tube de cette peinture acrylique dans le magasin pour artistes en face de l&rsquo;Acad\u00e9mie\u00a0!<\/p>\n<p><\/p>\n<p style=\"text-align: justify;\"><span style=\"color: #008000;\"><strong>Dans Snijders-Rockox, restez dans la salle 7-8 Cuisine (Keucken) pour <a href=\"https:\/\/rubens-antwerpen.be\/fr\/home\/nord\/maison-snijdersrockox\/jacob-jordaens-etude-dune-vieille-femme\/\">encore un <u>Jordaens<\/u><\/a><\/strong><\/span><\/p>\n<p><\/p>\n<p style=\"text-align: justify;\"><em><a href=\"#_ftnref1\" name=\"_ftn1\">[1]<\/a> Terre de Cassel , de Cologne<\/em><\/p>\n\t\t\t\t\t\t\t\t<\/div>\n\t\t\t\t<\/div>\n\t\t\t\t\t<\/div>\n\t\t\t\t<\/div>\n\t\t\t\t<\/div>\n\t\t","protected":false},"excerpt":{"rendered":"<p>Anthony van Dyck: \u00c9tude de portrait Dans Snijders-Rockox, allez \u00e0 la salle 7-8 Cuisine (Keucken) Le style et la technique [&hellip;]<\/p>\n","protected":false},"author":1,"featured_media":0,"parent":3215,"menu_order":311,"comment_status":"closed","ping_status":"closed","template":"","meta":{"site-sidebar-layout":"no-sidebar","site-content-layout":"","ast-site-content-layout":"full-width-container","site-content-style":"default","site-sidebar-style":"default","ast-global-header-display":"","ast-banner-title-visibility":"","ast-main-header-display":"","ast-hfb-above-header-display":"","ast-hfb-below-header-display":"","ast-hfb-mobile-header-display":"","site-post-title":"disabled","ast-breadcrumbs-content":"","ast-featured-img":"disabled","footer-sml-layout":"","ast-disable-related-posts":"","theme-transparent-header-meta":"","adv-header-id-meta":"","stick-header-meta":"","header-above-stick-meta":"","header-main-stick-meta":"","header-below-stick-meta":"","astra-migrate-meta-layouts":"default","ast-page-background-enabled":"default","ast-page-background-meta":{"desktop":{"background-color":"var(--ast-global-color-4)","background-image":"","background-repeat":"repeat","background-position":"center center","background-size":"auto","background-attachment":"scroll","background-type":"","background-media":"","overlay-type":"","overlay-color":"","overlay-opacity":"","overlay-gradient":""},"tablet":{"background-color":"","background-image":"","background-repeat":"repeat","background-position":"center center","background-size":"auto","background-attachment":"scroll","background-type":"","background-media":"","overlay-type":"","overlay-color":"","overlay-opacity":"","overlay-gradient":""},"mobile":{"background-color":"","background-image":"","background-repeat":"repeat","background-position":"center center","background-size":"auto","background-attachment":"scroll","background-type":"","background-media":"","overlay-type":"","overlay-color":"","overlay-opacity":"","overlay-gradient":""}},"ast-content-background-meta":{"desktop":{"background-color":"var(--ast-global-color-5)","background-image":"","background-repeat":"repeat","background-position":"center center","background-size":"auto","background-attachment":"scroll","background-type":"","background-media":"","overlay-type":"","overlay-color":"","overlay-opacity":"","overlay-gradient":""},"tablet":{"background-color":"var(--ast-global-color-5)","background-image":"","background-repeat":"repeat","background-position":"center center","background-size":"auto","background-attachment":"scroll","background-type":"","background-media":"","overlay-type":"","overlay-color":"","overlay-opacity":"","overlay-gradient":""},"mobile":{"background-color":"var(--ast-global-color-5)","background-image":"","background-repeat":"repeat","background-position":"center center","background-size":"auto","background-attachment":"scroll","background-type":"","background-media":"","overlay-type":"","overlay-color":"","overlay-opacity":"","overlay-gradient":""}},"footnotes":""},"class_list":["post-3217","page","type-page","status-publish","hentry"],"aioseo_notices":[],"_links":{"self":[{"href":"https:\/\/rubens-antwerpen.be\/fr\/wp-json\/wp\/v2\/pages\/3217","targetHints":{"allow":["GET"]}}],"collection":[{"href":"https:\/\/rubens-antwerpen.be\/fr\/wp-json\/wp\/v2\/pages"}],"about":[{"href":"https:\/\/rubens-antwerpen.be\/fr\/wp-json\/wp\/v2\/types\/page"}],"author":[{"embeddable":true,"href":"https:\/\/rubens-antwerpen.be\/fr\/wp-json\/wp\/v2\/users\/1"}],"replies":[{"embeddable":true,"href":"https:\/\/rubens-antwerpen.be\/fr\/wp-json\/wp\/v2\/comments?post=3217"}],"version-history":[{"count":10,"href":"https:\/\/rubens-antwerpen.be\/fr\/wp-json\/wp\/v2\/pages\/3217\/revisions"}],"predecessor-version":[{"id":5500,"href":"https:\/\/rubens-antwerpen.be\/fr\/wp-json\/wp\/v2\/pages\/3217\/revisions\/5500"}],"up":[{"embeddable":true,"href":"https:\/\/rubens-antwerpen.be\/fr\/wp-json\/wp\/v2\/pages\/3215"}],"wp:attachment":[{"href":"https:\/\/rubens-antwerpen.be\/fr\/wp-json\/wp\/v2\/media?parent=3217"}],"curies":[{"name":"wp","href":"https:\/\/api.w.org\/{rel}","templated":true}]}}