{"id":3219,"date":"2024-06-19T16:05:18","date_gmt":"2024-06-19T14:05:18","guid":{"rendered":"https:\/\/rubens-antwerpen.be\/home\/nord\/maison-snijdersrockox\/jacob-jordaens-etude-dune-vieille-femme\/"},"modified":"2025-08-19T17:12:37","modified_gmt":"2025-08-19T15:12:37","slug":"jacob-jordaens-etude-dune-vieille-femme","status":"publish","type":"page","link":"https:\/\/rubens-antwerpen.be\/fr\/home\/nord\/maison-snijdersrockox\/jacob-jordaens-etude-dune-vieille-femme\/","title":{"rendered":"Jacob Jordaens : \u00c9tude d&rsquo;une vieille femme"},"content":{"rendered":"\t\t<div data-elementor-type=\"wp-page\" data-elementor-id=\"3219\" class=\"elementor elementor-3219 elementor-938\">\n\t\t\t\t<div class=\"elementor-element elementor-element-ad42995 e-flex e-con-boxed e-con e-parent\" data-id=\"ad42995\" data-element_type=\"container\" data-e-type=\"container\">\n\t\t\t\t\t<div class=\"e-con-inner\">\n\t\t\t\t<div class=\"elementor-element elementor-element-dbf73d7 elementor-widget elementor-widget-heading\" data-id=\"dbf73d7\" data-element_type=\"widget\" data-e-type=\"widget\" data-widget_type=\"heading.default\">\n\t\t\t\t<div class=\"elementor-widget-container\">\n\t\t\t\t\t<h2 class=\"elementor-heading-title elementor-size-default\">Jacques Jordaens : \u00c9tude d'une vieille femme<\/h2>\t\t\t\t<\/div>\n\t\t\t\t<\/div>\n\t\t\t\t\t<\/div>\n\t\t\t\t<\/div>\n\t\t<div class=\"elementor-element elementor-element-3efaa3d e-flex e-con-boxed e-con e-parent\" data-id=\"3efaa3d\" data-element_type=\"container\" data-e-type=\"container\">\n\t\t\t\t\t<div class=\"e-con-inner\">\n\t\t\t\t<div class=\"elementor-element elementor-element-319f460 elementor-widget elementor-widget-text-editor\" data-id=\"319f460\" data-element_type=\"widget\" data-e-type=\"widget\" data-widget_type=\"text-editor.default\">\n\t\t\t\t<div class=\"elementor-widget-container\">\n\t\t\t\t\t\t\t\t\t<p style=\"text-align: justify;\"><span style=\"color: #008000;\"><strong>Dans Snijders&amp;Rockox, restez dans la salle 7-8 Cuisine (Keucken)<\/strong><\/span><\/p>\n<p><\/p>\n<p style=\"text-align: justify;\"><a href=\"http:\/\/rubens-antwerpen.be\/wp-content\/uploads\/312P-SRH-JJO-Oude-vrouw.jpg\"><img fetchpriority=\"high\" decoding=\"async\" class=\"alignleft wp-image-600 size-medium\" src=\"http:\/\/rubens-antwerpen.be\/wp-content\/uploads\/312P-SRH-JJO-Oude-vrouw-238x300.jpg\" alt=\"\" width=\"238\" height=\"300\" srcset=\"https:\/\/rubens-antwerpen.be\/wp-content\/uploads\/312P-SRH-JJO-Oude-vrouw-238x300.jpg 238w, https:\/\/rubens-antwerpen.be\/wp-content\/uploads\/312P-SRH-JJO-Oude-vrouw-768x970.jpg 768w, https:\/\/rubens-antwerpen.be\/wp-content\/uploads\/312P-SRH-JJO-Oude-vrouw.jpg 811w\" sizes=\"(max-width: 238px) 100vw, 238px\" \/><\/a><\/p>\n<p><\/p>\n<p style=\"text-align: justify;\"><em>La l\u00e9gende veut qu&rsquo;il s&rsquo;agisse de la blanchisseuse de Rubens: avec un logiciel de reconnaissance faciale, on pourrait faire l&rsquo;exercice de comparer diff\u00e9rents portraits de cette femme jusque dans les moindres d\u00e9tails.<\/em><\/p>\n<p><\/p>\n<hr \/>\n<p><\/p>\n<p style=\"text-align: justify;\">Selon une source de 1693, il s&rsquo;agirait de la blanchisseuse de Rubens, telle qu&rsquo;elle a \u00e9t\u00e9 peinte par Jordaens: avec un logiciel de reconnaissance faciale, on pourrait faire l&rsquo;exercice de comparer diff\u00e9rents portraits de cette femme jusque dans les moindres d\u00e9tails.<\/p>\n<p><\/p>\n<p style=\"text-align: justify;\">Le panneau d&rsquo;information vous apprendra qu&rsquo;il s&rsquo;agit d&rsquo;une peinture \u00e0 l&rsquo;huile couch\u00e9e sur papier, puis coll\u00e9e sur un panneau\u00a0; en aucun cas, il ne s\u2019agit d\u2019une \u0153uvre achev\u00e9e. Peut-\u00eatre aurez-vous un jour la chance de vous trouver dans une exposition ou une salle de mus\u00e9e o\u00f9 un tel portrait est expos\u00e9 c\u00f4te \u00e0 c\u00f4te avec d\u2019autres dans lesquelles cette m\u00eame t\u00eate appara\u00eet.<\/p>\n<p><\/p>\n<p style=\"text-align: justify;\">Tous les \u2018pro\u2019 de la peinture commen\u00e7aient par les dessins en guise d&rsquo;\u00e9tudes pr\u00e9liminaires; une simple \u00e9tude fera ressortir de l\u2019ombre le processus de production qui m\u00e8ne aux chefs-d&rsquo;\u0153uvre. De petites \u0153uvres comme celle-ci donnent l\u2019occasion de faire plus intimement connaissance avec le ma\u00eetre.<\/p>\n<p><\/p>\n<p style=\"text-align: justify;\">Dans ce cas, une lumi\u00e8re pleine mais douce\u00a0\u2011\u00a0pensez aux bougies\u00a0\u2011\u00a0tombe sur le visage de trois-quarts, le teint de la peau brille chaudement en raison d&rsquo;un contraste doux avec le bonnet et le tissu blanc peint rapidement. Ce tissu refl\u00e8te la lumi\u00e8re sur le cou et le bord de la joue rougissante. Dans ce visage chaque ride a sa propre courbe\u00a0; un halo de lumi\u00e8re l\u2019entoure et met en \u00e9vidence le bord tranchant du tissu au-dessus des cheveux soigneusement peign\u00e9s. Un petit arc sombre place l&rsquo;orbite et la narine plus profond\u00e9ment dans le visage rid\u00e9.<\/p>\n<p><\/p>\n<p style=\"text-align: justify;\">D&rsquo;une mani\u00e8re g\u00e9n\u00e9rale, l&rsquo;histoire de l&rsquo;art mettra l&rsquo;accent sur le caract\u00e8re populaire de nombreuses \u0153uvres de Jordaens. Il l&rsquo;utilise aussi bien dans les \u0153uvres mythologiques que dans les sc\u00e8nes familiales, de sorte que ces derni\u00e8res se rapprochent plus \u00e9troitement de notre sensibilit\u00e9 contemporaine.<\/p>\n<p><\/p>\n<p style=\"text-align: justify;\"><span style=\"color: #008000;\"><strong>Retournez un instant vers le passage entre Waschhuys (lavoir) et Keucken (cuisine) <a href=\"https:\/\/rubens-antwerpen.be\/fr\/home\/nord\/maison-snijdersrockox\/jacob-jordaens-lappel-de-pierre\/\">pour encore un <u>Jordaens<\/u><\/a>. En pr\u00eat de l\u2019\u00e9glise Saint-Jacques<\/strong><\/span><\/p>\n<p><\/p>\n<hr \/>\n<p><\/p>\n<p style=\"text-align: justify;\">\n\t\t\t\t\t\t\t\t<\/div>\n\t\t\t\t<\/div>\n\t\t\t\t\t<\/div>\n\t\t\t\t<\/div>\n\t\t\t\t<\/div>\n\t\t","protected":false},"excerpt":{"rendered":"<p>Jacques Jordaens : \u00c9tude d&rsquo;une vieille femme Dans Snijders&amp;Rockox, restez dans la salle 7-8 Cuisine (Keucken) La l\u00e9gende veut qu&rsquo;il [&hellip;]<\/p>\n","protected":false},"author":1,"featured_media":0,"parent":3215,"menu_order":312,"comment_status":"closed","ping_status":"closed","template":"","meta":{"site-sidebar-layout":"no-sidebar","site-content-layout":"","ast-site-content-layout":"full-width-container","site-content-style":"default","site-sidebar-style":"default","ast-global-header-display":"","ast-banner-title-visibility":"","ast-main-header-display":"","ast-hfb-above-header-display":"","ast-hfb-below-header-display":"","ast-hfb-mobile-header-display":"","site-post-title":"","ast-breadcrumbs-content":"","ast-featured-img":"disabled","footer-sml-layout":"","ast-disable-related-posts":"","theme-transparent-header-meta":"","adv-header-id-meta":"","stick-header-meta":"","header-above-stick-meta":"","header-main-stick-meta":"","header-below-stick-meta":"","astra-migrate-meta-layouts":"default","ast-page-background-enabled":"default","ast-page-background-meta":{"desktop":{"background-color":"var(--ast-global-color-4)","background-image":"","background-repeat":"repeat","background-position":"center center","background-size":"auto","background-attachment":"scroll","background-type":"","background-media":"","overlay-type":"","overlay-color":"","overlay-opacity":"","overlay-gradient":""},"tablet":{"background-color":"","background-image":"","background-repeat":"repeat","background-position":"center center","background-size":"auto","background-attachment":"scroll","background-type":"","background-media":"","overlay-type":"","overlay-color":"","overlay-opacity":"","overlay-gradient":""},"mobile":{"background-color":"","background-image":"","background-repeat":"repeat","background-position":"center center","background-size":"auto","background-attachment":"scroll","background-type":"","background-media":"","overlay-type":"","overlay-color":"","overlay-opacity":"","overlay-gradient":""}},"ast-content-background-meta":{"desktop":{"background-color":"var(--ast-global-color-5)","background-image":"","background-repeat":"repeat","background-position":"center center","background-size":"auto","background-attachment":"scroll","background-type":"","background-media":"","overlay-type":"","overlay-color":"","overlay-opacity":"","overlay-gradient":""},"tablet":{"background-color":"var(--ast-global-color-5)","background-image":"","background-repeat":"repeat","background-position":"center center","background-size":"auto","background-attachment":"scroll","background-type":"","background-media":"","overlay-type":"","overlay-color":"","overlay-opacity":"","overlay-gradient":""},"mobile":{"background-color":"var(--ast-global-color-5)","background-image":"","background-repeat":"repeat","background-position":"center center","background-size":"auto","background-attachment":"scroll","background-type":"","background-media":"","overlay-type":"","overlay-color":"","overlay-opacity":"","overlay-gradient":""}},"footnotes":""},"class_list":["post-3219","page","type-page","status-publish","hentry"],"aioseo_notices":[],"_links":{"self":[{"href":"https:\/\/rubens-antwerpen.be\/fr\/wp-json\/wp\/v2\/pages\/3219","targetHints":{"allow":["GET"]}}],"collection":[{"href":"https:\/\/rubens-antwerpen.be\/fr\/wp-json\/wp\/v2\/pages"}],"about":[{"href":"https:\/\/rubens-antwerpen.be\/fr\/wp-json\/wp\/v2\/types\/page"}],"author":[{"embeddable":true,"href":"https:\/\/rubens-antwerpen.be\/fr\/wp-json\/wp\/v2\/users\/1"}],"replies":[{"embeddable":true,"href":"https:\/\/rubens-antwerpen.be\/fr\/wp-json\/wp\/v2\/comments?post=3219"}],"version-history":[{"count":8,"href":"https:\/\/rubens-antwerpen.be\/fr\/wp-json\/wp\/v2\/pages\/3219\/revisions"}],"predecessor-version":[{"id":6283,"href":"https:\/\/rubens-antwerpen.be\/fr\/wp-json\/wp\/v2\/pages\/3219\/revisions\/6283"}],"up":[{"embeddable":true,"href":"https:\/\/rubens-antwerpen.be\/fr\/wp-json\/wp\/v2\/pages\/3215"}],"wp:attachment":[{"href":"https:\/\/rubens-antwerpen.be\/fr\/wp-json\/wp\/v2\/media?parent=3219"}],"curies":[{"name":"wp","href":"https:\/\/api.w.org\/{rel}","templated":true}]}}