{"id":3221,"date":"2024-06-19T16:06:35","date_gmt":"2024-06-19T14:06:35","guid":{"rendered":"https:\/\/rubens-antwerpen.be\/home\/nord\/maison-snijdersrockox\/jacob-jordaens-lappel-de-pierre\/"},"modified":"2025-06-21T11:38:01","modified_gmt":"2025-06-21T09:38:01","slug":"jacob-jordaens-lappel-de-pierre","status":"publish","type":"page","link":"https:\/\/rubens-antwerpen.be\/fr\/home\/nord\/maison-snijdersrockox\/jacob-jordaens-lappel-de-pierre\/","title":{"rendered":"Jacob Jordaens : L&rsquo;appel de Pierre"},"content":{"rendered":"\t\t<div data-elementor-type=\"wp-page\" data-elementor-id=\"3221\" class=\"elementor elementor-3221 elementor-943\">\n\t\t\t\t<div class=\"elementor-element elementor-element-ad42995 e-flex e-con-boxed e-con e-parent\" data-id=\"ad42995\" data-element_type=\"container\" data-e-type=\"container\">\n\t\t\t\t\t<div class=\"e-con-inner\">\n\t\t\t\t<div class=\"elementor-element elementor-element-dbf73d7 elementor-widget elementor-widget-heading\" data-id=\"dbf73d7\" data-element_type=\"widget\" data-e-type=\"widget\" data-widget_type=\"heading.default\">\n\t\t\t\t<div class=\"elementor-widget-container\">\n\t\t\t\t\t<h2 class=\"elementor-heading-title elementor-size-default\">Jacques Jordaens : L'appel de Pierre<\/h2>\t\t\t\t<\/div>\n\t\t\t\t<\/div>\n\t\t\t\t\t<\/div>\n\t\t\t\t<\/div>\n\t\t<div class=\"elementor-element elementor-element-c852523 e-flex e-con-boxed e-con e-parent\" data-id=\"c852523\" data-element_type=\"container\" data-e-type=\"container\">\n\t\t\t\t\t<div class=\"e-con-inner\">\n\t\t\t\t<div class=\"elementor-element elementor-element-8c493c2 elementor-widget elementor-widget-text-editor\" data-id=\"8c493c2\" data-element_type=\"widget\" data-e-type=\"widget\" data-widget_type=\"text-editor.default\">\n\t\t\t\t<div class=\"elementor-widget-container\">\n\t\t\t\t\t\t\t\t\t<p style=\"text-align: justify;\"><span style=\"color: #008000;\"><strong>Dans Snijders-Rockox, dans le passage entre Lavoir (Waschhuys) et Cuisine (Keucken) \u2013 tableau dans la collection de l\u2019\u00e9glise Saint-Jacques.<\/strong><\/span><\/p>\n<p><\/p>\n<p style=\"text-align: justify;\"><a href=\"http:\/\/rubens-antwerpen.be\/wp-content\/uploads\/313P-SRH-JJO-Roeping-Petrus.jpg\"><img fetchpriority=\"high\" decoding=\"async\" class=\"alignleft wp-image-603 size-medium\" src=\"http:\/\/rubens-antwerpen.be\/wp-content\/uploads\/313P-SRH-JJO-Roeping-Petrus-300x270.jpg\" alt=\"\" width=\"300\" height=\"270\" srcset=\"https:\/\/rubens-antwerpen.be\/wp-content\/uploads\/313P-SRH-JJO-Roeping-Petrus-300x270.jpg 300w, https:\/\/rubens-antwerpen.be\/wp-content\/uploads\/313P-SRH-JJO-Roeping-Petrus-768x692.jpg 768w, https:\/\/rubens-antwerpen.be\/wp-content\/uploads\/313P-SRH-JJO-Roeping-Petrus.jpg 1024w\" sizes=\"(max-width: 300px) 100vw, 300px\" \/><\/a><\/p>\n<p><\/p>\n<p style=\"text-align: justify;\"><em>Andr\u00e9 va trouver en premier son fr\u00e8re Simon &#8230; et le m\u00e8ne \u00e0 J\u00e9sus. J\u00e9sus dit en le regardant \u00ab Toi, tu es Simon, fils de Jean ; tu seras appel\u00e9 C\u00e9phas \u00bb (c&rsquo;est-\u00e0-dire: Pierre). <\/em><\/p>\n<p><\/p>\n<hr \/>\n<p><\/p>\n<p style=\"text-align: justify;\">Regardez, regardez !<\/p>\n<p><\/p>\n<p style=\"text-align: justify;\">A l\u2019aide de ce tableau de Jordaens, nous voulons partager avec vous un exercice d\u2019observation en tant que spectateur.<\/p>\n<p><\/p>\n<p style=\"text-align: justify;\">Tout d&rsquo;abord, jetez un coup d&rsquo;\u0153il g\u00e9n\u00e9ral sur la sc\u00e8ne qui illustre l&rsquo;appel de Pierre par J\u00e9sus.<\/p>\n<p><\/p>\n<p style=\"text-align: justify;\">Plac\u00e9s au milieu de la composition et litt\u00e9ralement en pleine lumi\u00e8re, on saisit imm\u00e9diatement qui sont les deux personnages principaux. J\u00e9sus, \u2018la lumi\u00e8re du monde\u2019 est compl\u00e8tement \u00e0 l&rsquo;honneur tandis que la poitrine nue de Pierre est \u00e9galement accentu\u00e9e.<\/p>\n<p><\/p>\n<p style=\"text-align: justify;\">La cl\u00e9 pour comprendre une grande partie de l&rsquo;art baroque est de le consid\u00e9rer comme une pi\u00e8ce de th\u00e9\u00e2tre classique.<\/p>\n<p><\/p>\n<p style=\"text-align: justify;\"><strong>Unit\u00e9 de lieu<\/strong>: toute la sc\u00e8ne se d\u00e9roule au bord du lac de Galil\u00e9e (mais ce sont de vrais p\u00eacheurs flamands avec leurs t\u00eates puissantes).<\/p>\n<p><\/p>\n<p style=\"text-align: justify;\"><strong>Unit\u00e9 de temps<\/strong>: au grand matin car la p\u00eache se fait la nuit.<\/p>\n<p><\/p>\n<p style=\"text-align: justify;\"><strong>Unit\u00e9 d\u2019action<\/strong>: l\u2019histoire se d\u00e9roule en suivant les acteurs dans leur langue de signes\u00a0: les mains ouvertes de J\u00e9sus dans sa belle robe, les mains de Pierre qui n&rsquo;a pas encore rel\u00e2ch\u00e9 sa belle prise. La rencontre est organis\u00e9e par son fr\u00e8re Andr\u00e9, qui, repr\u00e9sent\u00e9 d\u2019une main sur la hanche et l&rsquo;autre devant sa taille, attend la suite\u00a0; lui a d\u00e9j\u00e0 abandonn\u00e9 sa tenue de p\u00eacheur.<\/p>\n<p><\/p>\n<p style=\"text-align: justify;\">Les autres personnages \u00e0 l&rsquo;arri\u00e8re-plan sont peints plut\u00f4t sommaires. Ils se rapprochent les uns des autres et n&rsquo;offrent pas de perspective sur un paysage. Sur le bord gauche du tableau, on n\u2019aper\u00e7oit que le bateau de p\u00eache sur la rive du lac.<\/p>\n<p><\/p>\n<p style=\"text-align: justify;\">Ce n&rsquo;est pas un effet d&rsquo;ombre et de lumi\u00e8re, mais la composition qui cr\u00e9e de la profondeur. L&rsquo;homme agenouill\u00e9 \u00e0 gauche et surtout le personnage assis \u00e0 droite, s\u00e9chant une chaussette sur un feu, sont deux personnages <em>repoussoirs<\/em>. C\u2019est \u00e0 eux que le spectateur est invit\u00e9 \u00e0 s&rsquo;identifier. Nous sommes aid\u00e9s par le fait qu\u2019ils sont peints \u2018<em>d&rsquo;apr\u00e8s nature\u2019<\/em> (<em>naer \u2018t leven).<\/em><\/p>\n<p><\/p>\n<p style=\"text-align: justify;\">Regardez donc en premier lieu le personnage assis \u00e0 droite, puis tournez vous avec lui vers le duo Pierre-J\u00e9sus. Maintenant, regardez les yeux de ces derniers et tracez une ligne imaginaire entre le Seigneur J\u00e9sus et son ap\u00f4tre.<\/p>\n<p><\/p>\n<p style=\"text-align: justify;\">Pour la bonne compr\u00e9hension, la r\u00e9f\u00e9rence au texte biblique vous aidera. Il s\u2019agit du premier <em>face-\u00e0-face<\/em> entre les deux personnages principaux dans l\u2019\u00e9vangile selon Jean, chapitre 1, versets 41-42:<\/p>\n<p><\/p>\n<p style=\"padding-left: 40px; text-align: justify;\"><em>Il [Andr\u00e9] va trouver en premier son fr\u00e8re Simon .. et le m\u00e8ne \u00e0 J\u00e9sus. J\u00e9sus dit en le regardant \u00abToi, tu es Simon, fils de Jean, tu seras appel\u00e9 C\u00e9phas \u00bb<\/em> (c&rsquo;est-\u00e0-dire: Pierre\/rocher).<\/p>\n<p><\/p>\n<p style=\"text-align: justify;\">Une autre traduction pr\u00e9cise \u00ab\u00a0Le fixant, J\u00e9sus dit\u00a0\u00bb; ne pensez-vous pas que c&rsquo;est pr\u00e9cis\u00e9ment ce croisement de regards, ce dialogue visuel, le fait de se regarder droit dans les yeux et d&rsquo;\u00eatre touch\u00e9 personnellement, qui est la force de ce tableau ?<\/p>\n<p><\/p>\n<p style=\"text-align: justify;\">Imaginez cette \u0153uvre accroch\u00e9e dans un int\u00e9rieur priv\u00e9, par exemple en hauteur, au-dessus d\u2019un foyer; vous comprendrez quelle perspective le peintre vous offre. Cela d\u00e9montre que Jordaens fournissait \u00e9galement des peintures de grand format \u00e0 des clients ais\u00e9s; il s&rsquo;agirait ici d\u2019un marchand de tapis, Michel Wauters.<\/p>\n<p><\/p>\n<p style=\"text-align: justify;\">Jordaens l&rsquo;a r\u00e9alis\u00e9 en 1616-1617, \u00e0 l&rsquo;\u00e2ge de 23 ans, soit un an apr\u00e8s son entr\u00e9e comme ma\u00eetre dans la guilde de Saint-Luc. Vous remarquerez que dans ses premi\u00e8res compositions, il a encore du mal \u00e0 se lib\u00e9rer de la repr\u00e9sentation traditionnelle dans laquelle les t\u00eates des personnages sont \u00e0 la m\u00eame hauteur. Il laisse ses figures align\u00e9es et les d\u00e9veloppe moins en profondeur de perspective.<\/p>\n<p><\/p>\n<p style=\"text-align: justify;\"><span style=\"color: #008000;\"><strong>Itin\u00e9raire Nord : en face de la maison Snijders&amp;Rockox, traversez l&rsquo;Ambtmanstraat\/rue de l\u2019Amman jusqu&rsquo;\u00e0 la Mutsaardstraat\/anciennement rue du Fagot, sur la place devant <a href=\"https:\/\/rubens-antwerpen.be\/fr\/home\/nord\/academie-des-beaux-arts\/\">l&rsquo;Acad\u00e9mie<\/a>.<\/strong><\/span><\/p>\n\t\t\t\t\t\t\t\t<\/div>\n\t\t\t\t<\/div>\n\t\t\t\t\t<\/div>\n\t\t\t\t<\/div>\n\t\t\t\t<\/div>\n\t\t","protected":false},"excerpt":{"rendered":"<p>Jacques Jordaens : L&rsquo;appel de Pierre Dans Snijders-Rockox, dans le passage entre Lavoir (Waschhuys) et Cuisine (Keucken) \u2013 tableau dans [&hellip;]<\/p>\n","protected":false},"author":1,"featured_media":0,"parent":3215,"menu_order":313,"comment_status":"closed","ping_status":"closed","template":"","meta":{"site-sidebar-layout":"no-sidebar","site-content-layout":"","ast-site-content-layout":"full-width-container","site-content-style":"default","site-sidebar-style":"default","ast-global-header-display":"","ast-banner-title-visibility":"","ast-main-header-display":"","ast-hfb-above-header-display":"","ast-hfb-below-header-display":"","ast-hfb-mobile-header-display":"","site-post-title":"disabled","ast-breadcrumbs-content":"","ast-featured-img":"disabled","footer-sml-layout":"","ast-disable-related-posts":"","theme-transparent-header-meta":"","adv-header-id-meta":"","stick-header-meta":"","header-above-stick-meta":"","header-main-stick-meta":"","header-below-stick-meta":"","astra-migrate-meta-layouts":"default","ast-page-background-enabled":"default","ast-page-background-meta":{"desktop":{"background-color":"var(--ast-global-color-4)","background-image":"","background-repeat":"repeat","background-position":"center center","background-size":"auto","background-attachment":"scroll","background-type":"","background-media":"","overlay-type":"","overlay-color":"","overlay-opacity":"","overlay-gradient":""},"tablet":{"background-color":"","background-image":"","background-repeat":"repeat","background-position":"center center","background-size":"auto","background-attachment":"scroll","background-type":"","background-media":"","overlay-type":"","overlay-color":"","overlay-opacity":"","overlay-gradient":""},"mobile":{"background-color":"","background-image":"","background-repeat":"repeat","background-position":"center center","background-size":"auto","background-attachment":"scroll","background-type":"","background-media":"","overlay-type":"","overlay-color":"","overlay-opacity":"","overlay-gradient":""}},"ast-content-background-meta":{"desktop":{"background-color":"var(--ast-global-color-5)","background-image":"","background-repeat":"repeat","background-position":"center center","background-size":"auto","background-attachment":"scroll","background-type":"","background-media":"","overlay-type":"","overlay-color":"","overlay-opacity":"","overlay-gradient":""},"tablet":{"background-color":"var(--ast-global-color-5)","background-image":"","background-repeat":"repeat","background-position":"center center","background-size":"auto","background-attachment":"scroll","background-type":"","background-media":"","overlay-type":"","overlay-color":"","overlay-opacity":"","overlay-gradient":""},"mobile":{"background-color":"var(--ast-global-color-5)","background-image":"","background-repeat":"repeat","background-position":"center center","background-size":"auto","background-attachment":"scroll","background-type":"","background-media":"","overlay-type":"","overlay-color":"","overlay-opacity":"","overlay-gradient":""}},"footnotes":""},"class_list":["post-3221","page","type-page","status-publish","hentry"],"aioseo_notices":[],"_links":{"self":[{"href":"https:\/\/rubens-antwerpen.be\/fr\/wp-json\/wp\/v2\/pages\/3221","targetHints":{"allow":["GET"]}}],"collection":[{"href":"https:\/\/rubens-antwerpen.be\/fr\/wp-json\/wp\/v2\/pages"}],"about":[{"href":"https:\/\/rubens-antwerpen.be\/fr\/wp-json\/wp\/v2\/types\/page"}],"author":[{"embeddable":true,"href":"https:\/\/rubens-antwerpen.be\/fr\/wp-json\/wp\/v2\/users\/1"}],"replies":[{"embeddable":true,"href":"https:\/\/rubens-antwerpen.be\/fr\/wp-json\/wp\/v2\/comments?post=3221"}],"version-history":[{"count":10,"href":"https:\/\/rubens-antwerpen.be\/fr\/wp-json\/wp\/v2\/pages\/3221\/revisions"}],"predecessor-version":[{"id":5504,"href":"https:\/\/rubens-antwerpen.be\/fr\/wp-json\/wp\/v2\/pages\/3221\/revisions\/5504"}],"up":[{"embeddable":true,"href":"https:\/\/rubens-antwerpen.be\/fr\/wp-json\/wp\/v2\/pages\/3215"}],"wp:attachment":[{"href":"https:\/\/rubens-antwerpen.be\/fr\/wp-json\/wp\/v2\/media?parent=3221"}],"curies":[{"name":"wp","href":"https:\/\/api.w.org\/{rel}","templated":true}]}}