{"id":3223,"date":"2024-06-19T16:07:29","date_gmt":"2024-06-19T14:07:29","guid":{"rendered":"https:\/\/rubens-antwerpen.be\/home\/nord\/academie-des-beaux-arts\/"},"modified":"2025-07-24T17:25:28","modified_gmt":"2025-07-24T15:25:28","slug":"academie-des-beaux-arts","status":"publish","type":"page","link":"https:\/\/rubens-antwerpen.be\/fr\/home\/nord\/academie-des-beaux-arts\/","title":{"rendered":"Acad\u00e9mie des Beaux Arts"},"content":{"rendered":"\t\t<div data-elementor-type=\"wp-page\" data-elementor-id=\"3223\" class=\"elementor elementor-3223 elementor-948\">\n\t\t\t\t<div class=\"elementor-element elementor-element-ad42995 e-flex e-con-boxed e-con e-parent\" data-id=\"ad42995\" data-element_type=\"container\" data-e-type=\"container\">\n\t\t\t\t\t<div class=\"e-con-inner\">\n\t\t\t\t<div class=\"elementor-element elementor-element-dbf73d7 elementor-widget elementor-widget-heading\" data-id=\"dbf73d7\" data-element_type=\"widget\" data-e-type=\"widget\" data-widget_type=\"heading.default\">\n\t\t\t\t<div class=\"elementor-widget-container\">\n\t\t\t\t\t<h2 class=\"elementor-heading-title elementor-size-default\">Mutsaardstraat (rue du Fagot) : Acad\u00e9mie des Beaux-Arts <\/h2>\t\t\t\t<\/div>\n\t\t\t\t<\/div>\n\t\t\t\t\t<\/div>\n\t\t\t\t<\/div>\n\t\t<div class=\"elementor-element elementor-element-395dc5f e-flex e-con-boxed e-con e-parent\" data-id=\"395dc5f\" data-element_type=\"container\" data-e-type=\"container\">\n\t\t\t\t\t<div class=\"e-con-inner\">\n\t\t\t\t<div class=\"elementor-element elementor-element-941af33 elementor-widget elementor-widget-text-editor\" data-id=\"941af33\" data-element_type=\"widget\" data-e-type=\"widget\" data-widget_type=\"text-editor.default\">\n\t\t\t\t<div class=\"elementor-widget-container\">\n\t\t\t\t\t\t\t\t\t<figure id=\"attachment_2200\" aria-describedby=\"caption-attachment-2200\" style=\"width: 300px\" class=\"wp-caption alignleft\"><a href=\"http:\/\/rubens-antwerpen.be\/wp-content\/uploads\/320P-Academie-Schone-Kunsten.jpg\"><img fetchpriority=\"high\" decoding=\"async\" class=\"wp-image-606 size-medium\" src=\"http:\/\/rubens-antwerpen.be\/wp-content\/uploads\/320P-Academie-Schone-Kunsten-300x225.jpg\" alt=\"\" width=\"300\" height=\"225\" srcset=\"https:\/\/rubens-antwerpen.be\/wp-content\/uploads\/320P-Academie-Schone-Kunsten-300x225.jpg 300w, https:\/\/rubens-antwerpen.be\/wp-content\/uploads\/320P-Academie-Schone-Kunsten-768x576.jpg 768w, https:\/\/rubens-antwerpen.be\/wp-content\/uploads\/320P-Academie-Schone-Kunsten.jpg 1024w\" sizes=\"(max-width: 300px) 100vw, 300px\" \/><\/a><figcaption id=\"caption-attachment-2200\" class=\"wp-caption-text\">Predikerinnenstraat\/rue des Dominicaines<\/figcaption><\/figure>\n<p style=\"text-align: justify;\"><em>Les dominicaines soign\u00e8rent le p\u00e8re Fran\u00e7ois Van Dyck jusqu&rsquo;\u00e0 sa mort en 1622 ; en raison de cette d\u00e9votion \u00e0 \u00ab certaines amiti\u00e9s et fid\u00e9lit\u00e9s \u00bb (\u00ab seeker vrinschappen ende getrouwigheden \u00bb), son fils Anthony a r\u00e9alis\u00e9 la derni\u00e8re volont\u00e9 d\u2019offrir un tableau aux s\u0153urs.<\/em><\/p>\n<p><\/p>\n<hr \/>\n<p><\/p>\n<p style=\"text-align: justify;\">Minderbroedersrui\/Canal des R\u00e9collets &#8211; Minderbroedersstraat\/rue des R\u00e9collets et au coin de la rue, Predikerinnenstraat\/rue des Dominicaines: \u00e0 vos ordres, religieux ! Mais qu&rsquo;en reste-t-il ?<\/p>\n<p><\/p>\n<p style=\"text-align: justify;\">Eh bien, beaucoup plus que vous ne le pensez. Nous nous trouvons \u00e0 la porte d&rsquo;entr\u00e9e de l&rsquo;Acad\u00e9mie des Beaux-Arts, aujourd&rsquo;hui un d\u00e9partement de l&rsquo;Universit\u00e9. Cette porte s\u2019ouvre sur un jardin menant \u00e0 un vaste b\u00e2timent, sans grand caract\u00e8re, qui \u00e0 l&rsquo;origine et jusqu&rsquo;en 1797 abritait l&rsquo;\u00e9glise du monast\u00e8re des Fr\u00e8res Mineurs ou appel\u00e9s R\u00e9collets. Ce lieu accueillait plusieurs \u0153uvres de Rubens, de Van Dyck et d&rsquo;autres ma\u00eetres anversois.<\/p>\n<p><\/p>\n<p style=\"text-align: justify;\">Pour Rubens ce n\u2019\u00e9tait pas un hasard, car il s\u2019agissait d\u2019une commande de son m\u00e9c\u00e8ne et ami, Nicolas Rockox, \u00e0 qui nous venons de rendre visite. Le triptyque \u2018<em>Le Christ montre ses plaies\u2019<\/em>, est aujourd&rsquo;hui conserv\u00e9 au KMSKA. Parmi les autres pi\u00e8ces provenant de la m\u00eame \u00e9glise et \u00e9galement au KMSKA: \u2018<em>Le coup de lance\u2019<\/em> de Rubens et\/ou Van Dyck, le tableau grand format \u2018<em>D\u00e9ploration du Christ<\/em>\u2019 de Van Dyck accompagn\u00e9 du \u2018<em>Portrait de l&rsquo;abb\u00e9 Scaglia\u2019<\/em> .<\/p>\n<p><\/p>\n<p style=\"text-align: justify;\">C&rsquo;est dans cette rue m\u00eame qu&rsquo;Anthony Van Dyck eut son tout premier atelier, dans une maison qui comme beaucoup d\u2019autres portait un nom: \u2018Cath\u00e9drale de Cologne\u2019. Ce nom reviendra dans un instant.<\/p>\n<p><\/p>\n<p style=\"text-align: justify;\">Pour plonger dans l\u2019atmosph\u00e8re baroque de l\u2019\u00e9poque , jetez un coup d&rsquo;\u0153il aux maisons num\u00e9ros 30 et 32.<\/p>\n<p><\/p>\n<p style=\"text-align: justify;\">Celle de droite, n\u00b0 30, e nomme \u2018Le Dragon\/de Draeck\u2019 et date d&rsquo;environ 1628. Anthony a sans doute pu lui-m\u00eame suivre de pr\u00e8s la construction de cette fa\u00e7ade. Son rev\u00eatement gris uniforme, d\u00e9nu\u00e9e de d\u00e9coration ostentatoire, illustre la transition entre l&rsquo;\u00e9l\u00e9gance sobre de la Renaissance et la fougue du baroque .<\/p>\n<p><\/p>\n<p style=\"text-align: justify;\">Au num\u00e9ro 32, la maison dite &lsquo;Van den Kerckhoven&rsquo;, repr\u00e9sente d\u00e9j\u00e0 une \u00e9tape suivante, dat\u00e9e du troisi\u00e8me quart du 17\u00e8me si\u00e8cle. Sa fa\u00e7ade d\u00e9cor\u00e9e montre comment Rubens et Jordaens sont devenus des influenceurs, non seulement dans le domaine de la peinture, mais aussi dans l\u2019architecture des demeures. A l\u2019instar de leurs toiles, la fa\u00e7ade est enti\u00e8rement recouverte de d\u00e9coration.<\/p>\n<p><\/p>\n<p style=\"text-align: justify;\">Poursuivons maintenant notre parcours par l&rsquo;\u00e9troite et anguleuse Predikerinnenstraatje\/rue de Dominicaines. Ces religieuses avaient fui Tamise (Temse, sur l\u2019Escaut) et avaient d&rsquo;abord lou\u00e9 la \u2018Cath\u00e9drale de Cologne\u2019. Puisqu\u2019il n\u2019existe aucune autre maison portant ce nom, il est fort probable qu\u2019il s\u2019agisse de celle d\u2019Anthony Van Dyck. Par la suite, elles acqui\u00e8rent une propri\u00e9t\u00e9 plus spacieuse dans le bloc adjacent au Minderbroedersrui\/Canal des R\u00e9collets.<\/p>\n<p><\/p>\n<p style=\"text-align: justify;\">Pour Van Dyck, cet endroit rev\u00eat \u00e9galement une importance particuli\u00e8re d&rsquo;un point de vue familial.<\/p>\n<p><\/p>\n<p style=\"text-align: justify;\"><img decoding=\"async\" class=\"size-medium wp-image-5643 alignleft\" src=\"https:\/\/rubens-antwerpen.be\/wp-content\/uploads\/321-AVD-KMSKA-Domincanen-231x300.png\" alt=\"\" width=\"231\" height=\"300\" srcset=\"https:\/\/rubens-antwerpen.be\/wp-content\/uploads\/321-AVD-KMSKA-Domincanen-231x300.png 231w, https:\/\/rubens-antwerpen.be\/wp-content\/uploads\/321-AVD-KMSKA-Domincanen.png 606w\" sizes=\"(max-width: 231px) 100vw, 231px\" \/>Son p\u00e8re Fran\u00e7ois, qui, dans les ann\u00e9es pr\u00e9c\u00e9dant sa mort en 1622, traversait une grave crise financi\u00e8re et souffrait de probl\u00e8mes de sant\u00e9, re\u00e7ut des soins attentifs de la part de ces religieuses. En tenant une promesse faite par son p\u00e8re et par gratitude envers leur d\u00e9vouement, Anthony fut don d\u2019un tableau pour la chapelle de leur couvent. Dans cette \u0153uvre, le <em>Christ en croix<\/em> est accompagn\u00e9 par les fondateurs de l&rsquo;ordre, saint Dominique et Catherine de Sienne, que l&rsquo;on reconnait \u00e0 leurs habits noir et blanc.<\/p>\n<p><\/p>\n<p style=\"text-align: justify;\">L\u2019\u0153uvre est accessible <a href=\"https:\/\/kmska.be\/fr\/chefdoeuvre\/le-christ-en-croix-avec-sainte-catherine-de-sienne-saint-dominique-et-un-ange\" target=\"_blank\" rel=\"noopener\">par le site web du KMSKA<\/a> ; pour rapprocher le sacrifice d&rsquo;amour de J\u00e9sus vers nous, la silhouette de la tour de la cath\u00e9drale anversoise y est visible \u00e0 l&rsquo;arri\u00e8re-plan.<\/p>\n<p><\/p>\n<p style=\"text-align: justify;\"><span style=\"color: #008000;\"><strong>Itin\u00e9raire Nord: depuis la Mutsaardstraat\/rue du Fagot, suivez l&rsquo;angle de la Predikerinnenstraat\/rue des Dominicaines, puis tournez \u00e0 gauche sur le Klapdorp\/rue Klapdorp pour traverser la Sint-Paulusstraat\/rue Saint-Paul vers la Lange Koepoortstraat\/Longue rue\u00a0 Porte aux Vaches. Prenez \u00e0 droite la Zwartzustersstraat\/Rue des S\u0153urs noires ; l\u2019entr\u00e9e de <a href=\"https:\/\/rubens-antwerpen.be\/fr\/home\/nord\/eglise-saint-paul\/\">l&rsquo;\u00e9glise Saint-Paul<\/a> est au coin de la Veemarkt\/March\u00e9 au b\u00e9tail.<\/strong><\/span><\/p>\n\t\t\t\t\t\t\t\t<\/div>\n\t\t\t\t<\/div>\n\t\t\t\t\t<\/div>\n\t\t\t\t<\/div>\n\t\t\t\t<\/div>\n\t\t","protected":false},"excerpt":{"rendered":"<p>Mutsaardstraat (rue du Fagot) : Acad\u00e9mie des Beaux-Arts Les dominicaines soign\u00e8rent le p\u00e8re Fran\u00e7ois Van Dyck jusqu&rsquo;\u00e0 sa mort en [&hellip;]<\/p>\n","protected":false},"author":1,"featured_media":0,"parent":3213,"menu_order":320,"comment_status":"closed","ping_status":"closed","template":"","meta":{"site-sidebar-layout":"no-sidebar","site-content-layout":"","ast-site-content-layout":"full-width-container","site-content-style":"default","site-sidebar-style":"default","ast-global-header-display":"","ast-banner-title-visibility":"","ast-main-header-display":"","ast-hfb-above-header-display":"","ast-hfb-below-header-display":"","ast-hfb-mobile-header-display":"","site-post-title":"disabled","ast-breadcrumbs-content":"","ast-featured-img":"disabled","footer-sml-layout":"","ast-disable-related-posts":"","theme-transparent-header-meta":"","adv-header-id-meta":"","stick-header-meta":"","header-above-stick-meta":"","header-main-stick-meta":"","header-below-stick-meta":"","astra-migrate-meta-layouts":"default","ast-page-background-enabled":"default","ast-page-background-meta":{"desktop":{"background-color":"var(--ast-global-color-4)","background-image":"","background-repeat":"repeat","background-position":"center center","background-size":"auto","background-attachment":"scroll","background-type":"","background-media":"","overlay-type":"","overlay-color":"","overlay-opacity":"","overlay-gradient":""},"tablet":{"background-color":"","background-image":"","background-repeat":"repeat","background-position":"center center","background-size":"auto","background-attachment":"scroll","background-type":"","background-media":"","overlay-type":"","overlay-color":"","overlay-opacity":"","overlay-gradient":""},"mobile":{"background-color":"","background-image":"","background-repeat":"repeat","background-position":"center center","background-size":"auto","background-attachment":"scroll","background-type":"","background-media":"","overlay-type":"","overlay-color":"","overlay-opacity":"","overlay-gradient":""}},"ast-content-background-meta":{"desktop":{"background-color":"var(--ast-global-color-5)","background-image":"","background-repeat":"repeat","background-position":"center center","background-size":"auto","background-attachment":"scroll","background-type":"","background-media":"","overlay-type":"","overlay-color":"","overlay-opacity":"","overlay-gradient":""},"tablet":{"background-color":"var(--ast-global-color-5)","background-image":"","background-repeat":"repeat","background-position":"center center","background-size":"auto","background-attachment":"scroll","background-type":"","background-media":"","overlay-type":"","overlay-color":"","overlay-opacity":"","overlay-gradient":""},"mobile":{"background-color":"var(--ast-global-color-5)","background-image":"","background-repeat":"repeat","background-position":"center center","background-size":"auto","background-attachment":"scroll","background-type":"","background-media":"","overlay-type":"","overlay-color":"","overlay-opacity":"","overlay-gradient":""}},"footnotes":""},"class_list":["post-3223","page","type-page","status-publish","hentry"],"aioseo_notices":[],"_links":{"self":[{"href":"https:\/\/rubens-antwerpen.be\/fr\/wp-json\/wp\/v2\/pages\/3223","targetHints":{"allow":["GET"]}}],"collection":[{"href":"https:\/\/rubens-antwerpen.be\/fr\/wp-json\/wp\/v2\/pages"}],"about":[{"href":"https:\/\/rubens-antwerpen.be\/fr\/wp-json\/wp\/v2\/types\/page"}],"author":[{"embeddable":true,"href":"https:\/\/rubens-antwerpen.be\/fr\/wp-json\/wp\/v2\/users\/1"}],"replies":[{"embeddable":true,"href":"https:\/\/rubens-antwerpen.be\/fr\/wp-json\/wp\/v2\/comments?post=3223"}],"version-history":[{"count":8,"href":"https:\/\/rubens-antwerpen.be\/fr\/wp-json\/wp\/v2\/pages\/3223\/revisions"}],"predecessor-version":[{"id":5660,"href":"https:\/\/rubens-antwerpen.be\/fr\/wp-json\/wp\/v2\/pages\/3223\/revisions\/5660"}],"up":[{"embeddable":true,"href":"https:\/\/rubens-antwerpen.be\/fr\/wp-json\/wp\/v2\/pages\/3213"}],"wp:attachment":[{"href":"https:\/\/rubens-antwerpen.be\/fr\/wp-json\/wp\/v2\/media?parent=3223"}],"curies":[{"name":"wp","href":"https:\/\/api.w.org\/{rel}","templated":true}]}}