{"id":3225,"date":"2024-04-12T12:07:21","date_gmt":"2024-04-12T10:07:21","guid":{"rendered":"https:\/\/rubens-antwerpen.be\/home\/nord\/eglise-saint-paul\/"},"modified":"2025-08-04T16:49:29","modified_gmt":"2025-08-04T14:49:29","slug":"eglise-saint-paul","status":"publish","type":"page","link":"https:\/\/rubens-antwerpen.be\/fr\/home\/nord\/eglise-saint-paul\/","title":{"rendered":"\u00c9glise Saint-Paul"},"content":{"rendered":"\t\t<div data-elementor-type=\"wp-page\" data-elementor-id=\"3225\" class=\"elementor elementor-3225 elementor-182\">\n\t\t\t\t<div class=\"elementor-element elementor-element-ad42995 e-flex e-con-boxed e-con e-parent\" data-id=\"ad42995\" data-element_type=\"container\" data-e-type=\"container\">\n\t\t\t\t\t<div class=\"e-con-inner\">\n\t\t\t\t<div class=\"elementor-element elementor-element-dbf73d7 elementor-widget elementor-widget-heading\" data-id=\"dbf73d7\" data-element_type=\"widget\" data-e-type=\"widget\" data-widget_type=\"heading.default\">\n\t\t\t\t<div class=\"elementor-widget-container\">\n\t\t\t\t\t<h2 class=\"elementor-heading-title elementor-size-default\">Veemarkt (March\u00e9 au b\u00e9tail) : \u00e9glise Saint-Paul <\/h2>\t\t\t\t<\/div>\n\t\t\t\t<\/div>\n\t\t\t\t\t<\/div>\n\t\t\t\t<\/div>\n\t\t<div class=\"elementor-element elementor-element-9a44fe6 e-flex e-con-boxed e-con e-parent\" data-id=\"9a44fe6\" data-element_type=\"container\" data-e-type=\"container\">\n\t\t\t\t\t<div class=\"e-con-inner\">\n\t\t\t\t<div class=\"elementor-element elementor-element-8ed734b elementor-widget elementor-widget-text-editor\" data-id=\"8ed734b\" data-element_type=\"widget\" data-e-type=\"widget\" data-widget_type=\"text-editor.default\">\n\t\t\t\t<div class=\"elementor-widget-container\">\n\t\t\t\t\t\t\t\t\t<figure id=\"attachment_2209\" aria-describedby=\"caption-attachment-2209\" style=\"width: 300px\" class=\"wp-caption alignleft\"><a href=\"https:\/\/rubens-antwerpen.be\/wp-content\/uploads\/\/330P-Sint-Pauluskerk-300x231.jpg\"><img fetchpriority=\"high\" decoding=\"async\" class=\"wp-image-609 size-medium\" src=\"https:\/\/rubens-antwerpen.be\/wp-content\/uploads\/\/330P-Sint-Pauluskerk-300x231.jpg\" alt=\"\" width=\"300\" height=\"231\" srcset=\"https:\/\/rubens-antwerpen.be\/wp-content\/uploads\/330P-Sint-Pauluskerk-300x231.jpg 300w, https:\/\/rubens-antwerpen.be\/wp-content\/uploads\/330P-Sint-Pauluskerk-768x592.jpg 768w, https:\/\/rubens-antwerpen.be\/wp-content\/uploads\/330P-Sint-Pauluskerk.jpg 1024w\" sizes=\"(max-width: 300px) 100vw, 300px\" \/><\/a><figcaption id=\"caption-attachment-2209\" class=\"wp-caption-text\">l&rsquo;\u00e9glise Saint-Paul<\/figcaption><\/figure>\n<p style=\"text-align: justify;\"><em><span style=\"color: #000000;\">Dans les mus\u00e9es, tous les grands ma\u00eetres sont pr\u00e9sents, mais dans cette \u00e9glise, les \u0153uvres de nos trois ma\u00eetres baroques, Rubens, van Dyck et Jordaens, sont litt\u00e9ralement en rang\u00e9e, l\u2019une \u00e0 c\u00f4t\u00e9 de l\u2019autre &#8211; et bien \u00e0 leur place historique.<\/span><\/em><\/p>\n<p><\/p>\n<hr \/>\n<p><\/p>\n<p style=\"text-align: justify;\">En bordure de la zone portuaire et le long des quais du fleuve, de plus en plus de b\u00e2timents s\u2019\u00e9l\u00e8vent en hauteur, modifiant ainsi la vue famili\u00e8re de la rade de l\u2019Escaut chaque d\u00e9cennie. Toutefois, les \u00e9glises monumentales dominent toujours les toits de la vieille ville et ne se ratatinent pas encore dans l&rsquo;ombre d\u2019immeubles-tours. Pour l&rsquo;usager de la voie lente, le pi\u00e9ton, peut-\u00eatre un p\u00e8lerin, ou le cycliste, la silhouette ext\u00e9rieure de ces \u00e9glises reste un rep\u00e8re familier et visible (m\u00eame de nuit).<\/p>\n<p><\/p>\n<p style=\"text-align: justify;\">L\u2019int\u00e9rieur de cette \u00e9glise regorge d&rsquo;\u0153uvres d&rsquo;art, notamment de peintures. Les sculptures l\u00e9g\u00e8rement plus grandes que nature ainsi que les personnages des tableaux sont con\u00e7us pour \u00eatre vus de loin tout en conservant une taille humaine. Avec eux, vous ne vous sentirez jamais seul dans cet espace.<\/p>\n<p><\/p>\n<p style=\"text-align: justify;\">Quinze tableaux forment une s\u00e9rie continue: les \u2018<em>Myst\u00e8res du Rosaire\u2019<\/em>. Ce th\u00e8me est profnd\u00e9ment li\u00e9 \u00e0 l&rsquo;ordre des Dominicains, appel\u00e9s plus exactement les Fr\u00e8res pr\u00eacheurs. Leurs sermons prolongent l&rsquo;\u00e9vangile de Jean: \u00ab <em>Au commencement \u00e9tait le Verbe&#8230;\u00a0\u00bb<\/em>, toutefois, ce verbe sera bient\u00f4t accompagn\u00e9 de l&rsquo;image et, pendant la p\u00e9riode de la Contre-R\u00e9forme catholique, l\u2019image exploitera pleinement l&rsquo;expressivit\u00e9 des formes du baroque.<\/p>\n<p><\/p>\n<p style=\"text-align: justify;\">En cet endroit, nous pouvons d\u00e9couvrir le ma\u00eetre italien des effets d&rsquo;ombre et de lumi\u00e8re, le Caravage, et retracer comment les peintres chez nous ont int\u00e9gr\u00e9 et adapt\u00e9 cette technique pour exprimer leur propre vision.<\/p>\n<p><\/p>\n<p style=\"text-align: justify;\">Reprenons encore un extrait du texte de la m\u00eame \u00e9poque, le <em>Schilder-Boeck\/Livre des peintres<\/em> de Carel van Mander d\u00e9j\u00e0 cit\u00e9, dans lequel cet auteur, lui-m\u00eame artiste, commente les peintres des Pays-Bas historiques depuis Van Eyck et d\u00e9crit comment les influences italiennes les ont marqu\u00e9s:<\/p>\n<p><\/p>\n<p style=\"text-align: justify;\">\u00ab\u00a0Les praticiens de notre art, qui ont pass\u00e9s du temps \u00e0 l&rsquo;\u00e9tranger, surtout en Italie, rapportent d\u2019habitude avec eux, \u00e0 leur retour chez nous, un mode de travail qui surpasse en beaut\u00e9 et en excellence l&rsquo;ancienne m\u00e9thode de nos Pays-Bas, un mode dans lequel on observe une habilet\u00e9 et une aptitude artistique peu communes.\u00a0\u00bb<\/p>\n<p><\/p>\n<p style=\"text-align: justify;\">Plus qu&rsquo;en d\u2019autres lieux, cet espace t\u00e9moigne de l&rsquo;\u00e9volution de l&rsquo;histoire de l&rsquo;art et illustre comment Rubens, Van Dyck et Jordaens, \u00e9l\u00e8ves de de leurs ma\u00eetres ont su sortir de leur ombre pour affirmer leur propre style.<\/p>\n\t\t\t\t\t\t\t\t<\/div>\n\t\t\t\t<\/div>\n\t\t\t\t\t<\/div>\n\t\t\t\t<\/div>\n\t\t<div class=\"elementor-element elementor-element-a38cde9 e-flex e-con-boxed e-con e-parent\" data-id=\"a38cde9\" data-element_type=\"container\" data-e-type=\"container\">\n\t\t\t\t\t<div class=\"e-con-inner\">\n\t\t<div class=\"elementor-element elementor-element-474e24b e-con-full e-flex e-con e-child\" data-id=\"474e24b\" data-element_type=\"container\" data-e-type=\"container\">\n\t\t\t\t<div class=\"elementor-element elementor-element-aa6b2b2 elementor-widget elementor-widget-image\" data-id=\"aa6b2b2\" data-element_type=\"widget\" data-e-type=\"widget\" data-widget_type=\"image.default\">\n\t\t\t\t<div class=\"elementor-widget-container\">\n\t\t\t\t\t\t\t\t\t\t\t\t\t\t\t\t<a href=\"https:\/\/www.rubens-antwerpen.be\/wp-content\/uploads\/331P-STP-HVB-Boodschap-Maria.jpg%20\">\n\t\t\t\t\t\t\t<img decoding=\"async\" width=\"300\" height=\"300\" src=\"https:\/\/rubens-antwerpen.be\/wp-content\/uploads\/331Z-STP-HVB-Boodschap-Maria.jpg\" class=\"attachment-medium size-medium wp-image-2224\" alt=\"\" srcset=\"https:\/\/rubens-antwerpen.be\/wp-content\/uploads\/331Z-STP-HVB-Boodschap-Maria.jpg 300w, https:\/\/rubens-antwerpen.be\/wp-content\/uploads\/331Z-STP-HVB-Boodschap-Maria-150x150.jpg 150w\" sizes=\"(max-width: 300px) 100vw, 300px\" \/>\t\t\t\t\t\t\t\t<\/a>\n\t\t\t\t\t\t\t\t\t\t\t\t\t\t\t<\/div>\n\t\t\t\t<\/div>\n\t\t\t\t<div class=\"elementor-element elementor-element-f222048 elementor-widget elementor-widget-text-editor\" data-id=\"f222048\" data-element_type=\"widget\" data-e-type=\"widget\" data-widget_type=\"text-editor.default\">\n\t\t\t\t<div class=\"elementor-widget-container\">\n\t\t\t\t\t\t\t\t\t<p style=\"text-align: center; padding-left: 40px;\"><a href=\"https:\/\/rubens-antwerpen.be\/fr\/home\/nord\/eglise-saint-paul\/van-balen-lannonciation-mysteres\/\">Hendrick van Balen :<\/a>\r\n<a href=\"https:\/\/rubens-antwerpen.be\/fr\/home\/nord\/eglise-saint-paul\/van-balen-lannonciation-mysteres\/\">L&rsquo;Annonciation (Myst\u00e8res du Rosaire)<\/a><\/p><br><audio class=\"wp-audio-shortcode\" id=\"audio-3225-1\" preload=\"none\" style=\"width: 100%;\" controls=\"controls\"><source type=\"audio\/mpeg\" src=\"http:\/\/rubens-antwerpen.be\/wp-content\/uploads\/331F-HVB-BoodschapAanMaria.mp3?_=1\" \/><a href=\"http:\/\/rubens-antwerpen.be\/wp-content\/uploads\/331F-HVB-BoodschapAanMaria.mp3\">http:\/\/rubens-antwerpen.be\/wp-content\/uploads\/331F-HVB-BoodschapAanMaria.mp3<\/a><\/audio>\t\t\t\t\t\t\t\t<\/div>\n\t\t\t\t<\/div>\n\t\t\t\t<\/div>\n\t\t<div class=\"elementor-element elementor-element-98059cf e-con-full e-flex e-con e-child\" data-id=\"98059cf\" data-element_type=\"container\" data-e-type=\"container\">\n\t\t\t\t<div class=\"elementor-element elementor-element-7d541aa elementor-widget elementor-widget-image\" data-id=\"7d541aa\" data-element_type=\"widget\" data-e-type=\"widget\" data-widget_type=\"image.default\">\n\t\t\t\t<div class=\"elementor-widget-container\">\n\t\t\t\t\t\t\t\t\t\t\t\t\t\t\t\t<a href=\"https:\/\/www.rubens-antwerpen.be\/wp-content\/uploads\/332P-STP-CDV-Geboorte-Christus.jpg%20\">\n\t\t\t\t\t\t\t<img decoding=\"async\" width=\"300\" height=\"300\" src=\"https:\/\/rubens-antwerpen.be\/wp-content\/uploads\/332Z-STP-CDV-Geboorte-Christus.jpg\" class=\"attachment-medium size-medium wp-image-2233\" alt=\"\" srcset=\"https:\/\/rubens-antwerpen.be\/wp-content\/uploads\/332Z-STP-CDV-Geboorte-Christus.jpg 300w, https:\/\/rubens-antwerpen.be\/wp-content\/uploads\/332Z-STP-CDV-Geboorte-Christus-150x150.jpg 150w\" sizes=\"(max-width: 300px) 100vw, 300px\" \/>\t\t\t\t\t\t\t\t<\/a>\n\t\t\t\t\t\t\t\t\t\t\t\t\t\t\t<\/div>\n\t\t\t\t<\/div>\n\t\t\t\t<div class=\"elementor-element elementor-element-ddfc7fd elementor-widget elementor-widget-text-editor\" data-id=\"ddfc7fd\" data-element_type=\"widget\" data-e-type=\"widget\" data-widget_type=\"text-editor.default\">\n\t\t\t\t<div class=\"elementor-widget-container\">\n\t\t\t\t\t\t\t\t\t<p style=\"text-align: center;\"><a href=\"https:\/\/rubens-antwerpen.be\/fr\/home\/nord\/eglise-saint-paul\/cornelis-de-vos-la-nativite-mysteres\/\">Cornelis de Vos :<\/a>\r\n<a href=\"https:\/\/rubens-antwerpen.be\/fr\/home\/nord\/eglise-saint-paul\/cornelis-de-vos-la-nativite-mysteres\/\">La Nativit\u00e9 (Myst\u00e8res du Rosaire)<\/a><\/p><br><audio class=\"wp-audio-shortcode\" id=\"audio-3225-2\" preload=\"none\" style=\"width: 100%;\" controls=\"controls\"><source type=\"audio\/mpeg\" src=\"http:\/\/rubens-antwerpen.be\/wp-content\/uploads\/332F-CDV-Geboorte.mp3?_=2\" \/><a href=\"http:\/\/rubens-antwerpen.be\/wp-content\/uploads\/332F-CDV-Geboorte.mp3\">http:\/\/rubens-antwerpen.be\/wp-content\/uploads\/332F-CDV-Geboorte.mp3<\/a><\/audio>\t\t\t\t\t\t\t\t<\/div>\n\t\t\t\t<\/div>\n\t\t\t\t<\/div>\n\t\t<div class=\"elementor-element elementor-element-112f8b9 e-con-full e-flex e-con e-child\" data-id=\"112f8b9\" data-element_type=\"container\" data-e-type=\"container\">\n\t\t\t\t<div class=\"elementor-element elementor-element-3bf6b50 elementor-widget elementor-widget-image\" data-id=\"3bf6b50\" data-element_type=\"widget\" data-e-type=\"widget\" data-widget_type=\"image.default\">\n\t\t\t\t<div class=\"elementor-widget-container\">\n\t\t\t\t\t\t\t\t\t\t\t\t\t\t\t\t<a href=\"https:\/\/www.rubens-antwerpen.be\/wp-content\/uploads\/333P-STP-PPR-Geseling.jpg%20\">\n\t\t\t\t\t\t\t<img loading=\"lazy\" decoding=\"async\" width=\"300\" height=\"300\" src=\"https:\/\/rubens-antwerpen.be\/wp-content\/uploads\/333Q-STP-PPR-Geseling.jpg\" class=\"attachment-medium size-medium wp-image-2239\" alt=\"\" srcset=\"https:\/\/rubens-antwerpen.be\/wp-content\/uploads\/333Q-STP-PPR-Geseling.jpg 300w, https:\/\/rubens-antwerpen.be\/wp-content\/uploads\/333Q-STP-PPR-Geseling-150x150.jpg 150w\" sizes=\"(max-width: 300px) 100vw, 300px\" \/>\t\t\t\t\t\t\t\t<\/a>\n\t\t\t\t\t\t\t\t\t\t\t\t\t\t\t<\/div>\n\t\t\t\t<\/div>\n\t\t\t\t<div class=\"elementor-element elementor-element-5040330 elementor-widget elementor-widget-text-editor\" data-id=\"5040330\" data-element_type=\"widget\" data-e-type=\"widget\" data-widget_type=\"text-editor.default\">\n\t\t\t\t<div class=\"elementor-widget-container\">\n\t\t\t\t\t\t\t\t\t<p style=\"text-align: center;\"><a href=\"https:\/\/rubens-antwerpen.be\/fr\/home\/nord\/eglise-saint-paul\/rubens-la-flagellation\/\">Pierre Paul Rubens :\r\nLa Flagellation (Myst\u00e8res du Rosaire)<\/a><\/p><br><audio class=\"wp-audio-shortcode\" id=\"audio-3225-3\" preload=\"none\" style=\"width: 100%;\" controls=\"controls\"><source type=\"audio\/mpeg\" src=\"http:\/\/rubens-antwerpen.be\/wp-content\/uploads\/333F-PPR-GeselingChristus.mp3?_=3\" \/><a href=\"http:\/\/rubens-antwerpen.be\/wp-content\/uploads\/333F-PPR-GeselingChristus.mp3\">http:\/\/rubens-antwerpen.be\/wp-content\/uploads\/333F-PPR-GeselingChristus.mp3<\/a><\/audio>\t\t\t\t\t\t\t\t<\/div>\n\t\t\t\t<\/div>\n\t\t\t\t<\/div>\n\t\t<div class=\"elementor-element elementor-element-36d4977 e-con-full e-flex e-con e-child\" data-id=\"36d4977\" data-element_type=\"container\" data-e-type=\"container\">\n\t\t\t\t<div class=\"elementor-element elementor-element-0c53e66 elementor-widget elementor-widget-image\" data-id=\"0c53e66\" data-element_type=\"widget\" data-e-type=\"widget\" data-widget_type=\"image.default\">\n\t\t\t\t<div class=\"elementor-widget-container\">\n\t\t\t\t\t\t\t\t\t\t\t\t\t\t\t\t<a href=\"https:\/\/www.rubens-antwerpen.be\/wp-content\/uploads\/334P-STP-AVD-Kruisdraging.jpg%20\">\n\t\t\t\t\t\t\t<img loading=\"lazy\" decoding=\"async\" width=\"300\" height=\"300\" src=\"https:\/\/rubens-antwerpen.be\/wp-content\/uploads\/334Z-STP-AVD-Kruisdraging.jpg\" class=\"attachment-medium size-medium wp-image-2251\" alt=\"\" srcset=\"https:\/\/rubens-antwerpen.be\/wp-content\/uploads\/334Z-STP-AVD-Kruisdraging.jpg 300w, https:\/\/rubens-antwerpen.be\/wp-content\/uploads\/334Z-STP-AVD-Kruisdraging-150x150.jpg 150w\" sizes=\"(max-width: 300px) 100vw, 300px\" \/>\t\t\t\t\t\t\t\t<\/a>\n\t\t\t\t\t\t\t\t\t\t\t\t\t\t\t<\/div>\n\t\t\t\t<\/div>\n\t\t\t\t<div class=\"elementor-element elementor-element-a5b46a1 elementor-widget elementor-widget-text-editor\" data-id=\"a5b46a1\" data-element_type=\"widget\" data-e-type=\"widget\" data-widget_type=\"text-editor.default\">\n\t\t\t\t<div class=\"elementor-widget-container\">\n\t\t\t\t\t\t\t\t\t<p style=\"text-align: center;\"><a href=\"https:\/\/rubens-antwerpen.be\/fr\/home\/nord\/eglise-saint-paul\/van-dyck-le-portement-de-la-croix\/\">Anthony van Dyck :\r\nLe Portement de la Croix (Myst\u00e8res du Rosaire)<\/a><\/p><br><audio class=\"wp-audio-shortcode\" id=\"audio-3225-4\" preload=\"none\" style=\"width: 100%;\" controls=\"controls\"><source type=\"audio\/mpeg\" src=\"http:\/\/rubens-antwerpen.be\/wp-content\/uploads\/334F-AVD-Kruisdraging.mp3?_=4\" \/><a href=\"http:\/\/rubens-antwerpen.be\/wp-content\/uploads\/334F-AVD-Kruisdraging.mp3\">http:\/\/rubens-antwerpen.be\/wp-content\/uploads\/334F-AVD-Kruisdraging.mp3<\/a><\/audio>\t\t\t\t\t\t\t\t<\/div>\n\t\t\t\t<\/div>\n\t\t\t\t<\/div>\n\t\t<div class=\"elementor-element elementor-element-0ec3763 e-con-full e-flex e-con e-child\" data-id=\"0ec3763\" data-element_type=\"container\" data-e-type=\"container\">\n\t\t\t\t<div class=\"elementor-element elementor-element-295c7fd elementor-widget elementor-widget-image\" data-id=\"295c7fd\" data-element_type=\"widget\" data-e-type=\"widget\" data-widget_type=\"image.default\">\n\t\t\t\t<div class=\"elementor-widget-container\">\n\t\t\t\t\t\t\t\t\t\t\t\t\t\t\t\t<a href=\"https:\/\/www.rubens-antwerpen.be\/wp-content\/uploads\/335P-STP-JJO-Kruisdood.jpg%20\">\n\t\t\t\t\t\t\t<img loading=\"lazy\" decoding=\"async\" width=\"300\" height=\"300\" src=\"https:\/\/rubens-antwerpen.be\/wp-content\/uploads\/335Z-STP-JJO-Kruisdood.jpg\" class=\"attachment-medium size-medium wp-image-2260\" alt=\"\" srcset=\"https:\/\/rubens-antwerpen.be\/wp-content\/uploads\/335Z-STP-JJO-Kruisdood.jpg 300w, https:\/\/rubens-antwerpen.be\/wp-content\/uploads\/335Z-STP-JJO-Kruisdood-150x150.jpg 150w\" sizes=\"(max-width: 300px) 100vw, 300px\" \/>\t\t\t\t\t\t\t\t<\/a>\n\t\t\t\t\t\t\t\t\t\t\t\t\t\t\t<\/div>\n\t\t\t\t<\/div>\n\t\t\t\t<div class=\"elementor-element elementor-element-d751d9d elementor-widget elementor-widget-text-editor\" data-id=\"d751d9d\" data-element_type=\"widget\" data-e-type=\"widget\" data-widget_type=\"text-editor.default\">\n\t\t\t\t<div class=\"elementor-widget-container\">\n\t\t\t\t\t\t\t\t\t<p style=\"text-align: center;\"><a href=\"https:\/\/rubens-antwerpen.be\/fr\/home\/nord\/eglise-saint-paul\/jordaens-la-mort-sur-la-croix\/\">Jacques Jordaens :\r\nLa mort de J\u00e9sus (Myst\u00e8res du Rosaire)<\/a><\/p><br><audio class=\"wp-audio-shortcode\" id=\"audio-3225-5\" preload=\"none\" style=\"width: 100%;\" controls=\"controls\"><source type=\"audio\/mpeg\" src=\"http:\/\/rubens-antwerpen.be\/wp-content\/uploads\/335F-JJO-Kruisdood.mp3?_=5\" \/><a href=\"http:\/\/rubens-antwerpen.be\/wp-content\/uploads\/335F-JJO-Kruisdood.mp3\">http:\/\/rubens-antwerpen.be\/wp-content\/uploads\/335F-JJO-Kruisdood.mp3<\/a><\/audio>\t\t\t\t\t\t\t\t<\/div>\n\t\t\t\t<\/div>\n\t\t\t\t<\/div>\n\t\t<div class=\"elementor-element elementor-element-84ff2b8 e-con-full e-flex e-con e-child\" data-id=\"84ff2b8\" data-element_type=\"container\" data-e-type=\"container\">\n\t\t\t\t<div class=\"elementor-element elementor-element-abb2748 elementor-widget elementor-widget-image\" data-id=\"abb2748\" data-element_type=\"widget\" data-e-type=\"widget\" data-widget_type=\"image.default\">\n\t\t\t\t<div class=\"elementor-widget-container\">\n\t\t\t\t\t\t\t\t\t\t\t\t\t\t\t\t<a href=\"https:\/\/www.rubens-antwerpen.be\/wp-content\/uploads\/336P-STP-Caravaggio-Madonna-Rozenkrans.jpg%20\">\n\t\t\t\t\t\t\t<img loading=\"lazy\" decoding=\"async\" width=\"300\" height=\"300\" src=\"https:\/\/rubens-antwerpen.be\/wp-content\/uploads\/336Q-STP-Caravaggio-Madonna-Rozenkrans.jpg\" class=\"attachment-medium size-medium wp-image-2266\" alt=\"\" srcset=\"https:\/\/rubens-antwerpen.be\/wp-content\/uploads\/336Q-STP-Caravaggio-Madonna-Rozenkrans.jpg 300w, https:\/\/rubens-antwerpen.be\/wp-content\/uploads\/336Q-STP-Caravaggio-Madonna-Rozenkrans-150x150.jpg 150w\" sizes=\"(max-width: 300px) 100vw, 300px\" \/>\t\t\t\t\t\t\t\t<\/a>\n\t\t\t\t\t\t\t\t\t\t\t\t\t\t\t<\/div>\n\t\t\t\t<\/div>\n\t\t\t\t<div class=\"elementor-element elementor-element-9dbc806 elementor-widget elementor-widget-text-editor\" data-id=\"9dbc806\" data-element_type=\"widget\" data-e-type=\"widget\" data-widget_type=\"text-editor.default\">\n\t\t\t\t<div class=\"elementor-widget-container\">\n\t\t\t\t\t\t\t\t\t<p style=\"text-align: center;\"><a href=\"https:\/\/rubens-antwerpen.be\/fr\/home\/nord\/eglise-saint-paul\/le-caravage-vierge-du-rosaire\/\">Le Caravage (copie d&rsquo;apr\u00e8s) :\r\nVierge du Rosaire<\/a><\/p><br><audio class=\"wp-audio-shortcode\" id=\"audio-3225-6\" preload=\"none\" style=\"width: 100%;\" controls=\"controls\"><source type=\"audio\/mpeg\" src=\"http:\/\/rubens-antwerpen.be\/wp-content\/uploads\/336F-Caravaggio-MadonnaRozenkrans.mp3?_=6\" \/><a href=\"http:\/\/rubens-antwerpen.be\/wp-content\/uploads\/336F-Caravaggio-MadonnaRozenkrans.mp3\">http:\/\/rubens-antwerpen.be\/wp-content\/uploads\/336F-Caravaggio-MadonnaRozenkrans.mp3<\/a><\/audio>\t\t\t\t\t\t\t\t<\/div>\n\t\t\t\t<\/div>\n\t\t\t\t<\/div>\n\t\t\t\t\t<\/div>\n\t\t\t\t<\/div>\n\t\t\t\t<\/div>\n\t\t","protected":false},"excerpt":{"rendered":"<p>Veemarkt (March\u00e9 au b\u00e9tail) : \u00e9glise Saint-Paul Dans les mus\u00e9es, tous les grands ma\u00eetres sont pr\u00e9sents, mais dans cette \u00e9glise, [&hellip;]<\/p>\n","protected":false},"author":1,"featured_media":0,"parent":3213,"menu_order":330,"comment_status":"closed","ping_status":"closed","template":"","meta":{"site-sidebar-layout":"no-sidebar","site-content-layout":"","ast-site-content-layout":"full-width-container","site-content-style":"default","site-sidebar-style":"default","ast-global-header-display":"","ast-banner-title-visibility":"","ast-main-header-display":"","ast-hfb-above-header-display":"","ast-hfb-below-header-display":"","ast-hfb-mobile-header-display":"","site-post-title":"disabled","ast-breadcrumbs-content":"","ast-featured-img":"disabled","footer-sml-layout":"","ast-disable-related-posts":"","theme-transparent-header-meta":"","adv-header-id-meta":"","stick-header-meta":"","header-above-stick-meta":"","header-main-stick-meta":"","header-below-stick-meta":"","astra-migrate-meta-layouts":"default","ast-page-background-enabled":"default","ast-page-background-meta":{"desktop":{"background-color":"var(--ast-global-color-4)","background-image":"","background-repeat":"repeat","background-position":"center center","background-size":"auto","background-attachment":"scroll","background-type":"","background-media":"","overlay-type":"","overlay-color":"","overlay-opacity":"","overlay-gradient":""},"tablet":{"background-color":"","background-image":"","background-repeat":"repeat","background-position":"center center","background-size":"auto","background-attachment":"scroll","background-type":"","background-media":"","overlay-type":"","overlay-color":"","overlay-opacity":"","overlay-gradient":""},"mobile":{"background-color":"","background-image":"","background-repeat":"repeat","background-position":"center center","background-size":"auto","background-attachment":"scroll","background-type":"","background-media":"","overlay-type":"","overlay-color":"","overlay-opacity":"","overlay-gradient":""}},"ast-content-background-meta":{"desktop":{"background-color":"var(--ast-global-color-5)","background-image":"","background-repeat":"repeat","background-position":"center center","background-size":"auto","background-attachment":"scroll","background-type":"","background-media":"","overlay-type":"","overlay-color":"","overlay-opacity":"","overlay-gradient":""},"tablet":{"background-color":"var(--ast-global-color-5)","background-image":"","background-repeat":"repeat","background-position":"center center","background-size":"auto","background-attachment":"scroll","background-type":"","background-media":"","overlay-type":"","overlay-color":"","overlay-opacity":"","overlay-gradient":""},"mobile":{"background-color":"var(--ast-global-color-5)","background-image":"","background-repeat":"repeat","background-position":"center center","background-size":"auto","background-attachment":"scroll","background-type":"","background-media":"","overlay-type":"","overlay-color":"","overlay-opacity":"","overlay-gradient":""}},"footnotes":""},"class_list":["post-3225","page","type-page","status-publish","hentry"],"aioseo_notices":[],"_links":{"self":[{"href":"https:\/\/rubens-antwerpen.be\/fr\/wp-json\/wp\/v2\/pages\/3225","targetHints":{"allow":["GET"]}}],"collection":[{"href":"https:\/\/rubens-antwerpen.be\/fr\/wp-json\/wp\/v2\/pages"}],"about":[{"href":"https:\/\/rubens-antwerpen.be\/fr\/wp-json\/wp\/v2\/types\/page"}],"author":[{"embeddable":true,"href":"https:\/\/rubens-antwerpen.be\/fr\/wp-json\/wp\/v2\/users\/1"}],"replies":[{"embeddable":true,"href":"https:\/\/rubens-antwerpen.be\/fr\/wp-json\/wp\/v2\/comments?post=3225"}],"version-history":[{"count":13,"href":"https:\/\/rubens-antwerpen.be\/fr\/wp-json\/wp\/v2\/pages\/3225\/revisions"}],"predecessor-version":[{"id":5859,"href":"https:\/\/rubens-antwerpen.be\/fr\/wp-json\/wp\/v2\/pages\/3225\/revisions\/5859"}],"up":[{"embeddable":true,"href":"https:\/\/rubens-antwerpen.be\/fr\/wp-json\/wp\/v2\/pages\/3213"}],"wp:attachment":[{"href":"https:\/\/rubens-antwerpen.be\/fr\/wp-json\/wp\/v2\/media?parent=3225"}],"curies":[{"name":"wp","href":"https:\/\/api.w.org\/{rel}","templated":true}]}}