{"id":3242,"date":"2024-04-12T12:09:22","date_gmt":"2024-04-12T10:09:22","guid":{"rendered":"https:\/\/rubens-antwerpen.be\/home\/nord\/eglise-saint-paul\/jordaens-la-mort-sur-la-croix\/"},"modified":"2025-06-21T12:04:53","modified_gmt":"2025-06-21T10:04:53","slug":"jordaens-la-mort-sur-la-croix","status":"publish","type":"page","link":"https:\/\/rubens-antwerpen.be\/fr\/home\/nord\/eglise-saint-paul\/jordaens-la-mort-sur-la-croix\/","title":{"rendered":"Jordaens: La mort sur la croix (Myst\u00e8res)"},"content":{"rendered":"\t\t<div data-elementor-type=\"wp-page\" data-elementor-id=\"3242\" class=\"elementor elementor-3242 elementor-189\">\n\t\t\t\t<div class=\"elementor-element elementor-element-ad42995 e-flex e-con-boxed e-con e-parent\" data-id=\"ad42995\" data-element_type=\"container\" data-e-type=\"container\">\n\t\t\t\t\t<div class=\"e-con-inner\">\n\t\t\t\t<div class=\"elementor-element elementor-element-dbf73d7 elementor-widget elementor-widget-heading\" data-id=\"dbf73d7\" data-element_type=\"widget\" data-e-type=\"widget\" data-widget_type=\"heading.default\">\n\t\t\t\t<div class=\"elementor-widget-container\">\n\t\t\t\t\t<h2 class=\"elementor-heading-title elementor-size-default\">Jacques Jordaens : La mort sur la croix (Myst\u00e8res du Rosaire)<\/h2>\t\t\t\t<\/div>\n\t\t\t\t<\/div>\n\t\t\t\t\t<\/div>\n\t\t\t\t<\/div>\n\t\t<div class=\"elementor-element elementor-element-e1752f2 e-flex e-con-boxed e-con e-parent\" data-id=\"e1752f2\" data-element_type=\"container\" data-e-type=\"container\">\n\t\t\t\t\t<div class=\"e-con-inner\">\n\t\t\t\t<div class=\"elementor-element elementor-element-45a909c elementor-widget elementor-widget-text-editor\" data-id=\"45a909c\" data-element_type=\"widget\" data-e-type=\"widget\" data-widget_type=\"text-editor.default\">\n\t\t\t\t<div class=\"elementor-widget-container\">\n\t\t\t\t\t\t\t\t\t<p style=\"text-align: justify;\"><a href=\"http:\/\/rubens-antwerpen.be\/wp-content\/uploads\/335P-STP-JJO-Kruisdood.jpg\"><img fetchpriority=\"high\" decoding=\"async\" class=\"wp-image-624 size-medium alignleft\" src=\"http:\/\/rubens-antwerpen.be\/wp-content\/uploads\/335P-STP-JJO-Kruisdood-219x300.jpg\" alt=\"\" width=\"219\" height=\"300\" srcset=\"https:\/\/rubens-antwerpen.be\/wp-content\/uploads\/335P-STP-JJO-Kruisdood-219x300.jpg 219w, https:\/\/rubens-antwerpen.be\/wp-content\/uploads\/335P-STP-JJO-Kruisdood.jpg 746w\" sizes=\"(max-width: 219px) 100vw, 219px\" \/><\/a><\/p>\n<p><\/p>\n<p style=\"text-align: justify;\"><em>Conventions et traditions perdurent pendant des si\u00e8cles et offrent une reconnaissance visuelle et une compr\u00e9hension du fond. Et pourtant, les artistes cr\u00e9ent de nouvelles expressions, qui annoncent de nouveaux d\u00e9veloppements. Cet endroit nous rend t\u00e9moins de l&rsquo;\u00e9volution de l&rsquo;histoire de l&rsquo;art et de la fa\u00e7on dont les \u00e9l\u00e8ves que Rubens, Van Dyck et Jordaens \u00e9taient, sont sortis de l&rsquo;ombre de leurs ma\u00eetres. <\/em><\/p>\n<p><\/p>\n<hr \/>\n<p><\/p>\n<p style=\"text-align: justify;\">Le \u2018<em>Christ en croix\u2019<\/em>, en tant que l&rsquo;un des th\u00e8mes centraux de la foi chr\u00e9tienne, a \u00e9t\u00e9 reproduit d&rsquo;innombrables fois dans l&rsquo;art religieux. Selon les \u00c9vangiles, J\u00e9sus confie sa m\u00e8re \u00e0 son disciple bien-aim\u00e9\u00a0; Marie et Jean se tiennent sous la croix. Les peintres baroques ont d\u00e9laiss\u00e9 le sch\u00e9ma m\u00e9di\u00e9val o\u00f9 ils se trouvaient gauche-droite. Maintenant, les deux sont ensemble \u00e0 la droite de J\u00e9sus pour souligner que Marie a d\u00e9sormais adopt\u00e9 Jean comme son enfant. Cette demande de J\u00e9sus s&rsquo;adresse \u00e0 tous les fid\u00e8les chr\u00e9tiens pour qu&rsquo;ils se confient \u00e0 Marie comme \u00e0 une m\u00e8re.<\/p>\n<p><\/p>\n<p style=\"text-align: justify;\">En regardant de plus pr\u00e8s, on s&rsquo;aper\u00e7oit que le peintre, malgr\u00e9 la maladresse de ses vingt ans, a d\u00e9j\u00e0 l&rsquo;intention de refl\u00e9ter les \u00e9motions personnelles de chaque personnage.<\/p>\n<p><\/p>\n<p style=\"text-align: justify;\">Marie continue de regarder son fils d\u00e9c\u00e9d\u00e9 et de sa main droite, l\u00e8ve un peu le bord de son v\u00eatement, qui projette encore une ombre sur son front. De la main gauche, elle se couvre la poitrine et son c\u0153ur de m\u00e8re.<\/p>\n<p><\/p>\n<p style=\"text-align: justify;\">Jean suit son regard et serre les mains, soit en signe de pri\u00e8re, soit pour se donner de la force\u00a0?<\/p>\n<p><\/p>\n<p style=\"text-align: justify;\">Les deux femmes en pleurs d\u00e9tournent la t\u00eate, leurs mains faisant \u00e9cho \u00e0 leur chagrin. Madeleine, la plus fid\u00e8le des disciples, traditionnellement identifi\u00e9e \u00e0 la p\u00e9cheresse p\u00e9nitente, laisse tomber ses cheveux sur une \u00e9paule nue. Ceci s&rsquo;\u00e9carte clairement du code vestimentaire de femme mari\u00e9e; dans son ombre se trouve traditionnellement la demi-s\u0153ur de la Vierge, Marie Cl\u00e9ophas.<\/p>\n<p><\/p>\n<p style=\"text-align: justify;\">En arri\u00e8re-plan en bas, la faible lueur de l&rsquo;\u00e9clipse cr\u00e9e un peu de perspective et de profondeur \u00e0 l&rsquo;ensemble de la sc\u00e8ne. La vraie lumi\u00e8re, ext\u00e9rieure, venant d&rsquo;en haut, se projette sur le visage de Marie; la v\u00e9ritable lumi\u00e8re, int\u00e9rieure, celle de la figure principale, J\u00e9sus, rayonne sur tous les personnages.<\/p>\n<p><\/p>\n<p style=\"text-align: justify;\">Au-dessus du Crucifi\u00e9, le vent soul\u00e8ve le texte du verdict, copi\u00e9 de Rubens dans \u2018<em>L<\/em>&lsquo;<em>\u00c9rection de la Croix\u2019<\/em>. De cette fa\u00e7on, une citation visuelle ouvre le champ \u00e0 de nouvelles conventions.<\/p>\n<p><\/p>\n<p style=\"text-align: justify;\"><span style=\"color: #008000;\"><strong>Poursuivre jusqu&rsquo;\u00e0 la fin de la s\u00e9rie du Rosaire : <a href=\"https:\/\/rubens-antwerpen.be\/fr\/home\/nord\/eglise-saint-paul\/le-caravage-vierge-du-rosaire\/\">Chapelle Mariale<\/a><\/strong><\/span><\/p>\n\t\t\t\t\t\t\t\t<\/div>\n\t\t\t\t<\/div>\n\t\t\t\t\t<\/div>\n\t\t\t\t<\/div>\n\t\t\t\t<\/div>\n\t\t","protected":false},"excerpt":{"rendered":"<p>Jacques Jordaens : La mort sur la croix (Myst\u00e8res du Rosaire) Conventions et traditions perdurent pendant des si\u00e8cles et offrent [&hellip;]<\/p>\n","protected":false},"author":1,"featured_media":0,"parent":3225,"menu_order":335,"comment_status":"closed","ping_status":"closed","template":"","meta":{"site-sidebar-layout":"no-sidebar","site-content-layout":"","ast-site-content-layout":"full-width-container","site-content-style":"default","site-sidebar-style":"default","ast-global-header-display":"","ast-banner-title-visibility":"","ast-main-header-display":"","ast-hfb-above-header-display":"","ast-hfb-below-header-display":"","ast-hfb-mobile-header-display":"","site-post-title":"disabled","ast-breadcrumbs-content":"","ast-featured-img":"disabled","footer-sml-layout":"","ast-disable-related-posts":"","theme-transparent-header-meta":"","adv-header-id-meta":"","stick-header-meta":"","header-above-stick-meta":"","header-main-stick-meta":"","header-below-stick-meta":"","astra-migrate-meta-layouts":"default","ast-page-background-enabled":"default","ast-page-background-meta":{"desktop":{"background-color":"var(--ast-global-color-4)","background-image":"","background-repeat":"repeat","background-position":"center center","background-size":"auto","background-attachment":"scroll","background-type":"","background-media":"","overlay-type":"","overlay-color":"","overlay-opacity":"","overlay-gradient":""},"tablet":{"background-color":"","background-image":"","background-repeat":"repeat","background-position":"center center","background-size":"auto","background-attachment":"scroll","background-type":"","background-media":"","overlay-type":"","overlay-color":"","overlay-opacity":"","overlay-gradient":""},"mobile":{"background-color":"","background-image":"","background-repeat":"repeat","background-position":"center center","background-size":"auto","background-attachment":"scroll","background-type":"","background-media":"","overlay-type":"","overlay-color":"","overlay-opacity":"","overlay-gradient":""}},"ast-content-background-meta":{"desktop":{"background-color":"var(--ast-global-color-5)","background-image":"","background-repeat":"repeat","background-position":"center center","background-size":"auto","background-attachment":"scroll","background-type":"","background-media":"","overlay-type":"","overlay-color":"","overlay-opacity":"","overlay-gradient":""},"tablet":{"background-color":"var(--ast-global-color-5)","background-image":"","background-repeat":"repeat","background-position":"center center","background-size":"auto","background-attachment":"scroll","background-type":"","background-media":"","overlay-type":"","overlay-color":"","overlay-opacity":"","overlay-gradient":""},"mobile":{"background-color":"var(--ast-global-color-5)","background-image":"","background-repeat":"repeat","background-position":"center center","background-size":"auto","background-attachment":"scroll","background-type":"","background-media":"","overlay-type":"","overlay-color":"","overlay-opacity":"","overlay-gradient":""}},"footnotes":""},"class_list":["post-3242","page","type-page","status-publish","hentry"],"aioseo_notices":[],"_links":{"self":[{"href":"https:\/\/rubens-antwerpen.be\/fr\/wp-json\/wp\/v2\/pages\/3242","targetHints":{"allow":["GET"]}}],"collection":[{"href":"https:\/\/rubens-antwerpen.be\/fr\/wp-json\/wp\/v2\/pages"}],"about":[{"href":"https:\/\/rubens-antwerpen.be\/fr\/wp-json\/wp\/v2\/types\/page"}],"author":[{"embeddable":true,"href":"https:\/\/rubens-antwerpen.be\/fr\/wp-json\/wp\/v2\/users\/1"}],"replies":[{"embeddable":true,"href":"https:\/\/rubens-antwerpen.be\/fr\/wp-json\/wp\/v2\/comments?post=3242"}],"version-history":[{"count":10,"href":"https:\/\/rubens-antwerpen.be\/fr\/wp-json\/wp\/v2\/pages\/3242\/revisions"}],"predecessor-version":[{"id":5519,"href":"https:\/\/rubens-antwerpen.be\/fr\/wp-json\/wp\/v2\/pages\/3242\/revisions\/5519"}],"up":[{"embeddable":true,"href":"https:\/\/rubens-antwerpen.be\/fr\/wp-json\/wp\/v2\/pages\/3225"}],"wp:attachment":[{"href":"https:\/\/rubens-antwerpen.be\/fr\/wp-json\/wp\/v2\/media?parent=3242"}],"curies":[{"name":"wp","href":"https:\/\/api.w.org\/{rel}","templated":true}]}}