{"id":3244,"date":"2024-06-19T16:11:46","date_gmt":"2024-06-19T14:11:46","guid":{"rendered":"https:\/\/rubens-antwerpen.be\/home\/nord\/eglise-saint-paul\/le-caravage-vierge-du-rosaire\/"},"modified":"2025-08-08T17:20:40","modified_gmt":"2025-08-08T15:20:40","slug":"le-caravage-vierge-du-rosaire","status":"publish","type":"page","link":"https:\/\/rubens-antwerpen.be\/fr\/home\/nord\/eglise-saint-paul\/le-caravage-vierge-du-rosaire\/","title":{"rendered":"Le Caravage : Vierge du Rosaire"},"content":{"rendered":"\t\t<div data-elementor-type=\"wp-page\" data-elementor-id=\"3244\" class=\"elementor elementor-3244 elementor-963\">\n\t\t\t\t<div class=\"elementor-element elementor-element-ad42995 e-flex e-con-boxed e-con e-parent\" data-id=\"ad42995\" data-element_type=\"container\" data-e-type=\"container\">\n\t\t\t\t\t<div class=\"e-con-inner\">\n\t\t\t\t<div class=\"elementor-element elementor-element-dbf73d7 elementor-widget elementor-widget-heading\" data-id=\"dbf73d7\" data-element_type=\"widget\" data-e-type=\"widget\" data-widget_type=\"heading.default\">\n\t\t\t\t<div class=\"elementor-widget-container\">\n\t\t\t\t\t<h2 class=\"elementor-heading-title elementor-size-default\">Le Caravage (copie d'apr\u00e8s) : Vierge du Rosaire<\/h2>\t\t\t\t<\/div>\n\t\t\t\t<\/div>\n\t\t\t\t\t<\/div>\n\t\t\t\t<\/div>\n\t\t<div class=\"elementor-element elementor-element-f553910 e-flex e-con-boxed e-con e-parent\" data-id=\"f553910\" data-element_type=\"container\" data-e-type=\"container\">\n\t\t\t\t\t<div class=\"e-con-inner\">\n\t\t\t\t<div class=\"elementor-element elementor-element-a0202c5 elementor-widget elementor-widget-text-editor\" data-id=\"a0202c5\" data-element_type=\"widget\" data-e-type=\"widget\" data-widget_type=\"text-editor.default\">\n\t\t\t\t<div class=\"elementor-widget-container\">\n\t\t\t\t\t\t\t\t\t<p style=\"text-align: justify;\"><a href=\"http:\/\/rubens-antwerpen.be\/wp-content\/uploads\/336P-STP-Caravaggio-Madonna-Rozenkrans.jpg\"><img fetchpriority=\"high\" decoding=\"async\" class=\"wp-image-627 size-medium alignleft\" src=\"http:\/\/rubens-antwerpen.be\/wp-content\/uploads\/336P-STP-Caravaggio-Madonna-Rozenkrans-206x300.jpg\" alt=\"\" width=\"206\" height=\"300\" srcset=\"https:\/\/rubens-antwerpen.be\/wp-content\/uploads\/336P-STP-Caravaggio-Madonna-Rozenkrans-206x300.jpg 206w, https:\/\/rubens-antwerpen.be\/wp-content\/uploads\/336P-STP-Caravaggio-Madonna-Rozenkrans.jpg 704w\" sizes=\"(max-width: 206px) 100vw, 206px\" \/><\/a><\/p>\n<p><\/p>\n<p style=\"text-align: justify;\"><em>Vers 1623, un groupe d&rsquo;artistes, dont Rubens, Hendrick van Balen et Jan Brueghel \u2018le Velours\u2019, acheta ce tableau sur le march\u00e9 de l&rsquo;art anversois \u00ab par affection pour la chapelle et pour avoir une pi\u00e8ce rare \u00e0 Anvers\u00bb.<\/em><\/p>\n<p><\/p>\n<hr \/>\n<p><\/p>\n<p style=\"text-align: justify;\">Bouger et rester immobile. Prenez le temps pour une pause devant cet autel et cette peinture pendant que nous vous fournissons quelques informations utiles.<\/p>\n<p><\/p>\n<p style=\"text-align: justify;\">Michel-Ange Merisi (\u00b01569-+1609), appel\u00e9 du nom de son village natal le Caravage, \u00e9tait connu de Rubens, qui avait recommand\u00e9 une \u2018<em>Mort de Marie\u2019<\/em> \u00e0 son employeur, le duc de Mantoue.<\/p>\n<p><\/p>\n<p style=\"text-align: justify;\">Ce peintre est connu pour son audace: audace technique par l&rsquo;utilisation contrast\u00e9e de l\u2019ombre et de la lumi\u00e8re, audace iconographique par un r\u00e9alisme extr\u00eame, disons naturalisme. Les pieds sales des gens du peuple au premier plan en sont un exemple typique.<\/p>\n<p><\/p>\n<p style=\"text-align: justify;\">Ces derniers sont agenouill\u00e9s en v\u00e9n\u00e9ration pour Notre-Dame; en m\u00eame temps, ils tendent les bras et les mains vers le Rosaire. Il convient bien pour la sc\u00e8ne que les deux Fr\u00e8res pr\u00eacheurs, Dominique et Pierre Martyr, portent l\u2019habit noir et blanc; leurs mains tendues et pointues sont comme les c\u00f4t\u00e9s d&rsquo;un triangle avec la Vierge \u00e0 l&rsquo;Enfant au sommet. Dans la composition, ce triangle s\u2019inscrit dans une figure g\u00e9om\u00e9trique plus large, plut\u00f4t losange, avec les lignes plus fluides des fid\u00e8les agenouill\u00e9s. L&rsquo;homme soign\u00e9 avec son collier est probablement le commanditaire de la famille Colonna, son regard tourn\u00e9 cherche le contact virtuel avec nous, tout comme le saint \u00e0 droite.<\/p>\n<p><\/p>\n<p style=\"text-align: justify;\">Colonna aurait command\u00e9 l&rsquo;\u0153uvre au Caravage pour une \u00e9glise des Dominicains \u00e0 Naples, mais ceux-ci l&rsquo;auraient carr\u00e9ment refus\u00e9e, \u00e0 leur go\u00fbt trop \u00e9cart\u00e9e des conventions et des repr\u00e9sentations id\u00e9alis\u00e9es des saints. Elle s\u2019est retrouv\u00e9e sur le march\u00e9 de l\u2019art \u00e0 Anvers.<\/p>\n<p><\/p>\n<p style=\"text-align: justify;\">En revanche, l\u2019\u0153uvre a \u00e9t\u00e9 tr\u00e8s appr\u00e9ci\u00e9e par un visiteur de marque, l\u2019empereur autrichien Joseph II, qui est venu le soir du 19 juin 1781, l&rsquo;a vue et l\u2019a r\u00e9serv\u00e9e, ainsi que d\u2019autres \u0153uvres, pour la collection d&rsquo;art imp\u00e9riale \u00e0 Vienne. Homme \u00e9clair\u00e9 et \u00e9conome, il \u00e9crit \u00e0 son chancelier en 1785:<\/p>\n<p><\/p>\n<p style=\"padding-left: 40px; text-align: justify;\"><em>\u00abJe ne doute pas que nous puissions les acqu\u00e9rir, si nous les \u00e9changeons contre un ou deux autres tableaux du catalogue. Donnez aux religieux l\u2019un ou l\u2019autre Rubens, un de Crayer, ou une \u0153uvre d\u2019un quelconque autre ma\u00eetre qui a leur faveur. Pr\u00e9venez le ministre pl\u00e9nipotentiaire \u00e0 Bruxelles et dites-lui de faire attention \u00e0 l&#8217;emballage et au transport.\u00a0\u00bb<\/em><\/p>\n<p><\/p>\n<p style=\"text-align: justify;\">Les Dominicains n\u00e9goci\u00e8rent pour en faire une copie fid\u00e8le; qui est expos\u00e9e jusqu&rsquo;\u00e0 ce jour.<\/p>\n<p><\/p>\n<p style=\"text-align: justify;\"><span style=\"color: #008000;\"><strong>Itin\u00e9raire Nord: \u00e0 la sortie par le Veemarkt\/March\u00e9 au b\u00e9tail, traversez vers la Korte Doornikstraat\/Courte rue de Tournai, tourner \u00e0 gauche dans la Zirkstraat\/rue Zirk jusqu&rsquo;\u00e0 la Hofstraat\/rue du Jardin: au n\u00b022 vous verrez une plaque comm\u00e9morative pour Adam Van Noort.<br \/>\nTournez \u00e0 gauche le long de l&rsquo;Oude Beurs\/rue de la Vielle bourse, tournez \u00e0 droite dans la Schoenmakersstraat\/rue de la Cordonnerie, tournez \u00e0 gauche dans Kaasrui\/Canal au Fromage, tout droit sur Wijngaardstraat\/rue de la Vigne,\u00a0vous arriverez \u00e0 <a href=\"https:\/\/rubens-antwerpen.be\/fr\/home\/nord\/eglise-saint-charles-borromee\/\">l&rsquo;\u00e9glise Saint-Charles-Borrom\u00e9e<\/a>. <\/strong><\/span><\/p>\n\t\t\t\t\t\t\t\t<\/div>\n\t\t\t\t<\/div>\n\t\t\t\t\t<\/div>\n\t\t\t\t<\/div>\n\t\t\t\t<\/div>\n\t\t","protected":false},"excerpt":{"rendered":"<p>Le Caravage (copie d&rsquo;apr\u00e8s) : Vierge du Rosaire Vers 1623, un groupe d&rsquo;artistes, dont Rubens, Hendrick van Balen et Jan [&hellip;]<\/p>\n","protected":false},"author":1,"featured_media":0,"parent":3225,"menu_order":336,"comment_status":"closed","ping_status":"closed","template":"","meta":{"site-sidebar-layout":"no-sidebar","site-content-layout":"","ast-site-content-layout":"full-width-container","site-content-style":"default","site-sidebar-style":"default","ast-global-header-display":"","ast-banner-title-visibility":"","ast-main-header-display":"","ast-hfb-above-header-display":"","ast-hfb-below-header-display":"","ast-hfb-mobile-header-display":"","site-post-title":"disabled","ast-breadcrumbs-content":"","ast-featured-img":"disabled","footer-sml-layout":"","ast-disable-related-posts":"","theme-transparent-header-meta":"","adv-header-id-meta":"","stick-header-meta":"","header-above-stick-meta":"","header-main-stick-meta":"","header-below-stick-meta":"","astra-migrate-meta-layouts":"default","ast-page-background-enabled":"default","ast-page-background-meta":{"desktop":{"background-color":"var(--ast-global-color-4)","background-image":"","background-repeat":"repeat","background-position":"center center","background-size":"auto","background-attachment":"scroll","background-type":"","background-media":"","overlay-type":"","overlay-color":"","overlay-opacity":"","overlay-gradient":""},"tablet":{"background-color":"","background-image":"","background-repeat":"repeat","background-position":"center center","background-size":"auto","background-attachment":"scroll","background-type":"","background-media":"","overlay-type":"","overlay-color":"","overlay-opacity":"","overlay-gradient":""},"mobile":{"background-color":"","background-image":"","background-repeat":"repeat","background-position":"center center","background-size":"auto","background-attachment":"scroll","background-type":"","background-media":"","overlay-type":"","overlay-color":"","overlay-opacity":"","overlay-gradient":""}},"ast-content-background-meta":{"desktop":{"background-color":"var(--ast-global-color-5)","background-image":"","background-repeat":"repeat","background-position":"center center","background-size":"auto","background-attachment":"scroll","background-type":"","background-media":"","overlay-type":"","overlay-color":"","overlay-opacity":"","overlay-gradient":""},"tablet":{"background-color":"var(--ast-global-color-5)","background-image":"","background-repeat":"repeat","background-position":"center center","background-size":"auto","background-attachment":"scroll","background-type":"","background-media":"","overlay-type":"","overlay-color":"","overlay-opacity":"","overlay-gradient":""},"mobile":{"background-color":"var(--ast-global-color-5)","background-image":"","background-repeat":"repeat","background-position":"center center","background-size":"auto","background-attachment":"scroll","background-type":"","background-media":"","overlay-type":"","overlay-color":"","overlay-opacity":"","overlay-gradient":""}},"footnotes":""},"class_list":["post-3244","page","type-page","status-publish","hentry"],"aioseo_notices":[],"_links":{"self":[{"href":"https:\/\/rubens-antwerpen.be\/fr\/wp-json\/wp\/v2\/pages\/3244","targetHints":{"allow":["GET"]}}],"collection":[{"href":"https:\/\/rubens-antwerpen.be\/fr\/wp-json\/wp\/v2\/pages"}],"about":[{"href":"https:\/\/rubens-antwerpen.be\/fr\/wp-json\/wp\/v2\/types\/page"}],"author":[{"embeddable":true,"href":"https:\/\/rubens-antwerpen.be\/fr\/wp-json\/wp\/v2\/users\/1"}],"replies":[{"embeddable":true,"href":"https:\/\/rubens-antwerpen.be\/fr\/wp-json\/wp\/v2\/comments?post=3244"}],"version-history":[{"count":10,"href":"https:\/\/rubens-antwerpen.be\/fr\/wp-json\/wp\/v2\/pages\/3244\/revisions"}],"predecessor-version":[{"id":6089,"href":"https:\/\/rubens-antwerpen.be\/fr\/wp-json\/wp\/v2\/pages\/3244\/revisions\/6089"}],"up":[{"embeddable":true,"href":"https:\/\/rubens-antwerpen.be\/fr\/wp-json\/wp\/v2\/pages\/3225"}],"wp:attachment":[{"href":"https:\/\/rubens-antwerpen.be\/fr\/wp-json\/wp\/v2\/media?parent=3244"}],"curies":[{"name":"wp","href":"https:\/\/api.w.org\/{rel}","templated":true}]}}