{"id":3247,"date":"2024-04-12T12:07:45","date_gmt":"2024-04-12T10:07:45","guid":{"rendered":"https:\/\/rubens-antwerpen.be\/home\/nord\/eglise-saint-charles-borromee\/"},"modified":"2025-08-19T14:32:35","modified_gmt":"2025-08-19T12:32:35","slug":"eglise-saint-charles-borromee","status":"publish","type":"page","link":"https:\/\/rubens-antwerpen.be\/fr\/home\/nord\/eglise-saint-charles-borromee\/","title":{"rendered":"\u00c9glise Saint-Charles Borrom\u00e9e"},"content":{"rendered":"\t\t<div data-elementor-type=\"wp-page\" data-elementor-id=\"3247\" class=\"elementor elementor-3247 elementor-184\">\n\t\t\t\t<div class=\"elementor-element elementor-element-7b12210 e-flex e-con-boxed e-con e-parent\" data-id=\"7b12210\" data-element_type=\"container\" data-e-type=\"container\">\n\t\t\t\t\t<div class=\"e-con-inner\">\n\t\t\t\t<div class=\"elementor-element elementor-element-8f14707 elementor-widget elementor-widget-heading\" data-id=\"8f14707\" data-element_type=\"widget\" data-e-type=\"widget\" data-widget_type=\"heading.default\">\n\t\t\t\t<div class=\"elementor-widget-container\">\n\t\t\t\t\t<h2 class=\"elementor-heading-title elementor-size-default\">Hendrik Conscienceplein (place Conscience) : l'\u00e9glise Saint-Charles-Borrom\u00e9e<\/h2>\t\t\t\t<\/div>\n\t\t\t\t<\/div>\n\t\t\t\t\t<\/div>\n\t\t\t\t<\/div>\n\t\t<div class=\"elementor-element elementor-element-d4a25af e-flex e-con-boxed e-con e-parent\" data-id=\"d4a25af\" data-element_type=\"container\" data-e-type=\"container\">\n\t\t\t\t\t<div class=\"e-con-inner\">\n\t\t\t\t<div class=\"elementor-element elementor-element-af206e7 elementor-widget elementor-widget-text-editor\" data-id=\"af206e7\" data-element_type=\"widget\" data-e-type=\"widget\" data-widget_type=\"text-editor.default\">\n\t\t\t\t<div class=\"elementor-widget-container\">\n\t\t\t\t\t\t\t\t\t<p style=\"text-align: justify;\"><a href=\"https:\/\/rubens-antwerpen.be\/wp-content\/uploads\/\/340P-Sint-Carolus-Borromeuskerk-225x300.jpg\"><img fetchpriority=\"high\" decoding=\"async\" class=\"wp-image-630 size-medium alignleft\" src=\"https:\/\/rubens-antwerpen.be\/wp-content\/uploads\/\/340P-Sint-Carolus-Borromeuskerk-225x300.jpg\" alt=\"\" width=\"225\" height=\"300\" srcset=\"https:\/\/rubens-antwerpen.be\/wp-content\/uploads\/340P-Sint-Carolus-Borromeuskerk-225x300.jpg 225w, https:\/\/rubens-antwerpen.be\/wp-content\/uploads\/340P-Sint-Carolus-Borromeuskerk.jpg 768w\" sizes=\"(max-width: 225px) 100vw, 225px\" \/><\/a><\/p>\n<p><\/p>\n<p style=\"text-align: justify;\"><em>Le tr\u00e8s r\u00e9v\u00e9rend p\u00e8re prieur de la Soci\u00e9t\u00e9 de J\u00e9sus d&rsquo;Anvers, Jacobus Rinus, prie Monsieur Pierre Paul Rubens et son collaborateur, Monsieur Anton van Dijck, tous deux peintres et ma\u00eetres de Saint-Luc \u00e0 Anvers, de lui fournir trente-six peintures de plafonds et trois sc\u00e8nes d&rsquo;autel pour servir de d\u00e9coration de l&rsquo;\u00e9glise [Saint-Charles-Borrom\u00e9e] dans la ville de c\u00e9ans.<\/em><\/p>\n<p><\/p>\n<hr \/>\n<p><\/p>\n<p style=\"text-align: justify;\">Nous ch\u00e9rissons de plus en plus notre patrimoine, mais nous ignorons g\u00e9n\u00e9ralement le fait que dans les b\u00e2timents historiques tels que nos \u00e9glises monumentales, les styles de diff\u00e9rents si\u00e8cles s&rsquo;entrem\u00ealent. Ce n&rsquo;est pas le cas en l\u2019occurrence: en raison de sa courte dur\u00e9e de construction (1615-1621), inspir\u00e9e du mod\u00e8le de la Ges\u00f9 \u00e0 Rome, et regorgeant d\u2019\u0153uvres d&rsquo;art, cette \u00e9glise, formant ensemble avec la place, est un chef d\u2019\u0153uvre de l&rsquo;art baroque.<\/p>\n<p><\/p>\n<p style=\"text-align: justify;\">Nos artistes du baroque \u00e9taient conscients de franchir une nouvelle \u00e9tape dans l&rsquo;histoire et de travailler consciemment \u00e0 un renouveau de la Renaissance, avec une attention sp\u00e9ciale pour l&rsquo;homme, son anatomie et ses id\u00e9es (appel\u00e9e: humanisme) et pour la nature (utilisation de la perspective).<\/p>\n<p><\/p>\n<p style=\"text-align: justify;\">D\u00e9j\u00e0 dans l\u2019introduction de ses <em>Palazzi di Genova <\/em>, Rubens s\u2019apitoie sur l&rsquo;architecture m\u00e9di\u00e9vale:<\/p>\n<p><\/p>\n<p style=\"text-align: justify; padding-left: 40px;\"><em>Al benigno lettore: Vediamo che in queste parti, si v\u00e0 poco \u00e0 poco inuecchiando &amp; abolendo la maniera d&rsquo;Architectura, che si chiama Barbara, \u00f2 Gothica, &#8230;<\/em><\/p>\n<p><\/p>\n<p style=\"text-align: justify; padding-left: 40px;\"><em>Cher lecteur: Nous avons vu que dans nos contr\u00e9es, le style architectural dit barbare ou gothique se transforme peu \u00e0 peu et dispara\u00eet. Les personnes de bon go\u00fbt ont introduit, au grand honneur et \u00e0 l&#8217;embellissement de la patrie, le style de construction qui respecte la vraie sym\u00e9trie et qui est conforme aux lois \u00e9tablies par les Grecs et les Romains. Nous en voyons un exemple dans les splendides \u00e9glises que la v\u00e9n\u00e9rable compagnie de J\u00e9sus vient d&rsquo;\u00e9riger \u00e0 Bruxelles et \u00e0 Anvers.<\/em><\/p>\n<p><\/p>\n<p style=\"text-align: justify;\">La fa\u00e7ade, l\u2019int\u00e9rieur et surtout la chapelle de la Vierge illustrent comment les J\u00e9suites en tant que m\u00e9c\u00e8nes, et Rubens, parmi d\u2019autres, en tant qu\u2019interpr\u00e8tes virtuoses, ont cr\u00e9\u00e9 un ensemble impressionnant. Diff\u00e9rentes formes d\u2019art jouent un jeu\u00a0; \u00e0 nous de sortir les sculptures et les ornements de l\u2019ombre des niches.<\/p>\n<p><\/p>\n<p style=\"text-align: justify;\">L&rsquo;abondance tangible des mat\u00e9riaux \u00e9tait destin\u00e9e \u00e0 nous faire ressentir les richesses spirituelles de la foi : ouverture sur une vie au-del\u00e0 de l&rsquo;existence quotidienne et isol\u00e9e, mais une vie incluse dans la joie d\u2019une communaut\u00e9.<\/p>\n<p><\/p>\n<p style=\"text-align: justify;\">Ces j\u00e9suites utilisaient la parole dans leur pr\u00e9dication, mais savaient l&rsquo;illustrer par l\u2019image. De cette fa\u00e7on, ils faisaient appel \u00e0 la fois \u00e0 la raison et au sentiment. Le spectateur devait \u00eatre entra\u00een\u00e9 dans la sc\u00e8ne repr\u00e9sent\u00e9e et participer \u00e0 la repr\u00e9sentation religieuse.<\/p>\n<p><\/p>\n<p style=\"text-align: justify;\">Rubens est pr\u00e9sent avec une \u0153uvre plus petite (le \u2018<em>Retour de la Sainte Famille\u2019<\/em>) et une version de \u2018<em>L<\/em>\u2019<em>Assomption de Marie\u2019<\/em>. L&rsquo;histoire de la vie de Marie est pr\u00e9sent\u00e9e en-dessous, en petits formats, par Hendrick van Balen.<\/p>\n<p><\/p>\n<p style=\"text-align: justify;\">Anthony Van Dyck, mentionn\u00e9 nominativement dans le contrat, n&rsquo;a laiss\u00e9 que peu de traces de sa pr\u00e9sence, car l&rsquo;incendie du 18 juillet 1718 a d\u00e9truit les 39 soffites ou peintures de plafond de Rubens auxquelles il avait collabor\u00e9 contractuellement. Dans l&rsquo;int\u00e9rieur actuel, des miroirs et des reproductions des esquisses \u00e9voquent ce programme d\u00e9coratif.<\/p>\n<p><\/p>\n<p style=\"text-align: justify;\">Dans ce qui est aujourd&rsquo;hui la Biblioth\u00e8que du Patrimoine Litt\u00e9raire Flamand, en face, se r\u00e9unissaient les sodalit\u00e9s, les associations de la\u00efcs par lesquelles les j\u00e9suites tenaient l&rsquo;intelligentsia \u2018sous leurs gardes\u2019 . Anthony van Dyck a peint deux \u0153uvres pour sa confr\u00e9rie, celle qu\u2019on pourrait appeler le Juv\u00e9nat Ag\u00e9\/<em>Bejaerde Jongmans<\/em>, adultes c\u00e9libataires, pour lesquels il n&rsquo;a pas factur\u00e9 le plein prix de march\u00e9. Il faut aller dans les mus\u00e9es \u00e9trangers pour les voir parce qu\u2019apr\u00e8s la dissolution de l&rsquo;ordre des j\u00e9suites, leurs biens ont \u00e9t\u00e9 vendus, dispers\u00e9s et donc aussi: conserv\u00e9s en tant qu&rsquo;ambassadeurs de l&rsquo;art.<\/p>\n\t\t\t\t\t\t\t\t<\/div>\n\t\t\t\t<\/div>\n\t\t\t\t\t<\/div>\n\t\t\t\t<\/div>\n\t\t<div class=\"elementor-element elementor-element-260887f e-flex e-con-boxed e-con e-parent\" data-id=\"260887f\" data-element_type=\"container\" data-e-type=\"container\">\n\t\t\t\t\t<div class=\"e-con-inner\">\n\t\t<div class=\"elementor-element elementor-element-113930e e-con-full e-flex e-con e-child\" data-id=\"113930e\" data-element_type=\"container\" data-e-type=\"container\">\n\t\t\t\t<div class=\"elementor-element elementor-element-e8b4e97 elementor-widget elementor-widget-image\" data-id=\"e8b4e97\" data-element_type=\"widget\" data-e-type=\"widget\" data-widget_type=\"image.default\">\n\t\t\t\t<div class=\"elementor-widget-container\">\n\t\t\t\t\t\t\t\t\t\t\t\t\t\t\t\t<a href=\"https:\/\/www.rubens-antwerpen.be\/wp-content\/uploads\/341P-SCB-AVD-Zelfportret.jpg%20\">\n\t\t\t\t\t\t\t<img decoding=\"async\" width=\"300\" height=\"300\" src=\"https:\/\/rubens-antwerpen.be\/wp-content\/uploads\/341Z-SCB-AVD-Zelfportret.jpg\" class=\"attachment-medium size-medium wp-image-2287\" alt=\"\" srcset=\"https:\/\/rubens-antwerpen.be\/wp-content\/uploads\/341Z-SCB-AVD-Zelfportret.jpg 300w, https:\/\/rubens-antwerpen.be\/wp-content\/uploads\/341Z-SCB-AVD-Zelfportret-150x150.jpg 150w\" sizes=\"(max-width: 300px) 100vw, 300px\" \/>\t\t\t\t\t\t\t\t<\/a>\n\t\t\t\t\t\t\t\t\t\t\t\t\t\t\t<\/div>\n\t\t\t\t<\/div>\n\t\t\t\t<div class=\"elementor-element elementor-element-29af074 elementor-widget elementor-widget-text-editor\" data-id=\"29af074\" data-element_type=\"widget\" data-e-type=\"widget\" data-widget_type=\"text-editor.default\">\n\t\t\t\t<div class=\"elementor-widget-container\">\n\t\t\t\t\t\t\t\t\t<p style=\"text-align: center;\"><a href=\"https:\/\/rubens-antwerpen.be\/fr\/home\/nord\/eglise-saint-charles-borromee\/antoon-van-dyck-autoportrait\/\">Anthony van Dyck:<br \/>\nAutoportrait 1627<\/a><\/p>\n<audio class=\"wp-audio-shortcode\" id=\"audio-3247-1\" preload=\"none\" style=\"width: 100%;\" controls=\"controls\"><source type=\"audio\/mpeg\" src=\"http:\/\/rubens-antwerpen.be\/wp-content\/uploads\/341F-AVD-Zelfportret.mp3?_=1\" \/><a href=\"http:\/\/rubens-antwerpen.be\/wp-content\/uploads\/341F-AVD-Zelfportret.mp3\">http:\/\/rubens-antwerpen.be\/wp-content\/uploads\/341F-AVD-Zelfportret.mp3<\/a><\/audio>\n\t\t\t\t\t\t\t\t<\/div>\n\t\t\t\t<\/div>\n\t\t\t\t<\/div>\n\t\t<div class=\"elementor-element elementor-element-167b984 e-con-full e-flex e-con e-child\" data-id=\"167b984\" data-element_type=\"container\" data-e-type=\"container\">\n\t\t\t\t<\/div>\n\t\t<div class=\"elementor-element elementor-element-44d0f68 e-con-full e-flex e-con e-child\" data-id=\"44d0f68\" data-element_type=\"container\" data-e-type=\"container\">\n\t\t\t\t<\/div>\n\t\t<div class=\"elementor-element elementor-element-7865d05 e-con-full e-flex e-con e-child\" data-id=\"7865d05\" data-element_type=\"container\" data-e-type=\"container\">\n\t\t\t\t<\/div>\n\t\t\t\t\t<\/div>\n\t\t\t\t<\/div>\n\t\t\t\t<\/div>\n\t\t","protected":false},"excerpt":{"rendered":"<p>Hendrik Conscienceplein (place Conscience) : l&rsquo;\u00e9glise Saint-Charles-Borrom\u00e9e Le tr\u00e8s r\u00e9v\u00e9rend p\u00e8re prieur de la Soci\u00e9t\u00e9 de J\u00e9sus d&rsquo;Anvers, Jacobus Rinus, [&hellip;]<\/p>\n","protected":false},"author":1,"featured_media":0,"parent":3213,"menu_order":340,"comment_status":"closed","ping_status":"closed","template":"","meta":{"site-sidebar-layout":"no-sidebar","site-content-layout":"","ast-site-content-layout":"full-width-container","site-content-style":"default","site-sidebar-style":"default","ast-global-header-display":"","ast-banner-title-visibility":"","ast-main-header-display":"","ast-hfb-above-header-display":"","ast-hfb-below-header-display":"","ast-hfb-mobile-header-display":"","site-post-title":"","ast-breadcrumbs-content":"","ast-featured-img":"disabled","footer-sml-layout":"","ast-disable-related-posts":"","theme-transparent-header-meta":"","adv-header-id-meta":"","stick-header-meta":"","header-above-stick-meta":"","header-main-stick-meta":"","header-below-stick-meta":"","astra-migrate-meta-layouts":"default","ast-page-background-enabled":"default","ast-page-background-meta":{"desktop":{"background-color":"var(--ast-global-color-4)","background-image":"","background-repeat":"repeat","background-position":"center center","background-size":"auto","background-attachment":"scroll","background-type":"","background-media":"","overlay-type":"","overlay-color":"","overlay-opacity":"","overlay-gradient":""},"tablet":{"background-color":"","background-image":"","background-repeat":"repeat","background-position":"center center","background-size":"auto","background-attachment":"scroll","background-type":"","background-media":"","overlay-type":"","overlay-color":"","overlay-opacity":"","overlay-gradient":""},"mobile":{"background-color":"","background-image":"","background-repeat":"repeat","background-position":"center center","background-size":"auto","background-attachment":"scroll","background-type":"","background-media":"","overlay-type":"","overlay-color":"","overlay-opacity":"","overlay-gradient":""}},"ast-content-background-meta":{"desktop":{"background-color":"var(--ast-global-color-5)","background-image":"","background-repeat":"repeat","background-position":"center center","background-size":"auto","background-attachment":"scroll","background-type":"","background-media":"","overlay-type":"","overlay-color":"","overlay-opacity":"","overlay-gradient":""},"tablet":{"background-color":"var(--ast-global-color-5)","background-image":"","background-repeat":"repeat","background-position":"center center","background-size":"auto","background-attachment":"scroll","background-type":"","background-media":"","overlay-type":"","overlay-color":"","overlay-opacity":"","overlay-gradient":""},"mobile":{"background-color":"var(--ast-global-color-5)","background-image":"","background-repeat":"repeat","background-position":"center center","background-size":"auto","background-attachment":"scroll","background-type":"","background-media":"","overlay-type":"","overlay-color":"","overlay-opacity":"","overlay-gradient":""}},"footnotes":""},"class_list":["post-3247","page","type-page","status-publish","hentry"],"aioseo_notices":[],"_links":{"self":[{"href":"https:\/\/rubens-antwerpen.be\/fr\/wp-json\/wp\/v2\/pages\/3247","targetHints":{"allow":["GET"]}}],"collection":[{"href":"https:\/\/rubens-antwerpen.be\/fr\/wp-json\/wp\/v2\/pages"}],"about":[{"href":"https:\/\/rubens-antwerpen.be\/fr\/wp-json\/wp\/v2\/types\/page"}],"author":[{"embeddable":true,"href":"https:\/\/rubens-antwerpen.be\/fr\/wp-json\/wp\/v2\/users\/1"}],"replies":[{"embeddable":true,"href":"https:\/\/rubens-antwerpen.be\/fr\/wp-json\/wp\/v2\/comments?post=3247"}],"version-history":[{"count":17,"href":"https:\/\/rubens-antwerpen.be\/fr\/wp-json\/wp\/v2\/pages\/3247\/revisions"}],"predecessor-version":[{"id":6173,"href":"https:\/\/rubens-antwerpen.be\/fr\/wp-json\/wp\/v2\/pages\/3247\/revisions\/6173"}],"up":[{"embeddable":true,"href":"https:\/\/rubens-antwerpen.be\/fr\/wp-json\/wp\/v2\/pages\/3213"}],"wp:attachment":[{"href":"https:\/\/rubens-antwerpen.be\/fr\/wp-json\/wp\/v2\/media?parent=3247"}],"curies":[{"name":"wp","href":"https:\/\/api.w.org\/{rel}","templated":true}]}}