{"id":3249,"date":"2024-06-19T16:13:03","date_gmt":"2024-06-19T14:13:03","guid":{"rendered":"https:\/\/rubens-antwerpen.be\/home\/nord\/eglise-saint-charles-borromee\/antoon-van-dyck-autoportrait\/"},"modified":"2025-06-21T12:16:12","modified_gmt":"2025-06-21T10:16:12","slug":"antoon-van-dyck-autoportrait","status":"publish","type":"page","link":"https:\/\/rubens-antwerpen.be\/fr\/home\/nord\/eglise-saint-charles-borromee\/antoon-van-dyck-autoportrait\/","title":{"rendered":"Antoon van Dyck: autoportrait"},"content":{"rendered":"\t\t<div data-elementor-type=\"wp-page\" data-elementor-id=\"3249\" class=\"elementor elementor-3249 elementor-968\">\n\t\t\t\t<div class=\"elementor-element elementor-element-ad42995 e-flex e-con-boxed e-con e-parent\" data-id=\"ad42995\" data-element_type=\"container\" data-e-type=\"container\">\n\t\t\t\t\t<div class=\"e-con-inner\">\n\t\t\t\t<div class=\"elementor-element elementor-element-dbf73d7 elementor-widget elementor-widget-heading\" data-id=\"dbf73d7\" data-element_type=\"widget\" data-e-type=\"widget\" data-widget_type=\"heading.default\">\n\t\t\t\t<div class=\"elementor-widget-container\">\n\t\t\t\t\t<h2 class=\"elementor-heading-title elementor-size-default\">Chronologie 1627 : autoportrait d'Anthony van Dyck<\/h2>\t\t\t\t<\/div>\n\t\t\t\t<\/div>\n\t\t\t\t\t<\/div>\n\t\t\t\t<\/div>\n\t\t<div class=\"elementor-element elementor-element-10cf0b8 e-flex e-con-boxed e-con e-parent\" data-id=\"10cf0b8\" data-element_type=\"container\" data-e-type=\"container\">\n\t\t\t\t\t<div class=\"e-con-inner\">\n\t\t\t\t<div class=\"elementor-element elementor-element-fbbc222 elementor-widget elementor-widget-text-editor\" data-id=\"fbbc222\" data-element_type=\"widget\" data-e-type=\"widget\" data-widget_type=\"text-editor.default\">\n\t\t\t\t<div class=\"elementor-widget-container\">\n\t\t\t\t\t\t\t\t\t<p style=\"text-align: justify;\"><a href=\"http:\/\/rubens-antwerpen.be\/wp-content\/uploads\/341P-SCB-AVD-Zelfportret.jpg\"><img fetchpriority=\"high\" decoding=\"async\" class=\"wp-image-633 size-medium alignleft\" src=\"http:\/\/rubens-antwerpen.be\/wp-content\/uploads\/341P-SCB-AVD-Zelfportret-219x300.jpg\" alt=\"\" width=\"219\" height=\"300\" srcset=\"https:\/\/rubens-antwerpen.be\/wp-content\/uploads\/341P-SCB-AVD-Zelfportret-219x300.jpg 219w, https:\/\/rubens-antwerpen.be\/wp-content\/uploads\/341P-SCB-AVD-Zelfportret.jpg 748w\" sizes=\"(max-width: 219px) 100vw, 219px\" \/><\/a><\/p>\n<p><\/p>\n<p style=\"text-align: justify;\"><em>\u00c0 son retour d&rsquo;Italie, Anthony van Dyck revient un instant sur le pass\u00e9. Nous n&rsquo;avons aucune de correspondance de sa part, mais si plusieurs romanciers ont combl\u00e9 ces lacunes, pourquoi pas nous ? <\/em><\/p>\n<p><\/p>\n<hr \/>\n<p><\/p>\n<p style=\"text-align: justify;\"><em>Anthony van Dyck dit, en septembre 1627 :<\/em><\/p>\n<p><\/p>\n<p style=\"text-align: justify;\">Je suis tellement heureux d&rsquo;\u00eatre de retour \u00e0 Anvers apr\u00e8s avoir pass\u00e9 6 ans en Italie !<\/p>\n<p><\/p>\n<p style=\"text-align: justify;\">Lorsque je me prom\u00e8ne dans la ville et je contemple les lieux qui rem\u00e9morent le pass\u00e9, je ne peux m\u2019emp\u00eacher de penser \u00e0 tout ce qui s\u2019est pass\u00e9 dans ma vie et dire que je n\u2019ai pas encore trente ans !<\/p>\n<p><\/p>\n<p style=\"text-align: justify;\">Aux abords de la Grand-Place, on me montre la plaque comm\u00e9morative \u00e0 \u2018La danse de l&rsquo;ours\/Den Beerendans\u2019, o\u00f9 l\u2019on dit que je suis n\u00e9 le 22 mars 1599, baptis\u00e9 le lendemain dans l&rsquo;\u00e9glise Notre-Dame\u00a0; en tant que nouveau-n\u00e9, je n\u2019en ai aucun souvenir. Vers No\u00ebl de cette ann\u00e9e-l\u00e0, mon p\u00e8re, Franchois, et ma m\u00e8re, Maria Cuypers, ont d\u00e9m\u00e9nag\u00e9 dans la grande maison \u2018Saint-Paul dans le ch\u00e2teau de Lille\u2019 situ\u00e9e dans la Korte Nieuwstraat\/Courte rue Neuve (le num\u00e9ro 42 aujourd&rsquo;hui disparu).<\/p>\n<p><\/p>\n<p style=\"text-align: justify;\">Je me souviens tr\u00e8s bien de cette \u00e9poque: mes parents avaient fait bonne fortune avec leur commerce, au point d\u2019acheter la maison voisine &lsquo;La Ville de Gand&rsquo;.<\/p>\n<p><\/p>\n<p style=\"text-align: justify;\">Ma m\u00e8re tenait sa propre boutique de coquetteries: linge, tricots, rubans, dentelles, aiguilles, tout ce qui se rapporte \u00e0 l\u2019\u00e9l\u00e9gance. Est-ce que j\u2019h\u00e9rit\u00e9 de cette passion pour le raffinement\u00a0? Peut-\u00eatre.<\/p>\n<p><\/p>\n<p style=\"text-align: justify;\">Mais \u00e0 l&rsquo;\u00e2ge de onze ans, j&rsquo;\u00e9tais d\u00e9j\u00e0 apprenti chez ma\u00eetre Hendrick van Balen \u00e0 la Longue rue Neuve\/Lange Nieuwstraat (maison disparue num\u00e9ro 78), ce qui m&rsquo;a permis de peindre mon premier autoportrait trois ans plus tard. Celui que je vous pr\u00e9sente ici date de quelques ann\u00e9es apr\u00e8s, je ne me souviens plus exactement, cela devait \u00eatre entre 1615 et 1616, juste au moment o\u00f9 je travaillais d\u00e9j\u00e0 avec Jan Brueghel et o\u00f9 Herman Servaes \u00e9tait mon premier apprenti. J&rsquo;\u00e9tais tr\u00e8s en avance sur mon temps\u00a0: ce n\u2019est que le 11 f\u00e9vrier 1618 que je suis devenu ma\u00eetre dans la guilde de Saint-Luc.<\/p>\n<p><\/p>\n<p style=\"text-align: justify;\">Mon p\u00e8re a-t-il eu l\u2019intuition de me rendre ind\u00e9pendant en me d\u00e9clarant \u2018adulte\u2019 presque simultan\u00e9ment, cinq jours plus tard ? J\u2019en suis convaincu; cette \u00e9mancipation m&rsquo;a permis de d\u00e9fendre ses int\u00e9r\u00eats \u00e0 plusieurs reprises en justice, devant les \u00e9chevins!<\/p>\n<p><\/p>\n<p style=\"text-align: justify;\">Mais revenons \u00e0 mon portrait. Durant ces ann\u00e9es, j\u2019ai eu la chance de travailler avec le plus grand de nos peintres; entendez, ma\u00eetre Pietro Pauolo Rubens. Il m&rsquo;a enrichi des ses id\u00e9es, m&rsquo;a permis de r\u00e9aliser ses croquis et parfois, se vantait de moi comme \u00ab <em>meglior mio discepulo<\/em> \u00bb. Comme lui, j&rsquo;ai voyag\u00e9 en Italie pour y travailler, comprenons-nous bien! Maintenant que Rubens est souvent sollicit\u00e9 directement par notre archiduchesse, les commandes des tableaux sont souvent attribu\u00e9es \u00e0 ses meilleurs collaborateurs.<\/p>\n<p><\/p>\n<p style=\"text-align: justify;\">Suis-je ambitieux ? Admettons. Ai-je autant de chance en amour ? J\u2019en doute. J\u2019ai rencontr\u00e9 ces dames de la noblesse en Italie et ici, je les ai portraitur\u00e9es avec une grande d&rsquo;affection. Cependant, pour elles nous restons des roturiers, des enfants de marchands, des fournisseurs de d\u00e9coration&#8230;<\/p>\n<p><\/p>\n<p style=\"text-align: justify;\">Si je pouvais voir l&rsquo;avenir ?<\/p>\n<p><\/p>\n<p style=\"text-align: justify;\">J&rsquo;ai d\u00e9j\u00e0 mis de c\u00f4t\u00e9 quelques \u00e9conomies; d\u00e8s que la ville \u00e9mettra un nouvel emprunt, je serai parmi les investisseurs.<\/p>\n<p><\/p>\n<p style=\"text-align: justify;\">Et pourrai-je un jour retourner \u00e0 Londres ? La mode vestimentaire \u00e9volue et devient de plus en plus color\u00e9e. Quelle opportunit\u00e9 pour la cr\u00e9ativit\u00e9 d\u2019un peintre\u00a0!<\/p>\n<p><\/p>\n<p style=\"text-align: justify;\"><span style=\"color: #008000;\"><strong>Ici, vous pouvez rejoindre en quelques pas le court itin\u00e9raire \u00ab\u00a0<a href=\"https:\/\/rubens-antwerpen.be\/fr\/home\/centre\/\">Centre<\/a>\u00a0\u00bb qui vous m\u00e8nera \u00e0 la cath\u00e9drale Notre-Dame.<\/strong><\/span><\/p>\n\t\t\t\t\t\t\t\t<\/div>\n\t\t\t\t<\/div>\n\t\t\t\t\t<\/div>\n\t\t\t\t<\/div>\n\t\t\t\t<\/div>\n\t\t","protected":false},"excerpt":{"rendered":"<p>Chronologie 1627 : autoportrait d&rsquo;Anthony van Dyck \u00c0 son retour d&rsquo;Italie, Anthony van Dyck revient un instant sur le pass\u00e9. [&hellip;]<\/p>\n","protected":false},"author":1,"featured_media":0,"parent":3247,"menu_order":341,"comment_status":"closed","ping_status":"closed","template":"","meta":{"site-sidebar-layout":"no-sidebar","site-content-layout":"","ast-site-content-layout":"full-width-container","site-content-style":"default","site-sidebar-style":"default","ast-global-header-display":"","ast-banner-title-visibility":"","ast-main-header-display":"","ast-hfb-above-header-display":"","ast-hfb-below-header-display":"","ast-hfb-mobile-header-display":"","site-post-title":"disabled","ast-breadcrumbs-content":"","ast-featured-img":"disabled","footer-sml-layout":"","ast-disable-related-posts":"","theme-transparent-header-meta":"","adv-header-id-meta":"","stick-header-meta":"","header-above-stick-meta":"","header-main-stick-meta":"","header-below-stick-meta":"","astra-migrate-meta-layouts":"default","ast-page-background-enabled":"default","ast-page-background-meta":{"desktop":{"background-color":"var(--ast-global-color-4)","background-image":"","background-repeat":"repeat","background-position":"center center","background-size":"auto","background-attachment":"scroll","background-type":"","background-media":"","overlay-type":"","overlay-color":"","overlay-opacity":"","overlay-gradient":""},"tablet":{"background-color":"","background-image":"","background-repeat":"repeat","background-position":"center center","background-size":"auto","background-attachment":"scroll","background-type":"","background-media":"","overlay-type":"","overlay-color":"","overlay-opacity":"","overlay-gradient":""},"mobile":{"background-color":"","background-image":"","background-repeat":"repeat","background-position":"center center","background-size":"auto","background-attachment":"scroll","background-type":"","background-media":"","overlay-type":"","overlay-color":"","overlay-opacity":"","overlay-gradient":""}},"ast-content-background-meta":{"desktop":{"background-color":"var(--ast-global-color-5)","background-image":"","background-repeat":"repeat","background-position":"center center","background-size":"auto","background-attachment":"scroll","background-type":"","background-media":"","overlay-type":"","overlay-color":"","overlay-opacity":"","overlay-gradient":""},"tablet":{"background-color":"var(--ast-global-color-5)","background-image":"","background-repeat":"repeat","background-position":"center center","background-size":"auto","background-attachment":"scroll","background-type":"","background-media":"","overlay-type":"","overlay-color":"","overlay-opacity":"","overlay-gradient":""},"mobile":{"background-color":"var(--ast-global-color-5)","background-image":"","background-repeat":"repeat","background-position":"center center","background-size":"auto","background-attachment":"scroll","background-type":"","background-media":"","overlay-type":"","overlay-color":"","overlay-opacity":"","overlay-gradient":""}},"footnotes":""},"class_list":["post-3249","page","type-page","status-publish","hentry"],"aioseo_notices":[],"_links":{"self":[{"href":"https:\/\/rubens-antwerpen.be\/fr\/wp-json\/wp\/v2\/pages\/3249","targetHints":{"allow":["GET"]}}],"collection":[{"href":"https:\/\/rubens-antwerpen.be\/fr\/wp-json\/wp\/v2\/pages"}],"about":[{"href":"https:\/\/rubens-antwerpen.be\/fr\/wp-json\/wp\/v2\/types\/page"}],"author":[{"embeddable":true,"href":"https:\/\/rubens-antwerpen.be\/fr\/wp-json\/wp\/v2\/users\/1"}],"replies":[{"embeddable":true,"href":"https:\/\/rubens-antwerpen.be\/fr\/wp-json\/wp\/v2\/comments?post=3249"}],"version-history":[{"count":9,"href":"https:\/\/rubens-antwerpen.be\/fr\/wp-json\/wp\/v2\/pages\/3249\/revisions"}],"predecessor-version":[{"id":5525,"href":"https:\/\/rubens-antwerpen.be\/fr\/wp-json\/wp\/v2\/pages\/3249\/revisions\/5525"}],"up":[{"embeddable":true,"href":"https:\/\/rubens-antwerpen.be\/fr\/wp-json\/wp\/v2\/pages\/3247"}],"wp:attachment":[{"href":"https:\/\/rubens-antwerpen.be\/fr\/wp-json\/wp\/v2\/media?parent=3249"}],"curies":[{"name":"wp","href":"https:\/\/api.w.org\/{rel}","templated":true}]}}