{"id":3261,"date":"2024-04-01T11:46:51","date_gmt":"2024-04-01T09:46:51","guid":{"rendered":"https:\/\/rubens-antwerpen.be\/home\/centre\/"},"modified":"2025-08-08T17:22:34","modified_gmt":"2025-08-08T15:22:34","slug":"centre","status":"publish","type":"page","link":"https:\/\/rubens-antwerpen.be\/fr\/home\/centre\/","title":{"rendered":"Centre"},"content":{"rendered":"\t\t<div data-elementor-type=\"wp-page\" data-elementor-id=\"3261\" class=\"elementor elementor-3261 elementor-49\">\n\t\t\t\t<div class=\"elementor-element elementor-element-ad42995 e-flex e-con-boxed e-con e-parent\" data-id=\"ad42995\" data-element_type=\"container\" data-e-type=\"container\">\n\t\t\t\t\t<div class=\"e-con-inner\">\n\t\t\t\t<div class=\"elementor-element elementor-element-dbf73d7 elementor-widget elementor-widget-heading\" data-id=\"dbf73d7\" data-element_type=\"widget\" data-e-type=\"widget\" data-widget_type=\"heading.default\">\n\t\t\t\t<div class=\"elementor-widget-container\">\n\t\t\t\t\t<h2 class=\"elementor-heading-title elementor-size-default\">ITIN\u00c9RAIRE CENTRE : LE COEUR ET L'ESPRIT DU MA\u00ceTRE <\/h2>\t\t\t\t<\/div>\n\t\t\t\t<\/div>\n\t\t\t\t\t<\/div>\n\t\t\t\t<\/div>\n\t\t<div class=\"elementor-element elementor-element-7558cbc e-flex e-con-boxed e-con e-parent\" data-id=\"7558cbc\" data-element_type=\"container\" data-e-type=\"container\">\n\t\t\t\t\t<div class=\"e-con-inner\">\n\t\t<div class=\"elementor-element elementor-element-1bb4a8b e-con-full e-flex e-con e-child\" data-id=\"1bb4a8b\" data-element_type=\"container\" data-e-type=\"container\">\n\t\t<div class=\"elementor-element elementor-element-5e5c7ea e-con-full e-flex e-con e-child\" data-id=\"5e5c7ea\" data-element_type=\"container\" data-e-type=\"container\">\n\t\t\t\t<div class=\"elementor-element elementor-element-3c2e854 elementor-widget elementor-widget-image\" data-id=\"3c2e854\" data-element_type=\"widget\" data-e-type=\"widget\" data-widget_type=\"image.default\">\n\t\t\t\t<div class=\"elementor-widget-container\">\n\t\t\t\t\t\t\t\t\t\t\t\t<figure class=\"wp-caption\">\n\t\t\t\t\t\t\t\t\t\t\t<a href=\"https:\/\/rubens-antwerpen.be\/wp-content\/uploads\/400P-Route-Centrum.jpg\" data-elementor-open-lightbox=\"yes\" data-elementor-lightbox-title=\"400P Route Centrum\" data-e-action-hash=\"#elementor-action%3Aaction%3Dlightbox%26settings%3DeyJpZCI6MjI5MCwidXJsIjoiaHR0cHM6XC9cL3J1YmVucy1hbnR3ZXJwZW4uYmVcL3dwLWNvbnRlbnRcL3VwbG9hZHNcLzQwMFAtUm91dGUtQ2VudHJ1bS5qcGcifQ%3D%3D\">\n\t\t\t\t\t\t\t<img fetchpriority=\"high\" decoding=\"async\" width=\"675\" height=\"1024\" src=\"https:\/\/rubens-antwerpen.be\/wp-content\/uploads\/400P-Route-Centrum.jpg\" class=\"attachment-medium_large size-medium_large wp-image-2290\" alt=\"\" srcset=\"https:\/\/rubens-antwerpen.be\/wp-content\/uploads\/400P-Route-Centrum.jpg 675w, https:\/\/rubens-antwerpen.be\/wp-content\/uploads\/400P-Route-Centrum-198x300.jpg 198w\" sizes=\"(max-width: 675px) 100vw, 675px\" \/>\t\t\t\t\t\t\t\t<\/a>\n\t\t\t\t\t\t\t\t\t\t\t<figcaption class=\"widget-image-caption wp-caption-text\">Cath\u00e9drale Notre-Dame vue du March\u00e9 aux gants <\/figcaption>\n\t\t\t\t\t\t\t\t\t\t<\/figure>\n\t\t\t\t\t\t\t\t\t<\/div>\n\t\t\t\t<\/div>\n\t\t\t\t<\/div>\n\t\t\t\t<\/div>\n\t\t<div class=\"elementor-element elementor-element-dc7b3d6 e-con-full e-flex e-con e-child\" data-id=\"dc7b3d6\" data-element_type=\"container\" data-e-type=\"container\">\n\t\t\t\t<div class=\"elementor-element elementor-element-45a909c elementor-widget elementor-widget-text-editor\" data-id=\"45a909c\" data-element_type=\"widget\" data-e-type=\"widget\" data-widget_type=\"text-editor.default\">\n\t\t\t\t<div class=\"elementor-widget-container\">\n\t\t\t\t\t\t\t\t\t<p style=\"text-align: justify;\"><span style=\"color: #008000;\"><strong>Quittez l&rsquo;\u00e9glise Saint-Charles-Borrom\u00e9e et traversez la Hendrik Conscienceplein\/Place Conscience, en passant par le trou dit des J\u00e9suites.<br \/>\nTournez \u00e0 gauche dans la Sint-Pieter-en-Paulusstraat\/rue Saints-Pierre et Paul, jetez un coup d\u2019\u0153il \u00e0 gauche dans la Korte Nieuwstraat\/Courte rue Neuve pour l\u2019endroit de la maison de la famille Van Dyck (au n\u00b0 42 d).<br \/>\ncontinuez \u00e0 droite, traversez le Melkmarkt\/March\u00e9 aux Lait jusqu&rsquo;au Lijnwaadmarkt\/March\u00e9 au Linge et \u00e0 la Blauwmoezelstraat\/rue de la Musette bleue.<br \/>\nEntrez dans la cath\u00e9drale Notre-Dame.<\/strong><\/span><\/p>\n\t\t\t\t\t\t\t\t<\/div>\n\t\t\t\t<\/div>\n\t\t\t\t<\/div>\n\t\t<div class=\"elementor-element elementor-element-b2a278e e-con-full e-flex e-con e-child\" data-id=\"b2a278e\" data-element_type=\"container\" data-e-type=\"container\">\n\t\t\t\t<div class=\"elementor-element elementor-element-2ca3e70 elementor-widget elementor-widget-image\" data-id=\"2ca3e70\" data-element_type=\"widget\" data-e-type=\"widget\" data-widget_type=\"image.default\">\n\t\t\t\t<div class=\"elementor-widget-container\">\n\t\t\t\t\t\t\t\t\t\t\t\t\t\t\t\t<a href=\"http:\/\/rubens-antwerpen.be\/wp-content\/uploads\/410P-OLV-kathedraal.jpg\">\n\t\t\t\t\t\t\t<img decoding=\"async\" width=\"300\" height=\"300\" src=\"https:\/\/rubens-antwerpen.be\/wp-content\/uploads\/410Q-OLV-kathedraal.jpg\" class=\"attachment-medium size-medium wp-image-2302\" alt=\"\" srcset=\"https:\/\/rubens-antwerpen.be\/wp-content\/uploads\/410Q-OLV-kathedraal.jpg 300w, https:\/\/rubens-antwerpen.be\/wp-content\/uploads\/410Q-OLV-kathedraal-150x150.jpg 150w\" sizes=\"(max-width: 300px) 100vw, 300px\" \/>\t\t\t\t\t\t\t\t<\/a>\n\t\t\t\t\t\t\t\t\t\t\t\t\t\t\t<\/div>\n\t\t\t\t<\/div>\n\t\t\t\t<div class=\"elementor-element elementor-element-40c457e elementor-widget elementor-widget-text-editor\" data-id=\"40c457e\" data-element_type=\"widget\" data-e-type=\"widget\" data-widget_type=\"text-editor.default\">\n\t\t\t\t<div class=\"elementor-widget-container\">\n\t\t\t\t\t\t\t\t\t<p style=\"text-align: center;\"><a href=\"https:\/\/rubens-antwerpen.be\/fr\/home\/centre\/cathedrale-notre-dame\/\">La Cathedrale Notre-Dame<\/a><\/p>\n<audio class=\"wp-audio-shortcode\" id=\"audio-3261-1\" preload=\"none\" style=\"width: 100%;\" controls=\"controls\"><source type=\"audio\/mpeg\" src=\"http:\/\/rubens-antwerpen.be\/wp-content\/uploads\/410F-OLVKathedraal.mp3?_=1\" \/><a href=\"http:\/\/rubens-antwerpen.be\/wp-content\/uploads\/410F-OLVKathedraal.mp3\">http:\/\/rubens-antwerpen.be\/wp-content\/uploads\/410F-OLVKathedraal.mp3<\/a><\/audio>\n\t\t\t\t\t\t\t\t<\/div>\n\t\t\t\t<\/div>\n\t\t\t\t<\/div>\n\t\t\t\t\t<\/div>\n\t\t\t\t<\/div>\n\t\t<div class=\"elementor-element elementor-element-1962248 e-flex e-con-boxed e-con e-parent\" data-id=\"1962248\" data-element_type=\"container\" data-e-type=\"container\">\n\t\t\t\t\t<div class=\"e-con-inner\">\n\t\t\t\t<div class=\"elementor-element elementor-element-e7a9509 elementor-widget elementor-widget-image\" data-id=\"e7a9509\" data-element_type=\"widget\" data-e-type=\"widget\" data-widget_type=\"image.default\">\n\t\t\t\t<div class=\"elementor-widget-container\">\n\t\t\t\t\t\t\t\t\t\t\t\t\t\t\t\t<a href=\"https:\/\/rubens-antwerpen.be\/wp-content\/uploads\/400-Kaart-Centrum.png\" data-elementor-open-lightbox=\"yes\" data-elementor-lightbox-title=\"400 Kaart Centrum\" data-e-action-hash=\"#elementor-action%3Aaction%3Dlightbox%26settings%3DeyJpZCI6Mjk1OSwidXJsIjoiaHR0cHM6XC9cL3J1YmVucy1hbnR3ZXJwZW4uYmVcL3dwLWNvbnRlbnRcL3VwbG9hZHNcLzQwMC1LYWFydC1DZW50cnVtLnBuZyJ9\">\n\t\t\t\t\t\t\t<img decoding=\"async\" width=\"1024\" height=\"533\" src=\"https:\/\/rubens-antwerpen.be\/wp-content\/uploads\/400-Kaart-Centrum.png\" class=\"attachment-large size-large wp-image-2959\" alt=\"\" srcset=\"https:\/\/rubens-antwerpen.be\/wp-content\/uploads\/400-Kaart-Centrum.png 1024w, https:\/\/rubens-antwerpen.be\/wp-content\/uploads\/400-Kaart-Centrum-300x156.png 300w, https:\/\/rubens-antwerpen.be\/wp-content\/uploads\/400-Kaart-Centrum-768x400.png 768w\" sizes=\"(max-width: 1024px) 100vw, 1024px\" \/>\t\t\t\t\t\t\t\t<\/a>\n\t\t\t\t\t\t\t\t\t\t\t\t\t\t\t<\/div>\n\t\t\t\t<\/div>\n\t\t\t\t\t<\/div>\n\t\t\t\t<\/div>\n\t\t\t\t<\/div>\n\t\t","protected":false},"excerpt":{"rendered":"<p>ITIN\u00c9RAIRE CENTRE : LE COEUR ET L&rsquo;ESPRIT DU MA\u00ceTRE De Onze-Lieve-Vrouwekathedraal vanop de Handschoenmarkt Quittez l&rsquo;\u00e9glise Saint-Charles-Borrom\u00e9e et traversez la [&hellip;]<\/p>\n","protected":false},"author":1,"featured_media":0,"parent":3114,"menu_order":400,"comment_status":"closed","ping_status":"closed","template":"","meta":{"site-sidebar-layout":"no-sidebar","site-content-layout":"","ast-site-content-layout":"full-width-container","site-content-style":"default","site-sidebar-style":"default","ast-global-header-display":"","ast-banner-title-visibility":"","ast-main-header-display":"","ast-hfb-above-header-display":"","ast-hfb-below-header-display":"","ast-hfb-mobile-header-display":"","site-post-title":"disabled","ast-breadcrumbs-content":"","ast-featured-img":"disabled","footer-sml-layout":"","ast-disable-related-posts":"","theme-transparent-header-meta":"","adv-header-id-meta":"","stick-header-meta":"","header-above-stick-meta":"","header-main-stick-meta":"","header-below-stick-meta":"","astra-migrate-meta-layouts":"default","ast-page-background-enabled":"default","ast-page-background-meta":{"desktop":{"background-color":"var(--ast-global-color-4)","background-image":"","background-repeat":"repeat","background-position":"center center","background-size":"auto","background-attachment":"scroll","background-type":"","background-media":"","overlay-type":"","overlay-color":"","overlay-opacity":"","overlay-gradient":""},"tablet":{"background-color":"","background-image":"","background-repeat":"repeat","background-position":"center center","background-size":"auto","background-attachment":"scroll","background-type":"","background-media":"","overlay-type":"","overlay-color":"","overlay-opacity":"","overlay-gradient":""},"mobile":{"background-color":"","background-image":"","background-repeat":"repeat","background-position":"center center","background-size":"auto","background-attachment":"scroll","background-type":"","background-media":"","overlay-type":"","overlay-color":"","overlay-opacity":"","overlay-gradient":""}},"ast-content-background-meta":{"desktop":{"background-color":"var(--ast-global-color-5)","background-image":"","background-repeat":"repeat","background-position":"center center","background-size":"auto","background-attachment":"scroll","background-type":"","background-media":"","overlay-type":"","overlay-color":"","overlay-opacity":"","overlay-gradient":""},"tablet":{"background-color":"var(--ast-global-color-5)","background-image":"","background-repeat":"repeat","background-position":"center center","background-size":"auto","background-attachment":"scroll","background-type":"","background-media":"","overlay-type":"","overlay-color":"","overlay-opacity":"","overlay-gradient":""},"mobile":{"background-color":"var(--ast-global-color-5)","background-image":"","background-repeat":"repeat","background-position":"center center","background-size":"auto","background-attachment":"scroll","background-type":"","background-media":"","overlay-type":"","overlay-color":"","overlay-opacity":"","overlay-gradient":""}},"footnotes":""},"class_list":["post-3261","page","type-page","status-publish","hentry"],"aioseo_notices":[],"_links":{"self":[{"href":"https:\/\/rubens-antwerpen.be\/fr\/wp-json\/wp\/v2\/pages\/3261","targetHints":{"allow":["GET"]}}],"collection":[{"href":"https:\/\/rubens-antwerpen.be\/fr\/wp-json\/wp\/v2\/pages"}],"about":[{"href":"https:\/\/rubens-antwerpen.be\/fr\/wp-json\/wp\/v2\/types\/page"}],"author":[{"embeddable":true,"href":"https:\/\/rubens-antwerpen.be\/fr\/wp-json\/wp\/v2\/users\/1"}],"replies":[{"embeddable":true,"href":"https:\/\/rubens-antwerpen.be\/fr\/wp-json\/wp\/v2\/comments?post=3261"}],"version-history":[{"count":14,"href":"https:\/\/rubens-antwerpen.be\/fr\/wp-json\/wp\/v2\/pages\/3261\/revisions"}],"predecessor-version":[{"id":6091,"href":"https:\/\/rubens-antwerpen.be\/fr\/wp-json\/wp\/v2\/pages\/3261\/revisions\/6091"}],"up":[{"embeddable":true,"href":"https:\/\/rubens-antwerpen.be\/fr\/wp-json\/wp\/v2\/pages\/3114"}],"wp:attachment":[{"href":"https:\/\/rubens-antwerpen.be\/fr\/wp-json\/wp\/v2\/media?parent=3261"}],"curies":[{"name":"wp","href":"https:\/\/api.w.org\/{rel}","templated":true}]}}