{"id":3263,"date":"2024-06-11T13:22:01","date_gmt":"2024-06-11T11:22:01","guid":{"rendered":"https:\/\/rubens-antwerpen.be\/home\/centre\/cathedrale-notre-dame\/"},"modified":"2025-06-21T15:10:44","modified_gmt":"2025-06-21T13:10:44","slug":"cathedrale-notre-dame","status":"publish","type":"page","link":"https:\/\/rubens-antwerpen.be\/fr\/home\/centre\/cathedrale-notre-dame\/","title":{"rendered":"Cath\u00e9drale Notre-Dame"},"content":{"rendered":"\t\t<div data-elementor-type=\"wp-page\" data-elementor-id=\"3263\" class=\"elementor elementor-3263 elementor-775\">\n\t\t\t\t<div class=\"elementor-element elementor-element-7b12210 e-flex e-con-boxed e-con e-parent\" data-id=\"7b12210\" data-element_type=\"container\" data-e-type=\"container\">\n\t\t\t\t\t<div class=\"e-con-inner\">\n\t\t\t\t<div class=\"elementor-element elementor-element-8f14707 elementor-widget elementor-widget-heading\" data-id=\"8f14707\" data-element_type=\"widget\" data-e-type=\"widget\" data-widget_type=\"heading.default\">\n\t\t\t\t<div class=\"elementor-widget-container\">\n\t\t\t\t\t<h2 class=\"elementor-heading-title elementor-size-default\">Cath\u00e9drale Notre-Dame : les chefs d\u2019\u0153uvre de Pierre Paul Rubens<\/h2>\t\t\t\t<\/div>\n\t\t\t\t<\/div>\n\t\t\t\t\t<\/div>\n\t\t\t\t<\/div>\n\t\t<div class=\"elementor-element elementor-element-8ebb444 e-flex e-con-boxed e-con e-parent\" data-id=\"8ebb444\" data-element_type=\"container\" data-e-type=\"container\">\n\t\t\t\t\t<div class=\"e-con-inner\">\n\t\t\t\t<div class=\"elementor-element elementor-element-4b38989 elementor-widget elementor-widget-text-editor\" data-id=\"4b38989\" data-element_type=\"widget\" data-e-type=\"widget\" data-widget_type=\"text-editor.default\">\n\t\t\t\t<div class=\"elementor-widget-container\">\n\t\t\t\t\t\t\t\t\t<figure id=\"attachment_2299\" aria-describedby=\"caption-attachment-2299\" style=\"width: 198px\" class=\"wp-caption alignleft\"><a href=\"https:\/\/rubens-antwerpen.be\/wp-content\/uploads\/\/410P-OLV-kathedraal-198x300.jpg\"><img fetchpriority=\"high\" decoding=\"async\" class=\"wp-image-639 size-medium\" src=\"https:\/\/rubens-antwerpen.be\/wp-content\/uploads\/\/410P-OLV-kathedraal-198x300.jpg\" alt=\"\" width=\"198\" height=\"300\" srcset=\"https:\/\/rubens-antwerpen.be\/wp-content\/uploads\/410P-OLV-kathedraal-198x300.jpg 198w, https:\/\/rubens-antwerpen.be\/wp-content\/uploads\/410P-OLV-kathedraal.jpg 675w\" sizes=\"(max-width: 198px) 100vw, 198px\" \/><\/a><figcaption id=\"caption-attachment-2299\" class=\"wp-caption-text\">La Cathedrale Notre-Dame<br \/>depuis le March\u00e9 aux gants<\/figcaption><\/figure>\n<p style=\"text-align: justify;\"><em>\u00ab Tu ne feras pour toi ni sculpture ni image de ce qui est dans les cieux en haut, de ce qui est sur la terre en bas \u00bb [Ex 20, 4 et Dt 5, 8]<\/em><\/p>\n<p><\/p>\n<hr \/>\n<p><\/p>\n<p style=\"text-align: justify;\">Une tr\u00eave de douze ans, en pleine guerre; aujourd&rsquo;hui encore, beaucoup se r\u00e9jouiraient d\u2019une pause pareille. Ainsi, vers 1607, les troupes du roi d&rsquo;Espagne, notre souverain, ainsi que celles de la R\u00e9publique, nos voisins du Nord, \u00e9taient si \u00e9puis\u00e9es, physiquement et financi\u00e8rement, qu\u2019apr\u00e8s des n\u00e9gociations difficiles, il n&rsquo;y eut pas d&rsquo;affrontements directs entre 1609 et 1621.<\/p>\n<p><\/p>\n<p style=\"text-align: justify;\">Rubens revint d&rsquo;Italie \u00e0 cette \u00e9poque. Nos \u00e9glises sont encore vides, apr\u00e8s les iconoclasmes de 1566 et 1581. Toutes les corporations n&rsquo;ont pas encore command\u00e9 de nouvelles \u0153uvres d&rsquo;art pour leur autel, et, l&rsquo;offre et la demande se rencontrent. Apr\u00e8s le concile de Trente (1545-1563), la force de l&rsquo;imagerie baroque est destin\u00e9e \u00e0 faire rayonner le triomphe de la Contre-R\u00e9forme catholique\u00a0: investir dans les m\u00e9dias visuels, utiliser les techniques dramatiques de la peinture baroque pour conqu\u00e9rir les esprits et les c\u0153urs.<\/p>\n<p><\/p>\n<p style=\"text-align: justify;\">Mais est rest\u00e9e, l\u2019exigence de la repr\u00e9sentation r\u00e9aliste, de l&rsquo;anatomie humaine correcte et de la fid\u00e9lit\u00e9 au texte de l&rsquo;\u00c9vangile\u00a0; une dose de panache qui s\u2019ajoute \u00e0 l&rsquo;id\u00e9al humaniste de la Renaissance.<\/p>\n<p><\/p>\n<p style=\"text-align: justify;\">Nous terminons cette promenade dans la cath\u00e9drale Notre-Dame, o\u00f9 nous allons admirer deux des quatre tableaux originaux de Rubens qui y pendent. Ils nous donneront une image presque compl\u00e8te de sa ma\u00eetrise et de son \u0153uvre. Mais auparavant, jetons un coup d&rsquo;\u0153il sur un magnifique tableau d&rsquo;Otto van Veen.<\/p>\n\t\t\t\t\t\t\t\t<\/div>\n\t\t\t\t<\/div>\n\t\t\t\t\t<\/div>\n\t\t\t\t<\/div>\n\t\t<div class=\"elementor-element elementor-element-763982e e-flex e-con-boxed e-con e-parent\" data-id=\"763982e\" data-element_type=\"container\" data-e-type=\"container\">\n\t\t\t\t\t<div class=\"e-con-inner\">\n\t\t<div class=\"elementor-element elementor-element-9f95d10 e-con-full e-flex e-con e-child\" data-id=\"9f95d10\" data-element_type=\"container\" data-e-type=\"container\">\n\t\t\t\t<div class=\"elementor-element elementor-element-8203de9 elementor-widget elementor-widget-image\" data-id=\"8203de9\" data-element_type=\"widget\" data-e-type=\"widget\" data-widget_type=\"image.default\">\n\t\t\t\t<div class=\"elementor-widget-container\">\n\t\t\t\t\t\t\t\t\t\t\t\t\t\t\t\t<a href=\"https:\/\/www.rubens-antwerpen.be\/wp-content\/uploads\/411P-OLV-OVV-Laatste-Avondmaal.jpg%20\">\n\t\t\t\t\t\t\t<img decoding=\"async\" width=\"300\" height=\"300\" src=\"https:\/\/rubens-antwerpen.be\/wp-content\/uploads\/411Q-OLV-OVV-Laatste-Avondmaal.jpg\" class=\"attachment-medium size-medium wp-image-2311\" alt=\"\" srcset=\"https:\/\/rubens-antwerpen.be\/wp-content\/uploads\/411Q-OLV-OVV-Laatste-Avondmaal.jpg 300w, https:\/\/rubens-antwerpen.be\/wp-content\/uploads\/411Q-OLV-OVV-Laatste-Avondmaal-150x150.jpg 150w\" sizes=\"(max-width: 300px) 100vw, 300px\" \/>\t\t\t\t\t\t\t\t<\/a>\n\t\t\t\t\t\t\t\t\t\t\t\t\t\t\t<\/div>\n\t\t\t\t<\/div>\n\t\t\t\t<div class=\"elementor-element elementor-element-ab4a2a2 elementor-widget elementor-widget-text-editor\" data-id=\"ab4a2a2\" data-element_type=\"widget\" data-e-type=\"widget\" data-widget_type=\"text-editor.default\">\n\t\t\t\t<div class=\"elementor-widget-container\">\n\t\t\t\t\t\t\t\t\t<p style=\"text-align: center;\"><a href=\"https:\/\/rubens-antwerpen.be\/fr\/home\/centre\/cathedrale-notre-dame\/otto-van-veen-la-cene\/\">Otto van Veen :\r\nLa C\u00e8ne<\/a><\/p><br><audio class=\"wp-audio-shortcode\" id=\"audio-3263-1\" preload=\"none\" style=\"width: 100%;\" controls=\"controls\"><source type=\"audio\/mpeg\" src=\"http:\/\/rubens-antwerpen.be\/wp-content\/uploads\/411F-OVV-LaatsteAvondmaal.mp3?_=1\" \/><a href=\"http:\/\/rubens-antwerpen.be\/wp-content\/uploads\/411F-OVV-LaatsteAvondmaal.mp3\">http:\/\/rubens-antwerpen.be\/wp-content\/uploads\/411F-OVV-LaatsteAvondmaal.mp3<\/a><\/audio>\t\t\t\t\t\t\t\t<\/div>\n\t\t\t\t<\/div>\n\t\t\t\t<\/div>\n\t\t<div class=\"elementor-element elementor-element-b6578eb e-con-full e-flex e-con e-child\" data-id=\"b6578eb\" data-element_type=\"container\" data-e-type=\"container\">\n\t\t\t\t<div class=\"elementor-element elementor-element-0870969 elementor-widget elementor-widget-image\" data-id=\"0870969\" data-element_type=\"widget\" data-e-type=\"widget\" data-widget_type=\"image.default\">\n\t\t\t\t<div class=\"elementor-widget-container\">\n\t\t\t\t\t\t\t\t\t\t\t\t\t\t\t\t<a href=\"https:\/\/www.rubens-antwerpen.be\/wp-content\/uploads\/412P-OLV-PPR-Kruisoprichting.jpg%20\">\n\t\t\t\t\t\t\t<img decoding=\"async\" width=\"300\" height=\"300\" src=\"https:\/\/rubens-antwerpen.be\/wp-content\/uploads\/412Q-OLV-PPR-Kruisoprichting.jpg\" class=\"attachment-medium size-medium wp-image-2320\" alt=\"\" srcset=\"https:\/\/rubens-antwerpen.be\/wp-content\/uploads\/412Q-OLV-PPR-Kruisoprichting.jpg 300w, https:\/\/rubens-antwerpen.be\/wp-content\/uploads\/412Q-OLV-PPR-Kruisoprichting-150x150.jpg 150w\" sizes=\"(max-width: 300px) 100vw, 300px\" \/>\t\t\t\t\t\t\t\t<\/a>\n\t\t\t\t\t\t\t\t\t\t\t\t\t\t\t<\/div>\n\t\t\t\t<\/div>\n\t\t\t\t<div class=\"elementor-element elementor-element-fd5f2d0 elementor-widget elementor-widget-text-editor\" data-id=\"fd5f2d0\" data-element_type=\"widget\" data-e-type=\"widget\" data-widget_type=\"text-editor.default\">\n\t\t\t\t<div class=\"elementor-widget-container\">\n\t\t\t\t\t\t\t\t\t<p style=\"text-align: center;\"><a href=\"https:\/\/rubens-antwerpen.be\/fr\/home\/centre\/cathedrale-notre-dame\/rubens-erection-de-la-croix\/\">Pierre Paul Rubens :\r\nl&rsquo;\u00c9rection de la Croix<\/a><\/p><br><audio class=\"wp-audio-shortcode\" id=\"audio-3263-2\" preload=\"none\" style=\"width: 100%;\" controls=\"controls\"><source type=\"audio\/mpeg\" src=\"http:\/\/rubens-antwerpen.be\/wp-content\/uploads\/412F-PPR-Kruisoprichting.mp3?_=2\" \/><a href=\"http:\/\/rubens-antwerpen.be\/wp-content\/uploads\/412F-PPR-Kruisoprichting.mp3\">http:\/\/rubens-antwerpen.be\/wp-content\/uploads\/412F-PPR-Kruisoprichting.mp3<\/a><\/audio>\t\t\t\t\t\t\t\t<\/div>\n\t\t\t\t<\/div>\n\t\t\t\t<\/div>\n\t\t<div class=\"elementor-element elementor-element-17edce7 e-con-full e-flex e-con e-child\" data-id=\"17edce7\" data-element_type=\"container\" data-e-type=\"container\">\n\t\t\t\t<div class=\"elementor-element elementor-element-b344d1a elementor-widget elementor-widget-image\" data-id=\"b344d1a\" data-element_type=\"widget\" data-e-type=\"widget\" data-widget_type=\"image.default\">\n\t\t\t\t<div class=\"elementor-widget-container\">\n\t\t\t\t\t\t\t\t\t\t\t\t\t\t\t\t<a href=\"https:\/\/www.rubens-antwerpen.be\/wp-content\/uploads\/413P-OLV-PPR-Kruisafneming.jpg%20\">\n\t\t\t\t\t\t\t<img loading=\"lazy\" decoding=\"async\" width=\"295\" height=\"300\" src=\"https:\/\/rubens-antwerpen.be\/wp-content\/uploads\/413Q-OLV-PPR-Kruisafneming.jpg\" class=\"attachment-medium size-medium wp-image-2329\" alt=\"\" \/>\t\t\t\t\t\t\t\t<\/a>\n\t\t\t\t\t\t\t\t\t\t\t\t\t\t\t<\/div>\n\t\t\t\t<\/div>\n\t\t\t\t<div class=\"elementor-element elementor-element-364b632 elementor-widget elementor-widget-text-editor\" data-id=\"364b632\" data-element_type=\"widget\" data-e-type=\"widget\" data-widget_type=\"text-editor.default\">\n\t\t\t\t<div class=\"elementor-widget-container\">\n\t\t\t\t\t\t\t\t\t<p style=\"text-align: center;\"><a href=\"https:\/\/rubens-antwerpen.be\/fr\/home\/centre\/cathedrale-notre-dame\/rubens-descente-de-croix\/\">Pierre Paul Rubens :\r\nLa Descente de Croix<\/a><\/p><br><audio class=\"wp-audio-shortcode\" id=\"audio-3263-3\" preload=\"none\" style=\"width: 100%;\" controls=\"controls\"><source type=\"audio\/mpeg\" src=\"http:\/\/rubens-antwerpen.be\/wp-content\/uploads\/413F-PPR_Kruisafneming.mp3?_=3\" \/><a href=\"http:\/\/rubens-antwerpen.be\/wp-content\/uploads\/413F-PPR_Kruisafneming.mp3\">http:\/\/rubens-antwerpen.be\/wp-content\/uploads\/413F-PPR_Kruisafneming.mp3<\/a><\/audio>\t\t\t\t\t\t\t\t<\/div>\n\t\t\t\t<\/div>\n\t\t\t\t<\/div>\n\t\t<div class=\"elementor-element elementor-element-751e03a e-con-full e-flex e-con e-child\" data-id=\"751e03a\" data-element_type=\"container\" data-e-type=\"container\">\n\t\t\t\t<div class=\"elementor-element elementor-element-94f6cfd elementor-widget elementor-widget-image\" data-id=\"94f6cfd\" data-element_type=\"widget\" data-e-type=\"widget\" data-widget_type=\"image.default\">\n\t\t\t\t<div class=\"elementor-widget-container\">\n\t\t\t\t\t\t\t\t\t\t\t\t\t\t\t\t<a href=\"http:\/\/rubens-antwerpen.be\/wp-content\/uploads\/414P-OLV-KathedraalBuiten.jpg%20\">\n\t\t\t\t\t\t\t<img loading=\"lazy\" decoding=\"async\" width=\"300\" height=\"300\" src=\"https:\/\/rubens-antwerpen.be\/wp-content\/uploads\/414Z-OLV-KathedraalBuiten.jpg\" class=\"attachment-medium size-medium wp-image-2935\" alt=\"\" srcset=\"https:\/\/rubens-antwerpen.be\/wp-content\/uploads\/414Z-OLV-KathedraalBuiten.jpg 300w, https:\/\/rubens-antwerpen.be\/wp-content\/uploads\/414Z-OLV-KathedraalBuiten-150x150.jpg 150w\" sizes=\"(max-width: 300px) 100vw, 300px\" \/>\t\t\t\t\t\t\t\t<\/a>\n\t\t\t\t\t\t\t\t\t\t\t\t\t\t\t<\/div>\n\t\t\t\t<\/div>\n\t\t\t\t<div class=\"elementor-element elementor-element-1dbafdf elementor-widget elementor-widget-text-editor\" data-id=\"1dbafdf\" data-element_type=\"widget\" data-e-type=\"widget\" data-widget_type=\"text-editor.default\">\n\t\t\t\t<div class=\"elementor-widget-container\">\n\t\t\t\t\t\t\t\t\t<p style=\"text-align: center;\"><a href=\"https:\/\/rubens-antwerpen.be\/fr\/home\/centre\/cathedrale-notre-dame\/que-se-serait-il-passe-si-anthony-van-dyck\/\">Que se serait-il pass\u00e9 si \u2026 ?\r\n<em>Anthony Van Dyck\/Cornelis Schut<\/em><\/a><\/p><br><audio class=\"wp-audio-shortcode\" id=\"audio-3263-4\" preload=\"none\" style=\"width: 100%;\" controls=\"controls\"><source type=\"audio\/mpeg\" src=\"http:\/\/rubens-antwerpen.be\/wp-content\/uploads\/414F-AVD-WatAls.mp3?_=4\" \/><a href=\"http:\/\/rubens-antwerpen.be\/wp-content\/uploads\/414F-AVD-WatAls.mp3\">http:\/\/rubens-antwerpen.be\/wp-content\/uploads\/414F-AVD-WatAls.mp3<\/a><\/audio>\t\t\t\t\t\t\t\t<\/div>\n\t\t\t\t<\/div>\n\t\t\t\t<\/div>\n\t\t\t\t\t<\/div>\n\t\t\t\t<\/div>\n\t\t\t\t<\/div>\n\t\t","protected":false},"excerpt":{"rendered":"<p>Cath\u00e9drale Notre-Dame : les chefs d\u2019\u0153uvre de Pierre Paul Rubens \u00ab Tu ne feras pour toi ni sculpture ni image [&hellip;]<\/p>\n","protected":false},"author":1,"featured_media":0,"parent":3261,"menu_order":410,"comment_status":"closed","ping_status":"closed","template":"","meta":{"site-sidebar-layout":"no-sidebar","site-content-layout":"","ast-site-content-layout":"full-width-container","site-content-style":"default","site-sidebar-style":"default","ast-global-header-display":"","ast-banner-title-visibility":"","ast-main-header-display":"","ast-hfb-above-header-display":"","ast-hfb-below-header-display":"","ast-hfb-mobile-header-display":"","site-post-title":"disabled","ast-breadcrumbs-content":"","ast-featured-img":"disabled","footer-sml-layout":"","ast-disable-related-posts":"","theme-transparent-header-meta":"","adv-header-id-meta":"","stick-header-meta":"","header-above-stick-meta":"","header-main-stick-meta":"","header-below-stick-meta":"","astra-migrate-meta-layouts":"default","ast-page-background-enabled":"default","ast-page-background-meta":{"desktop":{"background-color":"var(--ast-global-color-4)","background-image":"","background-repeat":"repeat","background-position":"center center","background-size":"auto","background-attachment":"scroll","background-type":"","background-media":"","overlay-type":"","overlay-color":"","overlay-opacity":"","overlay-gradient":""},"tablet":{"background-color":"","background-image":"","background-repeat":"repeat","background-position":"center center","background-size":"auto","background-attachment":"scroll","background-type":"","background-media":"","overlay-type":"","overlay-color":"","overlay-opacity":"","overlay-gradient":""},"mobile":{"background-color":"","background-image":"","background-repeat":"repeat","background-position":"center center","background-size":"auto","background-attachment":"scroll","background-type":"","background-media":"","overlay-type":"","overlay-color":"","overlay-opacity":"","overlay-gradient":""}},"ast-content-background-meta":{"desktop":{"background-color":"var(--ast-global-color-5)","background-image":"","background-repeat":"repeat","background-position":"center center","background-size":"auto","background-attachment":"scroll","background-type":"","background-media":"","overlay-type":"","overlay-color":"","overlay-opacity":"","overlay-gradient":""},"tablet":{"background-color":"var(--ast-global-color-5)","background-image":"","background-repeat":"repeat","background-position":"center center","background-size":"auto","background-attachment":"scroll","background-type":"","background-media":"","overlay-type":"","overlay-color":"","overlay-opacity":"","overlay-gradient":""},"mobile":{"background-color":"var(--ast-global-color-5)","background-image":"","background-repeat":"repeat","background-position":"center center","background-size":"auto","background-attachment":"scroll","background-type":"","background-media":"","overlay-type":"","overlay-color":"","overlay-opacity":"","overlay-gradient":""}},"footnotes":""},"class_list":["post-3263","page","type-page","status-publish","hentry"],"aioseo_notices":[],"_links":{"self":[{"href":"https:\/\/rubens-antwerpen.be\/fr\/wp-json\/wp\/v2\/pages\/3263","targetHints":{"allow":["GET"]}}],"collection":[{"href":"https:\/\/rubens-antwerpen.be\/fr\/wp-json\/wp\/v2\/pages"}],"about":[{"href":"https:\/\/rubens-antwerpen.be\/fr\/wp-json\/wp\/v2\/types\/page"}],"author":[{"embeddable":true,"href":"https:\/\/rubens-antwerpen.be\/fr\/wp-json\/wp\/v2\/users\/1"}],"replies":[{"embeddable":true,"href":"https:\/\/rubens-antwerpen.be\/fr\/wp-json\/wp\/v2\/comments?post=3263"}],"version-history":[{"count":14,"href":"https:\/\/rubens-antwerpen.be\/fr\/wp-json\/wp\/v2\/pages\/3263\/revisions"}],"predecessor-version":[{"id":5531,"href":"https:\/\/rubens-antwerpen.be\/fr\/wp-json\/wp\/v2\/pages\/3263\/revisions\/5531"}],"up":[{"embeddable":true,"href":"https:\/\/rubens-antwerpen.be\/fr\/wp-json\/wp\/v2\/pages\/3261"}],"wp:attachment":[{"href":"https:\/\/rubens-antwerpen.be\/fr\/wp-json\/wp\/v2\/media?parent=3263"}],"curies":[{"name":"wp","href":"https:\/\/api.w.org\/{rel}","templated":true}]}}