{"id":3265,"date":"2024-06-19T16:14:57","date_gmt":"2024-06-19T14:14:57","guid":{"rendered":"https:\/\/rubens-antwerpen.be\/home\/centre\/cathedrale-notre-dame\/otto-van-veen-la-cene\/"},"modified":"2025-06-21T15:13:35","modified_gmt":"2025-06-21T13:13:35","slug":"otto-van-veen-la-cene","status":"publish","type":"page","link":"https:\/\/rubens-antwerpen.be\/fr\/home\/centre\/cathedrale-notre-dame\/otto-van-veen-la-cene\/","title":{"rendered":"Otto van Veen : La Derni\u00e8re C\u00e8ne"},"content":{"rendered":"\t\t<div data-elementor-type=\"wp-page\" data-elementor-id=\"3265\" class=\"elementor elementor-3265 elementor-973\">\n\t\t\t\t<div class=\"elementor-element elementor-element-ad42995 e-flex e-con-boxed e-con e-parent\" data-id=\"ad42995\" data-element_type=\"container\" data-e-type=\"container\">\n\t\t\t\t\t<div class=\"e-con-inner\">\n\t\t\t\t<div class=\"elementor-element elementor-element-dbf73d7 elementor-widget elementor-widget-heading\" data-id=\"dbf73d7\" data-element_type=\"widget\" data-e-type=\"widget\" data-widget_type=\"heading.default\">\n\t\t\t\t<div class=\"elementor-widget-container\">\n\t\t\t\t\t<h2 class=\"elementor-heading-title elementor-size-default\">Otto van Veen : La derni\u00e8re C\u00e8ne<\/h2>\t\t\t\t<\/div>\n\t\t\t\t<\/div>\n\t\t\t\t\t<\/div>\n\t\t\t\t<\/div>\n\t\t<div class=\"elementor-element elementor-element-c56d01b e-flex e-con-boxed e-con e-parent\" data-id=\"c56d01b\" data-element_type=\"container\" data-e-type=\"container\">\n\t\t\t\t\t<div class=\"e-con-inner\">\n\t\t\t\t<div class=\"elementor-element elementor-element-87ec5d2 elementor-widget elementor-widget-text-editor\" data-id=\"87ec5d2\" data-element_type=\"widget\" data-e-type=\"widget\" data-widget_type=\"text-editor.default\">\n\t\t\t\t<div class=\"elementor-widget-container\">\n\t\t\t\t\t\t\t\t\t<p style=\"text-align: justify;\"><a href=\"http:\/\/rubens-antwerpen.be\/wp-content\/uploads\/411P-OLV-OVV-Laatste-Avondmaal.jpg\"><img fetchpriority=\"high\" decoding=\"async\" class=\"wp-image-642 size-medium alignleft\" src=\"http:\/\/rubens-antwerpen.be\/wp-content\/uploads\/411P-OLV-OVV-Laatste-Avondmaal-222x300.jpg\" alt=\"\" width=\"222\" height=\"300\" srcset=\"https:\/\/rubens-antwerpen.be\/wp-content\/uploads\/411P-OLV-OVV-Laatste-Avondmaal-222x300.jpg 222w, https:\/\/rubens-antwerpen.be\/wp-content\/uploads\/411P-OLV-OVV-Laatste-Avondmaal.jpg 759w\" sizes=\"(max-width: 222px) 100vw, 222px\" \/><\/a><\/p>\n<p><\/p>\n<p style=\"text-align: justify;\"><em>Quelle chance d\u2019avoir un tel ma\u00eetre !<\/em><\/p>\n<p><\/p>\n<hr \/>\n<p><\/p>\n<p style=\"text-align: justify;\">Cette sc\u00e8ne se d\u00e9roule en d\u00e9but de soir\u00e9e; l&rsquo;int\u00e9rieur est illumin\u00e9 par quelques bougies, qui \u00e9clairent faiblement les Tables de la Loi, l&rsquo;Ancienne Alliance, dans le fond. Sous nos yeux, la Nouvelle Alliance commence avec ce repas pascal, renouvel\u00e9e lors de toute c\u00e9l\u00e9bration eucharistique.<\/p>\n<p><\/p>\n<p style=\"text-align: justify;\">Sur le c\u00f4t\u00e9 droit, il reste un peu de lumi\u00e8re qui met en valeur les tuniques jaunes et bleues et la nappe blanche.<\/p>\n<p><\/p>\n<p style=\"text-align: justify;\">Comme contraste les figures des ap\u00f4tres \u00e9mergent de l\u2019ombre. J\u00e9sus vient d&rsquo;annoncer que quelqu&rsquo;un le trahira, la discussion entre les disciples est lanc\u00e9e \u00ab <strong>Qui donc <\/strong>? \u00bb (Marc, 14\u00a0:19)<\/p>\n<p><\/p>\n<p style=\"text-align: justify;\">Un seul convive s&rsquo;abstient de la conversation et se d\u00e9tourne. En se laissant verser du vin, il fait semblant de vouloir encore participer, mais en m\u00eame temps il \u00e9tend une jambe pour pouvoir se lever et s&rsquo;\u00e9loigner. Il porte un v\u00eatement de dessus rouge, comme le seigneur J\u00e9sus, mais la convention de sa couleur de cheveux roux, qui continue dans sa tunique, le trahit lui: Judas.<\/p>\n<p><\/p>\n<p style=\"text-align: justify;\">Retournons \u00e0 la lumi\u00e8re de fin de soir\u00e9e qui se refl\u00e8te sur le bord de la coupe de Judas, sur l\u2019amphore \u00e0 gauche, sur le petit chien sous la chaise&#8230;<\/p>\n<p><\/p>\n<p style=\"text-align: justify;\">Selon les critiques d&rsquo;art, il s&rsquo;agit du sommet de l&rsquo;\u0153uvre de Van Veen: m\u00eame un \u0153il non form\u00e9 reconna\u00eet l\u2019harmonie de la composition sous forme circulaire des personnages, sous les deux chandeliers ronds, l&rsquo;\u00e9quilibre entre le haut et le bas de la sc\u00e8ne.<\/p>\n<p><\/p>\n<p style=\"text-align: justify;\">L\u2019histoire du tableau connait des hauts et des bas, moins agr\u00e9ables. Pour l&rsquo;adapter \u00e0 un autre emplacement, une partie peut \u00eatre sci\u00e9e ou, dans ce cas, agrandie. \u00c0 l&rsquo;origine, cette \u0153uvre \u00e9tait plut\u00f4t carr\u00e9e, faisant au croisement des diagonales du pain b\u00e9nit la v\u00e9ritable pi\u00e8ce ma\u00eetresse, dans tous les sens du terme.<\/p>\n<p><\/p>\n<p style=\"text-align: justify;\"><span style=\"color: #008000;\"><strong>Dans le transept nord vous verrez : <a href=\"https:\/\/rubens-antwerpen.be\/fr\/home\/centre\/cathedrale-notre-dame\/rubens-erection-de-la-croix\/\">L&rsquo;\u00c9rection de la Croix<\/a>, par P.P. Rubens<\/strong><\/span><\/p>\n\t\t\t\t\t\t\t\t<\/div>\n\t\t\t\t<\/div>\n\t\t\t\t\t<\/div>\n\t\t\t\t<\/div>\n\t\t\t\t<\/div>\n\t\t","protected":false},"excerpt":{"rendered":"<p>Otto van Veen : La derni\u00e8re C\u00e8ne Quelle chance d\u2019avoir un tel ma\u00eetre ! Cette sc\u00e8ne se d\u00e9roule en d\u00e9but [&hellip;]<\/p>\n","protected":false},"author":1,"featured_media":0,"parent":3263,"menu_order":411,"comment_status":"closed","ping_status":"closed","template":"","meta":{"site-sidebar-layout":"no-sidebar","site-content-layout":"","ast-site-content-layout":"full-width-container","site-content-style":"default","site-sidebar-style":"default","ast-global-header-display":"","ast-banner-title-visibility":"","ast-main-header-display":"","ast-hfb-above-header-display":"","ast-hfb-below-header-display":"","ast-hfb-mobile-header-display":"","site-post-title":"disabled","ast-breadcrumbs-content":"","ast-featured-img":"disabled","footer-sml-layout":"","ast-disable-related-posts":"","theme-transparent-header-meta":"","adv-header-id-meta":"","stick-header-meta":"","header-above-stick-meta":"","header-main-stick-meta":"","header-below-stick-meta":"","astra-migrate-meta-layouts":"default","ast-page-background-enabled":"default","ast-page-background-meta":{"desktop":{"background-color":"var(--ast-global-color-4)","background-image":"","background-repeat":"repeat","background-position":"center center","background-size":"auto","background-attachment":"scroll","background-type":"","background-media":"","overlay-type":"","overlay-color":"","overlay-opacity":"","overlay-gradient":""},"tablet":{"background-color":"","background-image":"","background-repeat":"repeat","background-position":"center center","background-size":"auto","background-attachment":"scroll","background-type":"","background-media":"","overlay-type":"","overlay-color":"","overlay-opacity":"","overlay-gradient":""},"mobile":{"background-color":"","background-image":"","background-repeat":"repeat","background-position":"center center","background-size":"auto","background-attachment":"scroll","background-type":"","background-media":"","overlay-type":"","overlay-color":"","overlay-opacity":"","overlay-gradient":""}},"ast-content-background-meta":{"desktop":{"background-color":"var(--ast-global-color-5)","background-image":"","background-repeat":"repeat","background-position":"center center","background-size":"auto","background-attachment":"scroll","background-type":"","background-media":"","overlay-type":"","overlay-color":"","overlay-opacity":"","overlay-gradient":""},"tablet":{"background-color":"var(--ast-global-color-5)","background-image":"","background-repeat":"repeat","background-position":"center center","background-size":"auto","background-attachment":"scroll","background-type":"","background-media":"","overlay-type":"","overlay-color":"","overlay-opacity":"","overlay-gradient":""},"mobile":{"background-color":"var(--ast-global-color-5)","background-image":"","background-repeat":"repeat","background-position":"center center","background-size":"auto","background-attachment":"scroll","background-type":"","background-media":"","overlay-type":"","overlay-color":"","overlay-opacity":"","overlay-gradient":""}},"footnotes":""},"class_list":["post-3265","page","type-page","status-publish","hentry"],"aioseo_notices":[],"_links":{"self":[{"href":"https:\/\/rubens-antwerpen.be\/fr\/wp-json\/wp\/v2\/pages\/3265","targetHints":{"allow":["GET"]}}],"collection":[{"href":"https:\/\/rubens-antwerpen.be\/fr\/wp-json\/wp\/v2\/pages"}],"about":[{"href":"https:\/\/rubens-antwerpen.be\/fr\/wp-json\/wp\/v2\/types\/page"}],"author":[{"embeddable":true,"href":"https:\/\/rubens-antwerpen.be\/fr\/wp-json\/wp\/v2\/users\/1"}],"replies":[{"embeddable":true,"href":"https:\/\/rubens-antwerpen.be\/fr\/wp-json\/wp\/v2\/comments?post=3265"}],"version-history":[{"count":9,"href":"https:\/\/rubens-antwerpen.be\/fr\/wp-json\/wp\/v2\/pages\/3265\/revisions"}],"predecessor-version":[{"id":5533,"href":"https:\/\/rubens-antwerpen.be\/fr\/wp-json\/wp\/v2\/pages\/3265\/revisions\/5533"}],"up":[{"embeddable":true,"href":"https:\/\/rubens-antwerpen.be\/fr\/wp-json\/wp\/v2\/pages\/3263"}],"wp:attachment":[{"href":"https:\/\/rubens-antwerpen.be\/fr\/wp-json\/wp\/v2\/media?parent=3265"}],"curies":[{"name":"wp","href":"https:\/\/api.w.org\/{rel}","templated":true}]}}