{"id":3286,"date":"2024-06-12T15:16:47","date_gmt":"2024-06-12T13:16:47","guid":{"rendered":"https:\/\/rubens-antwerpen.be\/politique-de-confidentialite\/"},"modified":"2025-02-07T14:52:31","modified_gmt":"2025-02-07T13:52:31","slug":"politique-de-confidentialite","status":"publish","type":"page","link":"https:\/\/rubens-antwerpen.be\/fr\/politique-de-confidentialite\/","title":{"rendered":"Politique de confidentialit\u00e9"},"content":{"rendered":"\t\t<div data-elementor-type=\"wp-page\" data-elementor-id=\"3286\" class=\"elementor elementor-3286 elementor-803\">\n\t\t\t\t<div class=\"elementor-element elementor-element-1bd2b2f e-flex e-con-boxed e-con e-parent\" data-id=\"1bd2b2f\" data-element_type=\"container\" data-e-type=\"container\">\n\t\t\t\t\t<div class=\"e-con-inner\">\n\t\t\t\t<div class=\"elementor-element elementor-element-61863c14 elementor-widget elementor-widget-text-editor\" data-id=\"61863c14\" data-element_type=\"widget\" data-e-type=\"widget\" data-widget_type=\"text-editor.default\">\n\t\t\t\t<div class=\"elementor-widget-container\">\n\t\t\t\t\t\t\t\t\t<div id=\"ez-toc-container\" class=\"ez-toc-v2_0_82_2 counter-hierarchy ez-toc-counter ez-toc-grey ez-toc-container-direction\">\n<div class=\"ez-toc-title-container\">\n<p class=\"ez-toc-title\" style=\"cursor:inherit\">Table des mati\u00e8res<\/p>\n<span class=\"ez-toc-title-toggle\"><a href=\"#\" class=\"ez-toc-pull-right ez-toc-btn ez-toc-btn-xs ez-toc-btn-default ez-toc-toggle\" aria-label=\"Toggle Table of Content\"><span class=\"ez-toc-js-icon-con\"><span class=\"\"><span class=\"eztoc-hide\" style=\"display:none;\">Toggle<\/span><span class=\"ez-toc-icon-toggle-span\"><svg style=\"fill: #999;color:#999\" xmlns=\"http:\/\/www.w3.org\/2000\/svg\" class=\"list-377408\" width=\"20px\" height=\"20px\" viewBox=\"0 0 24 24\" fill=\"none\"><path d=\"M6 6H4v2h2V6zm14 0H8v2h12V6zM4 11h2v2H4v-2zm16 0H8v2h12v-2zM4 16h2v2H4v-2zm16 0H8v2h12v-2z\" fill=\"currentColor\"><\/path><\/svg><svg style=\"fill: #999;color:#999\" class=\"arrow-unsorted-368013\" xmlns=\"http:\/\/www.w3.org\/2000\/svg\" width=\"10px\" height=\"10px\" viewBox=\"0 0 24 24\" version=\"1.2\" baseProfile=\"tiny\"><path d=\"M18.2 9.3l-6.2-6.3-6.2 6.3c-.2.2-.3.4-.3.7s.1.5.3.7c.2.2.4.3.7.3h11c.3 0 .5-.1.7-.3.2-.2.3-.5.3-.7s-.1-.5-.3-.7zM5.8 14.7l6.2 6.3 6.2-6.3c.2-.2.3-.5.3-.7s-.1-.5-.3-.7c-.2-.2-.4-.3-.7-.3h-11c-.3 0-.5.1-.7.3-.2.2-.3.5-.3.7s.1.5.3.7z\"\/><\/svg><\/span><\/span><\/span><\/a><\/span><\/div>\n<nav><ul class='ez-toc-list ez-toc-list-level-1 ' ><li class='ez-toc-page-1 ez-toc-heading-level-2'><a class=\"ez-toc-link ez-toc-heading-1\" href=\"https:\/\/rubens-antwerpen.be\/fr\/politique-de-confidentialite\/#Qui_nous_sommes\" >Qui nous sommes<\/a><\/li><li class='ez-toc-page-1 ez-toc-heading-level-2'><a class=\"ez-toc-link ez-toc-heading-2\" href=\"https:\/\/rubens-antwerpen.be\/fr\/politique-de-confidentialite\/#Contactpaginas\" >Contactpagina&rsquo;s<\/a><\/li><li class='ez-toc-page-1 ez-toc-heading-level-2'><a class=\"ez-toc-link ez-toc-heading-3\" href=\"https:\/\/rubens-antwerpen.be\/fr\/politique-de-confidentialite\/#Cookies\" >Cookies<\/a><\/li><li class='ez-toc-page-1 ez-toc-heading-level-2'><a class=\"ez-toc-link ez-toc-heading-4\" href=\"https:\/\/rubens-antwerpen.be\/fr\/politique-de-confidentialite\/#Contenu_integre_dautres_sites\" >Contenu int\u00e9gr\u00e9 d&rsquo;autres sites<\/a><\/li><li class='ez-toc-page-1 ez-toc-heading-level-2'><a class=\"ez-toc-link ez-toc-heading-5\" href=\"https:\/\/rubens-antwerpen.be\/fr\/politique-de-confidentialite\/#Avec_qui_nous_partageons_vos_donnees\" >Avec qui nous partageons vos donn\u00e9es<\/a><\/li><\/ul><\/nav><\/div>\n<h2 class=\"wp-block-heading\"><span class=\"ez-toc-section\" id=\"Qui_nous_sommes\"><\/span>Qui nous sommes<span class=\"ez-toc-section-end\"><\/span><\/h2>\n<p>Ce site web fait partie du projet \u00ab\u00a0Les ma\u00eetres flamands sortent de l&rsquo;ombre\u00a0\u00bb \u00e9labor\u00e9 par TOPA vzw, Anvers (TOerisme Pastoraal Antwerpen).<br \/>Notre principal site web est <a href=\"https:\/\/topa.be\/fr\/\" target=\"_blank\" rel=\"noopener\">topa.be.<\/a><\/p>\n<h2 class=\"wp-block-heading\"><span class=\"ez-toc-section\" id=\"Contactpaginas\"><\/span>Contactpagina&rsquo;s<span class=\"ez-toc-section-end\"><\/span><\/h2>\n<p>Lorsqu&rsquo;un visiteur utilise une de nos pages de contact, nous recueillons les donn\u00e9es figurant dans le formulaire de contact, l&rsquo;adresse IP du visiteur et l&rsquo;agent utilisateur du navigateur pour nous aider \u00e0 d\u00e9tecter les spams.<\/p>\n<h2 class=\"wp-block-heading\"><span class=\"ez-toc-section\" id=\"Cookies\"><\/span>Cookies<span class=\"ez-toc-section-end\"><\/span><\/h2>\n<p>Le seul cookie que nous activons nous-m\u00eames est celui qui garde la trace de votre choix de langue.<\/p>\n<h2 class=\"wp-block-heading\"><span class=\"ez-toc-section\" id=\"Contenu_integre_dautres_sites\"><\/span>Contenu int\u00e9gr\u00e9 d&rsquo;autres sites<span class=\"ez-toc-section-end\"><\/span><\/h2>\n<\/p>\n<p>Certaines pages de ce site renvoient \u00e0 des contenus externes (fichiers audio et vid\u00e9o). Ceux-ci se trouvent sur des sites web qui ne sont pas g\u00e9r\u00e9s par l&rsquo;asbl Topa. Ce contenu se comporte exactement comme si vous aviez visit\u00e9 cet autre site. Celui-ci peut collecter des donn\u00e9es vous concernant, utiliser des cookies, int\u00e9grer un suivi suppl\u00e9mentaire de la part de tiers et surveiller votre interaction avec ce contenu int\u00e9gr\u00e9.   <\/p>\n<h2 class=\"wp-block-heading\"><span class=\"ez-toc-section\" id=\"Avec_qui_nous_partageons_vos_donnees\"><\/span>Avec qui nous partageons vos donn\u00e9es<span class=\"ez-toc-section-end\"><\/span><\/h2>\n<p>Les donn\u00e9es fournies en remplissant le formulaire de contact ne figurent pas sur le site web, mais nous sont communiqu\u00e9es par courrier \u00e9lectronique. Ces donn\u00e9es ne sont trait\u00e9es qu&rsquo;en interne et conserv\u00e9es aussi longtemps qu&rsquo;elles peuvent nous \u00eatre utiles. <\/p>\n\t\t\t\t\t\t\t\t<\/div>\n\t\t\t\t<\/div>\n\t\t\t\t\t<\/div>\n\t\t\t\t<\/div>\n\t\t\t\t<\/div>\n\t\t","protected":false},"excerpt":{"rendered":"<p>Qui nous sommes Ce site web fait partie du projet \u00ab\u00a0Les ma\u00eetres flamands sortent de l&rsquo;ombre\u00a0\u00bb \u00e9labor\u00e9 par TOPA vzw, [&hellip;]<\/p>\n","protected":false},"author":1,"featured_media":0,"parent":0,"menu_order":900,"comment_status":"closed","ping_status":"closed","template":"","meta":{"site-sidebar-layout":"default","site-content-layout":"","ast-site-content-layout":"default","site-content-style":"default","site-sidebar-style":"default","ast-global-header-display":"","ast-banner-title-visibility":"","ast-main-header-display":"","ast-hfb-above-header-display":"","ast-hfb-below-header-display":"","ast-hfb-mobile-header-display":"","site-post-title":"","ast-breadcrumbs-content":"","ast-featured-img":"","footer-sml-layout":"","ast-disable-related-posts":"","theme-transparent-header-meta":"","adv-header-id-meta":"","stick-header-meta":"","header-above-stick-meta":"","header-main-stick-meta":"","header-below-stick-meta":"","astra-migrate-meta-layouts":"default","ast-page-background-enabled":"default","ast-page-background-meta":{"desktop":{"background-color":"var(--ast-global-color-4)","background-image":"","background-repeat":"repeat","background-position":"center center","background-size":"auto","background-attachment":"scroll","background-type":"","background-media":"","overlay-type":"","overlay-color":"","overlay-opacity":"","overlay-gradient":""},"tablet":{"background-color":"","background-image":"","background-repeat":"repeat","background-position":"center center","background-size":"auto","background-attachment":"scroll","background-type":"","background-media":"","overlay-type":"","overlay-color":"","overlay-opacity":"","overlay-gradient":""},"mobile":{"background-color":"","background-image":"","background-repeat":"repeat","background-position":"center center","background-size":"auto","background-attachment":"scroll","background-type":"","background-media":"","overlay-type":"","overlay-color":"","overlay-opacity":"","overlay-gradient":""}},"ast-content-background-meta":{"desktop":{"background-color":"var(--ast-global-color-5)","background-image":"","background-repeat":"repeat","background-position":"center center","background-size":"auto","background-attachment":"scroll","background-type":"","background-media":"","overlay-type":"","overlay-color":"","overlay-opacity":"","overlay-gradient":""},"tablet":{"background-color":"var(--ast-global-color-5)","background-image":"","background-repeat":"repeat","background-position":"center center","background-size":"auto","background-attachment":"scroll","background-type":"","background-media":"","overlay-type":"","overlay-color":"","overlay-opacity":"","overlay-gradient":""},"mobile":{"background-color":"var(--ast-global-color-5)","background-image":"","background-repeat":"repeat","background-position":"center center","background-size":"auto","background-attachment":"scroll","background-type":"","background-media":"","overlay-type":"","overlay-color":"","overlay-opacity":"","overlay-gradient":""}},"footnotes":""},"class_list":["post-3286","page","type-page","status-publish","hentry"],"aioseo_notices":[],"_links":{"self":[{"href":"https:\/\/rubens-antwerpen.be\/fr\/wp-json\/wp\/v2\/pages\/3286","targetHints":{"allow":["GET"]}}],"collection":[{"href":"https:\/\/rubens-antwerpen.be\/fr\/wp-json\/wp\/v2\/pages"}],"about":[{"href":"https:\/\/rubens-antwerpen.be\/fr\/wp-json\/wp\/v2\/types\/page"}],"author":[{"embeddable":true,"href":"https:\/\/rubens-antwerpen.be\/fr\/wp-json\/wp\/v2\/users\/1"}],"replies":[{"embeddable":true,"href":"https:\/\/rubens-antwerpen.be\/fr\/wp-json\/wp\/v2\/comments?post=3286"}],"version-history":[{"count":1,"href":"https:\/\/rubens-antwerpen.be\/fr\/wp-json\/wp\/v2\/pages\/3286\/revisions"}],"predecessor-version":[{"id":3287,"href":"https:\/\/rubens-antwerpen.be\/fr\/wp-json\/wp\/v2\/pages\/3286\/revisions\/3287"}],"wp:attachment":[{"href":"https:\/\/rubens-antwerpen.be\/fr\/wp-json\/wp\/v2\/media?parent=3286"}],"curies":[{"name":"wp","href":"https:\/\/api.w.org\/{rel}","templated":true}]}}